{"id":31925,"date":"2025-06-09T11:46:02","date_gmt":"2025-06-09T09:46:02","guid":{"rendered":"https:\/\/serverdedicato.lovenailsrivenditore.com\/?product=kodi-natural-top-04-7ml"},"modified":"2026-04-20T11:53:26","modified_gmt":"2026-04-20T09:53:26","slug":"kodi-natural-top-04-7ml","status":"publish","type":"product","link":"https:\/\/serverdedicato.lovenailsrivenditore.com\/?product=kodi-natural-top-04-7ml","title":{"rendered":"KODI &#8211; NATURAL TOP 04 &#8211; 7ml"},"content":{"rendered":"<p>La collezione Natural Top \u00e8 stata sviluppata dagli esperti del famoso marchio internazionale Kodi Professional, incarnando tutti i desideri.<\/p>\n<p>Facilit\u00e0 e comfort di applicazione, alta qualit\u00e0 e tenuta impeccabile della manicure, oltre a una delicata palette di attuali tonalit\u00e0 nude.<\/p>\n<p>La tonalit\u00e0 n. 4 \u00e8 un lilla chiaro.<\/p>\n<p>Grazie alla sua pigmentazione, il top copre perfettamente piccoli difetti e irregolarit\u00e0 dell&#8217;unghia. Pu\u00f2 essere utilizzato come strato singolo per un leggero effetto nude o per enfatizzare l&#8217;intensit\u00e0 del colore dello smalto in gel. Natural Top ha una consistenza medio-densa, \u00e8 facile da prelevare e distribuire uniformemente con un pennello, riducendo al minimo il rischio di dispersione. Conferisce al rivestimento decorativo la necessaria durata, mantenendo a lungo il risultato ideale.<\/p>\n<p><b>Modalit\u00e0 d&#8217;uso:<\/b><\/p>\n<ol>\n<li>Dopo aver applicato lo smalto in gel o la ricostruzione in gel, ricoprire l&#8217;intera superficie dell&#8217;unghia con uno strato di top coat del colore scelto (uno strato sottile o pi\u00f9 spesso, a seconda dell&#8217;effetto desiderato).<\/li>\n<li>Polimerizzare in lampada LED o ibrida per 2 minuti, in lampada UV per 3 minuti per una lucentezza perfetta.<\/li>\n<li>Dopo la polimerizzazione, lasciare raffreddare completamente.<\/li>\n<\/ol>\n","protected":false},"excerpt":{"rendered":"<p>La collezione Natural Top \u00e8 stata sviluppata dagli esperti del famoso marchio internazionale Kodi Professional, incarnando tutti i desideri.<\/p>\n<p>Facilit\u00e0 e comfort di applicazione, alta qualit\u00e0 e tenuta impeccabile della manicure, oltre a una delicata palette di attuali tonalit\u00e0 nude.<\/p>\n<p>La tonalit\u00e0 n. 4 \u00e8 un lilla chiaro.<\/p>\n<p>Grazie alla sua pigmentazione, il top copre perfettamente piccoli difetti e irregolarit\u00e0 dell&#8217;unghia. Pu\u00f2 essere utilizzato come strato singolo per un leggero effetto nude o per enfatizzare l&#8217;intensit\u00e0 del colore dello smalto in gel. Natural Top ha una consistenza medio-densa, \u00e8 facile da prelevare e distribuire uniformemente con un pennello, riducendo al minimo il rischio di dispersione. Conferisce al rivestimento decorativo la necessaria durata, mantenendo a lungo il risultato ideale.<\/p>\n<p><b>Modalit\u00e0 d&#8217;uso:<\/b><\/p>\n<ol>\n<li>Dopo aver applicato lo smalto in gel o la ricostruzione in gel, ricoprire l&#8217;intera superficie dell&#8217;unghia con uno strato di top coat del colore scelto (uno strato sottile o pi\u00f9 spesso, a seconda dell&#8217;effetto desiderato).<\/li>\n<li>Polimerizzare in lampada LED o ibrida per 2 minuti, in lampada UV per 3 minuti per una lucentezza perfetta.<\/li>\n<li>Dopo la polimerizzazione, lasciare raffreddare completamente.<\/li>\n<\/ol>\n","protected":false},"featured_media":31926,"comment_status":"closed","ping_status":"open","template":"","meta":[],"product_brand":[],"product_cat":[2667,202,2627,1509],"product_tag":[2769,2771,1577],"class_list":{"0":"post-31925","1":"product","2":"type-product","3":"status-publish","4":"has-post-thumbnail","6":"product_cat-finish-kodi","7":"product_cat-finish","8":"product_cat-kodi","9":"product_cat-top-brand-professionali-unghie","10":"product_tag-natural-top","11":"product_tag-top-naturale","12":"product_tag-top-senza-dispersione","14":"first","15":"instock","16":"shipping-taxable","17":"purchasable","18":"product-type-simple"},"_links":{"self":[{"href":"https:\/\/serverdedicato.lovenailsrivenditore.com\/index.php?rest_route=\/wp\/v2\/product\/31925","targetHints":{"allow":["GET"]}}],"collection":[{"href":"https:\/\/serverdedicato.lovenailsrivenditore.com\/index.php?rest_route=\/wp\/v2\/product"}],"about":[{"href":"https:\/\/serverdedicato.lovenailsrivenditore.com\/index.php?rest_route=\/wp\/v2\/types\/product"}],"replies":[{"embeddable":true,"href":"https:\/\/serverdedicato.lovenailsrivenditore.com\/index.php?rest_route=%2Fwp%2Fv2%2Fcomments&post=31925"}],"wp:featuredmedia":[{"embeddable":true,"href":"https:\/\/serverdedicato.lovenailsrivenditore.com\/index.php?rest_route=\/wp\/v2\/media\/31926"}],"wp:attachment":[{"href":"https:\/\/serverdedicato.lovenailsrivenditore.com\/index.php?rest_route=%2Fwp%2Fv2%2Fmedia&parent=31925"}],"wp:term":[{"taxonomy":"product_brand","embeddable":true,"href":"https:\/\/serverdedicato.lovenailsrivenditore.com\/index.php?rest_route=%2Fwp%2Fv2%2Fproduct_brand&post=31925"},{"taxonomy":"product_cat","embeddable":true,"href":"https:\/\/serverdedicato.lovenailsrivenditore.com\/index.php?rest_route=%2Fwp%2Fv2%2Fproduct_cat&post=31925"},{"taxonomy":"product_tag","embeddable":true,"href":"https:\/\/serverdedicato.lovenailsrivenditore.com\/index.php?rest_route=%2Fwp%2Fv2%2Fproduct_tag&post=31925"}],"curies":[{"name":"wp","href":"https:\/\/api.w.org\/{rel}","templated":true}]}}