{"id":32038,"date":"2025-06-10T13:22:10","date_gmt":"2025-06-10T11:22:10","guid":{"rendered":"https:\/\/serverdedicato.lovenailsrivenditore.com\/?product=sisters-aroma-pomegranate-30ml"},"modified":"2026-04-20T11:55:05","modified_gmt":"2026-04-20T09:55:05","slug":"sisters-aroma-pomegranate-30ml","status":"publish","type":"product","link":"https:\/\/serverdedicato.lovenailsrivenditore.com\/?product=sisters-aroma-pomegranate-30ml","title":{"rendered":"SISTERS AROMA &#8211; POMEGRANATE 30ml"},"content":{"rendered":"<div>Sentilo: la texture delicata della crema avvolge la tua pelle e il piacevole aroma di nicchia del melograno ti avvolge e la tua pelle \u00e8 piena di densa idratazione e vitalit\u00e0. E niente pi\u00f9 crepe sulla pelle. Tutto questo grazie alla nostra crema mani &#8220;Melograno&#8221;.<\/div>\n<ul>\n<li>Ha una consistenza equilibrata: non troppo leggera, ma nemmeno densa.<\/li>\n<li>A base di emulsione lamellare.<\/li>\n<li>Rigenera, protegge e idrata in profondit\u00e0 la pelle.<\/li>\n<li>Ha un denso aroma di nicchia di melograno, patchouli e pepe rosa.<\/li>\n<\/ul>\n","protected":false},"excerpt":{"rendered":"<div>Sentilo: la texture delicata della crema avvolge la tua pelle e il piacevole aroma di nicchia del melograno ti avvolge e la tua pelle \u00e8 piena di densa idratazione e vitalit\u00e0. E niente pi\u00f9 crepe sulla pelle. Tutto questo grazie alla nostra crema mani &#8220;Melograno&#8221;.<\/div>\n<ul>\n<li>Ha una consistenza equilibrata: non troppo leggera, ma nemmeno densa.<\/li>\n<li>A base di emulsione lamellare.<\/li>\n<li>Rigenera, protegge e idrata in profondit\u00e0 la pelle.<\/li>\n<li>Ha un denso aroma di nicchia di melograno, patchouli e pepe rosa.<\/li>\n<\/ul>\n","protected":false},"featured_media":32039,"comment_status":"closed","ping_status":"open","template":"","meta":[],"product_brand":[],"product_cat":[2778],"product_tag":[],"class_list":{"0":"post-32038","1":"product","2":"type-product","3":"status-publish","4":"has-post-thumbnail","6":"product_cat-sisters-aroma","8":"first","9":"instock","10":"shipping-taxable","11":"purchasable","12":"product-type-simple"},"_links":{"self":[{"href":"https:\/\/serverdedicato.lovenailsrivenditore.com\/index.php?rest_route=\/wp\/v2\/product\/32038","targetHints":{"allow":["GET"]}}],"collection":[{"href":"https:\/\/serverdedicato.lovenailsrivenditore.com\/index.php?rest_route=\/wp\/v2\/product"}],"about":[{"href":"https:\/\/serverdedicato.lovenailsrivenditore.com\/index.php?rest_route=\/wp\/v2\/types\/product"}],"replies":[{"embeddable":true,"href":"https:\/\/serverdedicato.lovenailsrivenditore.com\/index.php?rest_route=%2Fwp%2Fv2%2Fcomments&post=32038"}],"wp:featuredmedia":[{"embeddable":true,"href":"https:\/\/serverdedicato.lovenailsrivenditore.com\/index.php?rest_route=\/wp\/v2\/media\/32039"}],"wp:attachment":[{"href":"https:\/\/serverdedicato.lovenailsrivenditore.com\/index.php?rest_route=%2Fwp%2Fv2%2Fmedia&parent=32038"}],"wp:term":[{"taxonomy":"product_brand","embeddable":true,"href":"https:\/\/serverdedicato.lovenailsrivenditore.com\/index.php?rest_route=%2Fwp%2Fv2%2Fproduct_brand&post=32038"},{"taxonomy":"product_cat","embeddable":true,"href":"https:\/\/serverdedicato.lovenailsrivenditore.com\/index.php?rest_route=%2Fwp%2Fv2%2Fproduct_cat&post=32038"},{"taxonomy":"product_tag","embeddable":true,"href":"https:\/\/serverdedicato.lovenailsrivenditore.com\/index.php?rest_route=%2Fwp%2Fv2%2Fproduct_tag&post=32038"}],"curies":[{"name":"wp","href":"https:\/\/api.w.org\/{rel}","templated":true}]}}