{"id":32043,"date":"2025-06-10T13:50:05","date_gmt":"2025-06-10T11:50:05","guid":{"rendered":"https:\/\/serverdedicato.lovenailsrivenditore.com\/?product=sisters-aroma-crema-mani-wild-fig-30ml"},"modified":"2026-04-20T11:55:17","modified_gmt":"2026-04-20T09:55:17","slug":"sisters-aroma-crema-mani-wild-fig-30ml","status":"publish","type":"product","link":"https:\/\/serverdedicato.lovenailsrivenditore.com\/?product=sisters-aroma-crema-mani-wild-fig-30ml","title":{"rendered":"SISTERS AROMA &#8211; CREMA MANI &#8211; WILD FIG 30ml"},"content":{"rendered":"<div>Secchezza e screpolature sulle mani? Non ne sappiamo nulla. Questo perch\u00e9 la crema per le mani &#8220;Fico&#8221; nutre e idrata e accelera anche la rigenerazione. Grazie a ci\u00f2, la pelle \u00e8 sempre liscia ed elastica. Inoltre, la crema protegge la pelle delle mani dalle screpolature. Provalo tu stesso.<\/div>\n<ul>\n<li><span>Ha una consistenza equilibrata: non troppo leggera, ma nemmeno densa.<\/span><\/li>\n<li>A base di emulsione lamellare.<\/li>\n<li>Rigenera, protegge e idrata in profondit\u00e0 la pelle.<\/li>\n<li>Ha un denso aroma di nicchia di peonia, gelsomino e muschio.<\/li>\n<\/ul>\n","protected":false},"excerpt":{"rendered":"<div>Secchezza e screpolature sulle mani? Non ne sappiamo nulla. Questo perch\u00e9 la crema per le mani &#8220;Fico&#8221; nutre e idrata e accelera anche la rigenerazione. Grazie a ci\u00f2, la pelle \u00e8 sempre liscia ed elastica. Inoltre, la crema protegge la pelle delle mani dalle screpolature. Provalo tu stesso.<\/div>\n<ul>\n<li><span>Ha una consistenza equilibrata: non troppo leggera, ma nemmeno densa.<\/span><\/li>\n<li>A base di emulsione lamellare.<\/li>\n<li>Rigenera, protegge e idrata in profondit\u00e0 la pelle.<\/li>\n<li>Ha un denso aroma di nicchia di peonia, gelsomino e muschio.<\/li>\n<\/ul>\n","protected":false},"featured_media":32044,"comment_status":"closed","ping_status":"open","template":"","meta":[],"product_brand":[],"product_cat":[2778],"product_tag":[2684,2779,2781],"class_list":{"0":"post-32043","1":"product","2":"type-product","3":"status-publish","4":"has-post-thumbnail","6":"product_cat-sisters-aroma","7":"product_tag-crema-mani","8":"product_tag-sisters-aroma","9":"product_tag-wild-fig","11":"first","12":"instock","13":"shipping-taxable","14":"purchasable","15":"product-type-simple"},"_links":{"self":[{"href":"https:\/\/serverdedicato.lovenailsrivenditore.com\/index.php?rest_route=\/wp\/v2\/product\/32043","targetHints":{"allow":["GET"]}}],"collection":[{"href":"https:\/\/serverdedicato.lovenailsrivenditore.com\/index.php?rest_route=\/wp\/v2\/product"}],"about":[{"href":"https:\/\/serverdedicato.lovenailsrivenditore.com\/index.php?rest_route=\/wp\/v2\/types\/product"}],"replies":[{"embeddable":true,"href":"https:\/\/serverdedicato.lovenailsrivenditore.com\/index.php?rest_route=%2Fwp%2Fv2%2Fcomments&post=32043"}],"wp:featuredmedia":[{"embeddable":true,"href":"https:\/\/serverdedicato.lovenailsrivenditore.com\/index.php?rest_route=\/wp\/v2\/media\/32044"}],"wp:attachment":[{"href":"https:\/\/serverdedicato.lovenailsrivenditore.com\/index.php?rest_route=%2Fwp%2Fv2%2Fmedia&parent=32043"}],"wp:term":[{"taxonomy":"product_brand","embeddable":true,"href":"https:\/\/serverdedicato.lovenailsrivenditore.com\/index.php?rest_route=%2Fwp%2Fv2%2Fproduct_brand&post=32043"},{"taxonomy":"product_cat","embeddable":true,"href":"https:\/\/serverdedicato.lovenailsrivenditore.com\/index.php?rest_route=%2Fwp%2Fv2%2Fproduct_cat&post=32043"},{"taxonomy":"product_tag","embeddable":true,"href":"https:\/\/serverdedicato.lovenailsrivenditore.com\/index.php?rest_route=%2Fwp%2Fv2%2Fproduct_tag&post=32043"}],"curies":[{"name":"wp","href":"https:\/\/api.w.org\/{rel}","templated":true}]}}