{"id":32088,"date":"2025-06-10T15:09:25","date_gmt":"2025-06-10T13:09:25","guid":{"rendered":"https:\/\/serverdedicato.lovenailsrivenditore.com\/?product=sisters-aroma-care-mascara-85gr"},"modified":"2026-04-20T11:57:10","modified_gmt":"2026-04-20T09:57:10","slug":"sisters-aroma-care-mascara-85gr","status":"publish","type":"product","link":"https:\/\/serverdedicato.lovenailsrivenditore.com\/?product=sisters-aroma-care-mascara-85gr","title":{"rendered":"SISTERS AROMA &#8211; CARE MASCARA &#8211; 8,5gr"},"content":{"rendered":"<div>\u00c8 Smart perch\u00e9 \u00e8 realizzato con la tecnologia del mascara termotubolare, che aiuta a respingere l&#8217;umidit\u00e0. \u00c8 Care perch\u00e9 contiene un mix di componenti che si prenderanno cura delle ciglia mentre il mascara funziona per il tuo trucco.<\/div>\n<ul>\n<li>Rimane sulle ciglia per 48 ore senza desquamazione e occhiaie.<\/li>\n<li>Crea un volume naturale e allunga le ciglia.<\/li>\n<li>Idrata e nutre le ciglia con l&#8217;aiuto di aminoacidi, peptidi e ceramidi.<\/li>\n<li>Si lava via facilmente con acqua calda a circa 40\u00b0C.<\/li>\n<\/ul>\n<div><\/div>\n","protected":false},"excerpt":{"rendered":"<div>\u00c8 Smart perch\u00e9 \u00e8 realizzato con la tecnologia del mascara termotubolare, che aiuta a respingere l&#8217;umidit\u00e0. \u00c8 Care perch\u00e9 contiene un mix di componenti che si prenderanno cura delle ciglia mentre il mascara funziona per il tuo trucco.<\/div>\n<ul>\n<li>Rimane sulle ciglia per 48 ore senza desquamazione e occhiaie.<\/li>\n<li>Crea un volume naturale e allunga le ciglia.<\/li>\n<li>Idrata e nutre le ciglia con l&#8217;aiuto di aminoacidi, peptidi e ceramidi.<\/li>\n<li>Si lava via facilmente con acqua calda a circa 40\u00b0C.<\/li>\n<\/ul>\n","protected":false},"featured_media":32089,"comment_status":"closed","ping_status":"open","template":"","meta":[],"product_brand":[],"product_cat":[2778],"product_tag":[1867,2784,2779],"class_list":{"0":"post-32088","1":"product","2":"type-product","3":"status-publish","4":"has-post-thumbnail","6":"product_cat-sisters-aroma","7":"product_tag-mascara","8":"product_tag-mascara-care","9":"product_tag-sisters-aroma","11":"first","12":"instock","13":"shipping-taxable","14":"purchasable","15":"product-type-simple"},"_links":{"self":[{"href":"https:\/\/serverdedicato.lovenailsrivenditore.com\/index.php?rest_route=\/wp\/v2\/product\/32088","targetHints":{"allow":["GET"]}}],"collection":[{"href":"https:\/\/serverdedicato.lovenailsrivenditore.com\/index.php?rest_route=\/wp\/v2\/product"}],"about":[{"href":"https:\/\/serverdedicato.lovenailsrivenditore.com\/index.php?rest_route=\/wp\/v2\/types\/product"}],"replies":[{"embeddable":true,"href":"https:\/\/serverdedicato.lovenailsrivenditore.com\/index.php?rest_route=%2Fwp%2Fv2%2Fcomments&post=32088"}],"wp:featuredmedia":[{"embeddable":true,"href":"https:\/\/serverdedicato.lovenailsrivenditore.com\/index.php?rest_route=\/wp\/v2\/media\/32089"}],"wp:attachment":[{"href":"https:\/\/serverdedicato.lovenailsrivenditore.com\/index.php?rest_route=%2Fwp%2Fv2%2Fmedia&parent=32088"}],"wp:term":[{"taxonomy":"product_brand","embeddable":true,"href":"https:\/\/serverdedicato.lovenailsrivenditore.com\/index.php?rest_route=%2Fwp%2Fv2%2Fproduct_brand&post=32088"},{"taxonomy":"product_cat","embeddable":true,"href":"https:\/\/serverdedicato.lovenailsrivenditore.com\/index.php?rest_route=%2Fwp%2Fv2%2Fproduct_cat&post=32088"},{"taxonomy":"product_tag","embeddable":true,"href":"https:\/\/serverdedicato.lovenailsrivenditore.com\/index.php?rest_route=%2Fwp%2Fv2%2Fproduct_tag&post=32088"}],"curies":[{"name":"wp","href":"https:\/\/api.w.org\/{rel}","templated":true}]}}