{"id":32181,"date":"2025-06-16T12:15:25","date_gmt":"2025-06-16T10:15:25","guid":{"rendered":"https:\/\/serverdedicato.lovenailsrivenditore.com\/?product=kodi-crema-mani-filler-50ml"},"modified":"2026-04-20T12:00:13","modified_gmt":"2026-04-20T10:00:13","slug":"kodi-crema-mani-filler-50ml","status":"publish","type":"product","link":"https:\/\/serverdedicato.lovenailsrivenditore.com\/?product=kodi-crema-mani-filler-50ml","title":{"rendered":"KODI &#8211; CREMA MANI FILLER &#8211; 50ml"},"content":{"rendered":"<p><span>La pelle delle mani \u00e8 uno dei principali indicatori per valutare la cura di una donna. Sbalzi di temperatura, esposizione ai raggi ultravioletti aggressivi e ai prodotti chimici domestici: questi fattori possono disidratare la pelle e provocarne un rapido invecchiamento.<\/span><\/p>\n<p><span>I massimi esperti del laboratorio del marchio Kodi Professional sono riusciti a sviluppare una formula unica per la CREMA MANI-FILLER, che ricrea a casa l&#8217;effetto di un trattamento da salone. La crema rende la pelle immediatamente pi\u00f9 morbida e idratata, levigando le piccole rughe. Dona alla pelle una piacevole sensazione vellutata, proteggendola dagli agenti esterni negativi.<\/span><\/p>\n<p><span>La composizione di HAND CREAM-FILLER \u00e8 arricchita con prezioso burro di karit\u00e9 naturale. Questo componente nutre in profondit\u00e0 le cellule, regola l&#8217;equilibrio idrico e rafforza la barriera lipidica protettiva dell&#8217;epidermide. L&#8217;acido ialuronico, invece, mantiene il livello di idratazione e attiva i processi di rigenerazione, preservando la giovinezza della pelle. La crema ha una consistenza piacevole, si distribuisce facilmente e si assorbe immediatamente, lasciando sulla pelle un delicato profumo<\/span><\/p>\n<p><strong><span>Modo d&#8217;uso:\u00a0<\/span><\/strong><span>applicare una piccola quantit\u00e0 di crema sulla pelle delle mani e massaggiare delicatamente. Adatto all&#8217;uso quotidiano.<\/span><\/p>\n<p><strong><span>Ingredienti\u00a0<\/span><\/strong><strong><span>:\u00a0<\/span><\/strong><span>Acqua, Caprilico, Glicerina, Butyrospermum Parkii (Burro di karit\u00e9), Alcol stearilico, Vinil dimeticone crosspolimero, Gliceril stearato SE, Saccarosio stearato, Idrossietil acrilato, Fenossietanolo, Butilene glicole, Silice, Cetearil glucoside, Fragranza, Polimetilsilsesquiossano, Dimeticone, Isoesadecano, Cetearil meticone, Clorfenesina, Etilesilglicerina, Acido ialuronico, PEG-40 stearato, Steareth-2, Steareth-21, Limonene, Alcol benzilico<\/span><\/p>\n","protected":false},"excerpt":{"rendered":"<p>La pelle delle mani \u00e8 uno dei principali indicatori per valutare la cura di una donna. Sbalzi di temperatura, esposizione ai raggi ultravioletti aggressivi e ai prodotti chimici domestici: questi fattori possono disidratare la pelle e provocarne un rapido invecchiamento.<\/p>\n<p>I massimi esperti del laboratorio del marchio Kodi Professional sono riusciti a sviluppare una formula unica per la CREMA MANI-FILLER, che ricrea a casa l&#8217;effetto di un trattamento da salone. La crema rende la pelle immediatamente pi\u00f9 morbida e idratata, levigando le piccole rughe. Dona alla pelle una piacevole sensazione vellutata, proteggendola dagli agenti esterni negativi.<\/p>\n<p>La composizione di HAND CREAM-FILLER \u00e8 arricchita con prezioso burro di karit\u00e9 naturale. Questo componente nutre in profondit\u00e0 le cellule, regola l&#8217;equilibrio idrico e rafforza la barriera lipidica protettiva dell&#8217;epidermide. L&#8217;acido ialuronico, invece, mantiene il livello di idratazione e attiva i processi di rigenerazione, preservando la giovinezza della pelle. La crema ha una consistenza piacevole, si distribuisce facilmente e si assorbe immediatamente, lasciando sulla pelle un delicato profumo<\/p>\n","protected":false},"featured_media":32182,"comment_status":"closed","ping_status":"open","template":"","meta":[],"product_brand":[],"product_cat":[2627,1509],"product_tag":[2793,2684,2794],"class_list":{"0":"post-32181","1":"product","2":"type-product","3":"status-publish","4":"has-post-thumbnail","6":"product_cat-kodi","7":"product_cat-top-brand-professionali-unghie","8":"product_tag-burro-di-karite","9":"product_tag-crema-mani","10":"product_tag-kodi-crema","12":"first","13":"instock","14":"shipping-taxable","15":"purchasable","16":"product-type-simple"},"_links":{"self":[{"href":"https:\/\/serverdedicato.lovenailsrivenditore.com\/index.php?rest_route=\/wp\/v2\/product\/32181","targetHints":{"allow":["GET"]}}],"collection":[{"href":"https:\/\/serverdedicato.lovenailsrivenditore.com\/index.php?rest_route=\/wp\/v2\/product"}],"about":[{"href":"https:\/\/serverdedicato.lovenailsrivenditore.com\/index.php?rest_route=\/wp\/v2\/types\/product"}],"replies":[{"embeddable":true,"href":"https:\/\/serverdedicato.lovenailsrivenditore.com\/index.php?rest_route=%2Fwp%2Fv2%2Fcomments&post=32181"}],"wp:featuredmedia":[{"embeddable":true,"href":"https:\/\/serverdedicato.lovenailsrivenditore.com\/index.php?rest_route=\/wp\/v2\/media\/32182"}],"wp:attachment":[{"href":"https:\/\/serverdedicato.lovenailsrivenditore.com\/index.php?rest_route=%2Fwp%2Fv2%2Fmedia&parent=32181"}],"wp:term":[{"taxonomy":"product_brand","embeddable":true,"href":"https:\/\/serverdedicato.lovenailsrivenditore.com\/index.php?rest_route=%2Fwp%2Fv2%2Fproduct_brand&post=32181"},{"taxonomy":"product_cat","embeddable":true,"href":"https:\/\/serverdedicato.lovenailsrivenditore.com\/index.php?rest_route=%2Fwp%2Fv2%2Fproduct_cat&post=32181"},{"taxonomy":"product_tag","embeddable":true,"href":"https:\/\/serverdedicato.lovenailsrivenditore.com\/index.php?rest_route=%2Fwp%2Fv2%2Fproduct_tag&post=32181"}],"curies":[{"name":"wp","href":"https:\/\/api.w.org\/{rel}","templated":true}]}}