{"id":32184,"date":"2025-06-17T13:17:12","date_gmt":"2025-06-17T11:17:12","guid":{"rendered":"https:\/\/serverdedicato.lovenailsrivenditore.com\/?product=yoshi-professional-mermagic-n-177-moonqua-6ml"},"modified":"2026-04-20T12:00:14","modified_gmt":"2026-04-20T10:00:14","slug":"yoshi-professional-mermagic-n-177-moonqua-6ml","status":"publish","type":"product","link":"https:\/\/serverdedicato.lovenailsrivenditore.com\/?product=yoshi-professional-mermagic-n-177-moonqua-6ml","title":{"rendered":"YOSHI PROFESSIONAL &#8211; MERMAGIC n.177 &#8211; MOONQUA 6ml"},"content":{"rendered":"<p>La collezione Mermagic \u00e8 una vera essenza di lucentezza ed eleganza che trasformer\u00e0 le tue unghie. Con le sue tonalit\u00e0 uniche e i riflessi olografici, ogni stile acquisisce un carattere unico. Questi smalti donano sicurezza e fanno s\u00ec che le tue unghie catturino lo sguardo in ogni momento. Mermagic \u00e8 la scelta ideale per le donne che desiderano portare un tocco di magia marina nella loro vita quotidiana.<\/p>\n<h4><span>n.177 Moonqua:<\/span><\/h4>\n<p><span>Moonqua \u00e8 una tonalit\u00e0 turchese intenso che, con particelle olografiche, crea l&#8217;effetto di un&#8217;acqua marina. C&#8217;\u00e8 qualcosa di magico in questo colore, come l&#8217;acqua di notte sotto la luna piena. La sua delicatezza, ma anche la sua profondit\u00e0, rendono Moonqua ideale per lo styling serale, quando vuoi attirare l&#8217;attenzione e aggiungere un tocco unico alle tue unghie.<\/span><\/p>\n","protected":false},"excerpt":{"rendered":"<p>La collezione Mermagic \u00e8 una vera essenza di lucentezza ed eleganza che trasformer\u00e0 le tue unghie. Con le sue tonalit\u00e0 uniche e i riflessi olografici, ogni stile acquisisce un carattere unico. Questi smalti donano sicurezza e fanno s\u00ec che le tue unghie catturino lo sguardo in ogni momento. Mermagic \u00e8 la scelta ideale per le donne che desiderano portare un tocco di magia marina nella loro vita quotidiana.<\/p>\n<h4>n.177 Moonqua:<\/h4>\n<p>Moonqua \u00e8 una tonalit\u00e0 turchese intenso che, con particelle olografiche, crea l&#8217;effetto di un&#8217;acqua marina. C&#8217;\u00e8 qualcosa di magico in questo colore, come l&#8217;acqua di notte sotto la luna piena. La sua delicatezza, ma anche la sua profondit\u00e0, rendono Moonqua ideale per lo styling serale, quando vuoi attirare l&#8217;attenzione e aggiungere un tocco unico alle tue unghie.<\/p>\n","protected":false},"featured_media":32185,"comment_status":"closed","ping_status":"open","template":"","meta":[],"product_brand":[],"product_cat":[2796,2795],"product_tag":[2087,2797,2798],"class_list":{"0":"post-32184","1":"product","2":"type-product","3":"status-publish","4":"has-post-thumbnail","6":"product_cat-colori-semipermanenti","7":"product_cat-yoshi","8":"product_tag-effetto-sirena","9":"product_tag-marmaid","10":"product_tag-yoshi","12":"first","13":"instock","14":"shipping-taxable","15":"purchasable","16":"product-type-simple"},"_links":{"self":[{"href":"https:\/\/serverdedicato.lovenailsrivenditore.com\/index.php?rest_route=\/wp\/v2\/product\/32184","targetHints":{"allow":["GET"]}}],"collection":[{"href":"https:\/\/serverdedicato.lovenailsrivenditore.com\/index.php?rest_route=\/wp\/v2\/product"}],"about":[{"href":"https:\/\/serverdedicato.lovenailsrivenditore.com\/index.php?rest_route=\/wp\/v2\/types\/product"}],"replies":[{"embeddable":true,"href":"https:\/\/serverdedicato.lovenailsrivenditore.com\/index.php?rest_route=%2Fwp%2Fv2%2Fcomments&post=32184"}],"wp:featuredmedia":[{"embeddable":true,"href":"https:\/\/serverdedicato.lovenailsrivenditore.com\/index.php?rest_route=\/wp\/v2\/media\/32185"}],"wp:attachment":[{"href":"https:\/\/serverdedicato.lovenailsrivenditore.com\/index.php?rest_route=%2Fwp%2Fv2%2Fmedia&parent=32184"}],"wp:term":[{"taxonomy":"product_brand","embeddable":true,"href":"https:\/\/serverdedicato.lovenailsrivenditore.com\/index.php?rest_route=%2Fwp%2Fv2%2Fproduct_brand&post=32184"},{"taxonomy":"product_cat","embeddable":true,"href":"https:\/\/serverdedicato.lovenailsrivenditore.com\/index.php?rest_route=%2Fwp%2Fv2%2Fproduct_cat&post=32184"},{"taxonomy":"product_tag","embeddable":true,"href":"https:\/\/serverdedicato.lovenailsrivenditore.com\/index.php?rest_route=%2Fwp%2Fv2%2Fproduct_tag&post=32184"}],"curies":[{"name":"wp","href":"https:\/\/api.w.org\/{rel}","templated":true}]}}