{"id":32524,"date":"2025-06-21T11:48:55","date_gmt":"2025-06-21T09:48:55","guid":{"rendered":"https:\/\/serverdedicato.lovenailsrivenditore.com\/?product=yoshi-gel-easy-pro-cover-dark-50ml"},"modified":"2026-04-20T12:06:09","modified_gmt":"2026-04-20T10:06:09","slug":"yoshi-gel-easy-pro-cover-dark-50ml","status":"publish","type":"product","link":"https:\/\/serverdedicato.lovenailsrivenditore.com\/?product=yoshi-gel-easy-pro-cover-dark-50ml","title":{"rendered":"YOSHI &#8211; GEL EASY PRO &#8211; COVER DARK- 50ml"},"content":{"rendered":"<p><strong>Easy PRO<\/strong>\u00a0\u00e8 una linea di gel modellanti pensata per garantire comfort e durata. Grazie alla\u00a0<strong>loro consistenza autolivellante<\/strong>\u00a0, si stendono facilmente, creando una superficie perfettamente liscia e riducendo i tempi di lavoro in salone.<\/p>\n<p>I gel\u00a0<strong>Easy PRO<\/strong> sono un&#8217;ottima scelta sia per gli allungamenti\u00a0che per i lavori sulle unghie naturali. La loro flessibilit\u00e0, resistenza ai danni e l&#8217;eccezionale comfort di applicazione rendono ogni styling ancora pi\u00f9 facile e preciso.<\/p>\n<p><strong>Vantaggi del prodotto:<\/strong><\/p>\n<ul>\n<li>La consistenza autolivellante consente una distribuzione uniforme del gel e facilita la modellazione delle unghie.<\/li>\n<li>Non cola e non inonda le cuticole, garantendo un lavoro preciso.<\/li>\n<li>La formula flessibile ma durevole garantisce resistenza ai danni meccanici e ai fattori esterni.<\/li>\n<li>La ridotta temperatura di polimerizzazione riduce al minimo la sensazione di bruciore nella lampada, aumentando il comfort di lavoro.<\/li>\n<li>Facile da limare, il che riduce i tempi di styling e facilita la rifinitura della forma.<\/li>\n<\/ul>\n<p>Splendida tonalit\u00e0 coprente con una copertura del 70%. Copre con una tonalit\u00e0 pi\u00f9 scura, perfetta per le donne che amano il colore naturale<\/p>\n<p>&nbsp;<\/p>\n","protected":false},"excerpt":{"rendered":"<p><strong>Easy PRO<\/strong>\u00a0\u00e8 una linea di gel modellanti pensata per garantire comfort e durata. Grazie alla\u00a0<strong>loro consistenza autolivellante<\/strong>\u00a0, si stendono facilmente, creando una superficie perfettamente liscia e riducendo i tempi di lavoro in salone.<\/p>\n<p>I gel\u00a0<strong>Easy PRO<\/strong> sono un&#8217;ottima scelta sia per gli allungamenti\u00a0che per i lavori sulle unghie naturali. La loro flessibilit\u00e0, resistenza ai danni e l&#8217;eccezionale comfort di applicazione rendono ogni styling ancora pi\u00f9 facile e preciso.<\/p>\n<p><strong>Vantaggi del prodotto:<\/strong><\/p>\n<ul>\n<li>La consistenza autolivellante consente una distribuzione uniforme del gel e facilita la modellazione delle unghie.<\/li>\n<li>Non cola e non inonda le cuticole, garantendo un lavoro preciso.<\/li>\n<li>La formula flessibile ma durevole garantisce resistenza ai danni meccanici e ai fattori esterni.<\/li>\n<li>La ridotta temperatura di polimerizzazione riduce al minimo la sensazione di bruciore nella lampada, aumentando il comfort di lavoro.<\/li>\n<li>Facile da limare, il che riduce i tempi di styling e facilita la rifinitura della forma.<\/li>\n<\/ul>\n<p>Splendida tonalit\u00e0 coprente con una copertura del 70%. Copre con una tonalit\u00e0 pi\u00f9 scura, perfetta per le donne che amano il colore naturale<\/p>\n","protected":false},"featured_media":32525,"comment_status":"closed","ping_status":"open","template":"","meta":[],"product_brand":[],"product_cat":[2807,224,223,2795],"product_tag":[2808,2809,2033],"class_list":{"0":"post-32524","1":"product","2":"type-product","3":"status-publish","4":"has-post-thumbnail","6":"product_cat-costruttori-yoshi","7":"product_cat-costruttori","8":"product_cat-gel-uv","9":"product_cat-yoshi","10":"product_tag-easy","11":"product_tag-gel-autolivellante","12":"product_tag-gel-costruttore","14":"first","15":"instock","16":"shipping-taxable","17":"purchasable","18":"product-type-simple"},"_links":{"self":[{"href":"https:\/\/serverdedicato.lovenailsrivenditore.com\/index.php?rest_route=\/wp\/v2\/product\/32524","targetHints":{"allow":["GET"]}}],"collection":[{"href":"https:\/\/serverdedicato.lovenailsrivenditore.com\/index.php?rest_route=\/wp\/v2\/product"}],"about":[{"href":"https:\/\/serverdedicato.lovenailsrivenditore.com\/index.php?rest_route=\/wp\/v2\/types\/product"}],"replies":[{"embeddable":true,"href":"https:\/\/serverdedicato.lovenailsrivenditore.com\/index.php?rest_route=%2Fwp%2Fv2%2Fcomments&post=32524"}],"wp:featuredmedia":[{"embeddable":true,"href":"https:\/\/serverdedicato.lovenailsrivenditore.com\/index.php?rest_route=\/wp\/v2\/media\/32525"}],"wp:attachment":[{"href":"https:\/\/serverdedicato.lovenailsrivenditore.com\/index.php?rest_route=%2Fwp%2Fv2%2Fmedia&parent=32524"}],"wp:term":[{"taxonomy":"product_brand","embeddable":true,"href":"https:\/\/serverdedicato.lovenailsrivenditore.com\/index.php?rest_route=%2Fwp%2Fv2%2Fproduct_brand&post=32524"},{"taxonomy":"product_cat","embeddable":true,"href":"https:\/\/serverdedicato.lovenailsrivenditore.com\/index.php?rest_route=%2Fwp%2Fv2%2Fproduct_cat&post=32524"},{"taxonomy":"product_tag","embeddable":true,"href":"https:\/\/serverdedicato.lovenailsrivenditore.com\/index.php?rest_route=%2Fwp%2Fv2%2Fproduct_tag&post=32524"}],"curies":[{"name":"wp","href":"https:\/\/api.w.org\/{rel}","templated":true}]}}