{"id":32954,"date":"2025-06-27T14:11:29","date_gmt":"2025-06-27T12:11:29","guid":{"rendered":"https:\/\/serverdedicato.lovenailsrivenditore.com\/?product=luna-diamond-gel-n-06-15ml"},"modified":"2026-04-20T12:13:26","modified_gmt":"2026-04-20T10:13:26","slug":"luna-diamond-gel-n-06-15ml","status":"publish","type":"product","link":"https:\/\/serverdedicato.lovenailsrivenditore.com\/?product=luna-diamond-gel-n-06-15ml","title":{"rendered":"LUNA &#8211; DIAMOND GEL n.06 &#8211; 15ml"},"content":{"rendered":"<p><strong>Gel Diamond<\/strong><\/p>\n<p>Effetto Diamante!<\/p>\n<p>Caratteristiche:<\/p>\n<ul>\n<li>Senza acidi.<\/li>\n<li>Fornisce ammortizzazione e non si crepa in caso di impatto.<\/li>\n<li>Consistenza media (non troppo liquida, n\u00e9 troppo densa).<\/li>\n<li>Pigmentazione media, copre il margine libero.<\/li>\n<li>Adatto alla tecnica &#8220;senza limatura&#8221;.<\/li>\n<li>Adatto all&#8217;allungamento<\/li>\n<li>Non provoca calore in lampada.<\/li>\n<li>Diventa pi\u00f9 spesso con le temperature fredde e pi\u00f9 sottile con le temperature calde.<\/li>\n<li>Tissotropico: diventa pi\u00f9 fluido durante l&#8217;applicazione con movimenti del pennello.<\/li>\n<li>Indurisce fino a uno spessore di 1 mm; se lo spessore \u00e8 inferiore a 1 mm, potrebbe flettersi leggermente, ma ci\u00f2 non ne compromette la durabilit\u00e0<\/li>\n<li>Non si restringe e sostiene bene l&#8217;architettatura<\/li>\n<li>Richiede l&#8217;utilizzo della base<\/li>\n<\/ul>\n","protected":false},"excerpt":{"rendered":"<p><strong>Gel Diamond<\/strong><\/p>\n<p>Effetto Diamante!<\/p>\n<p>Caratteristiche:<\/p>\n<ul>\n<li>Senza acidi.<\/li>\n<li>Fornisce ammortizzazione e non si crepa in caso di impatto.<\/li>\n<li>Consistenza media (non troppo liquida, n\u00e9 troppo densa).<\/li>\n<li>Pigmentazione media, copre il margine libero.<\/li>\n<li>Adatto alla tecnica &#8220;senza limatura&#8221;.<\/li>\n<li>Adatto all&#8217;allungamento<\/li>\n<li>Non provoca calore in lampada.<\/li>\n<li>Diventa pi\u00f9 spesso con le temperature fredde e pi\u00f9 sottile con le temperature calde.<\/li>\n<li>Tissotropico: diventa pi\u00f9 fluido durante l&#8217;applicazione con movimenti del pennello.<\/li>\n<li>Indurisce fino a uno spessore di 1 mm; se lo spessore \u00e8 inferiore a 1 mm, potrebbe flettersi leggermente, ma ci\u00f2 non ne compromette la durabilit\u00e0<\/li>\n<li>Non si restringe e sostiene bene l&#8217;architettatura<\/li>\n<li>Richiede l&#8217;utilizzo della base<\/li>\n<\/ul>\n","protected":false},"featured_media":32955,"comment_status":"closed","ping_status":"open","template":"","meta":[],"product_brand":[],"product_cat":[2618,2488],"product_tag":[2671,2672],"class_list":{"0":"post-32954","1":"product","2":"type-product","3":"status-publish","4":"has-post-thumbnail","6":"product_cat-costruttori-luna","7":"product_cat-luna","8":"product_tag-diamond-gel","9":"product_tag-gel-builder","11":"first","12":"instock","13":"shipping-taxable","14":"purchasable","15":"product-type-simple"},"_links":{"self":[{"href":"https:\/\/serverdedicato.lovenailsrivenditore.com\/index.php?rest_route=\/wp\/v2\/product\/32954","targetHints":{"allow":["GET"]}}],"collection":[{"href":"https:\/\/serverdedicato.lovenailsrivenditore.com\/index.php?rest_route=\/wp\/v2\/product"}],"about":[{"href":"https:\/\/serverdedicato.lovenailsrivenditore.com\/index.php?rest_route=\/wp\/v2\/types\/product"}],"replies":[{"embeddable":true,"href":"https:\/\/serverdedicato.lovenailsrivenditore.com\/index.php?rest_route=%2Fwp%2Fv2%2Fcomments&post=32954"}],"wp:featuredmedia":[{"embeddable":true,"href":"https:\/\/serverdedicato.lovenailsrivenditore.com\/index.php?rest_route=\/wp\/v2\/media\/32955"}],"wp:attachment":[{"href":"https:\/\/serverdedicato.lovenailsrivenditore.com\/index.php?rest_route=%2Fwp%2Fv2%2Fmedia&parent=32954"}],"wp:term":[{"taxonomy":"product_brand","embeddable":true,"href":"https:\/\/serverdedicato.lovenailsrivenditore.com\/index.php?rest_route=%2Fwp%2Fv2%2Fproduct_brand&post=32954"},{"taxonomy":"product_cat","embeddable":true,"href":"https:\/\/serverdedicato.lovenailsrivenditore.com\/index.php?rest_route=%2Fwp%2Fv2%2Fproduct_cat&post=32954"},{"taxonomy":"product_tag","embeddable":true,"href":"https:\/\/serverdedicato.lovenailsrivenditore.com\/index.php?rest_route=%2Fwp%2Fv2%2Fproduct_tag&post=32954"}],"curies":[{"name":"wp","href":"https:\/\/api.w.org\/{rel}","templated":true}]}}