{"id":33045,"date":"2025-07-03T11:11:26","date_gmt":"2025-07-03T09:11:26","guid":{"rendered":"https:\/\/serverdedicato.lovenailsrivenditore.com\/?product=molly-nails-milky-coffee-by-monika-szlosarczyk-50gr"},"modified":"2026-04-20T12:14:49","modified_gmt":"2026-04-20T10:14:49","slug":"molly-nails-milky-coffee-by-monika-szlosarczyk-50gr","status":"publish","type":"product","link":"https:\/\/serverdedicato.lovenailsrivenditore.com\/?product=molly-nails-milky-coffee-by-monika-szlosarczyk-50gr","title":{"rendered":"MOLLY NAILS- MILKY COFFEE By Monika Szl\u00f3sarczyk &#8211; 50gr"},"content":{"rendered":"<div class=\"lRu31\" dir=\"ltr\">\n<p>Gel costruttore autolivellante con memoria tissotropica, adatto a coperture\/refill e allungamenti sia con nail form che dual form.<\/p>\n<div id=\"ow10\">La sua consistenza permette di lavorare in modo rapido ed \u00e8 soprattutto adatto alla tecnica senza limatura.<\/div>\n<div>Ha una bassa temperatura di polimerizzazione il che permette di lavorare senza che la cliente avverti sensazione di calore.<\/div>\n<\/div>\n<div><\/div>\n<div>COLORE:<\/p>\n<ul>\n<li><strong>Milky Coffee:<\/strong>\u00a0un beige freddo che si adatta come un camaleonte a qualsiasi carnagione. La tonalit\u00e0 delicata e intramontabile di questo colore aggiunge sobriet\u00e0 allo styling.<\/li>\n<\/ul>\n<\/div>\n<div class=\"lRu31\" dir=\"ltr\">\n<div><\/div>\n<div>\u00c8 perfetto per correggere e ricostruire ed \u00e8 indicato per persone di tutti i livelli di abilit\u00e0.<\/div>\n<div>Richiede l&#8217;utilizzo di una base.<\/div>\n<div>La sua colorazione molto naturale con copertura tra l&#8217;80\/90% \u00e8 indicata per creare babyboomer e french con effetto molto naturale.<\/div>\n<div>Polimerizza in 60s<\/div>\n<div>Pinzatura dopo 15\/20s<\/div>\n<\/div>\n<div><\/div>\n<div class=\"UdTY9 WdefRb\" aria-hidden=\"true\" data-location=\"2\"><\/div>\n","protected":false},"excerpt":{"rendered":"<div class=\"lRu31\" dir=\"ltr\">\n<p>Gel costruttore autolivellante con memoria tissotropica, adatto a coperture\/refill e allungamenti sia con nail form che dual form.<\/p>\n<div id=\"ow10\">La sua consistenza permette di lavorare in modo rapido ed \u00e8 soprattutto adatto alla tecnica senza limatura.<\/div>\n<div>Ha una bassa temperatura di polimerizzazione il che permette di lavorare senza che la cliente avverti sensazione di calore.<\/div>\n<\/div>\n<div><\/div>\n<div>COLORE:<\/p>\n<ul>\n<li><strong>Milky Coffee:<\/strong>\u00a0un beige freddo che si adatta come un camaleonte a qualsiasi carnagione. La tonalit\u00e0 delicata e intramontabile di questo colore aggiunge sobriet\u00e0 allo styling.<\/li>\n<\/ul>\n<\/div>\n<div class=\"lRu31\" dir=\"ltr\">\n<div><\/div>\n<div>\u00c8 perfetto per correggere e ricostruire ed \u00e8 indicato per persone di tutti i livelli di abilit\u00e0.<\/div>\n<div>Richiede l&#8217;utilizzo di una base.<\/div>\n<div>La sua colorazione molto naturale con copertura tra l&#8217;80\/90% \u00e8 indicata per creare babyboomer e french con effetto molto naturale.<\/div>\n<div>Polimerizza in 60s<\/div>\n<div>Pinzatura dopo 15\/20s<\/div>\n<\/div>\n","protected":false},"featured_media":33046,"comment_status":"closed","ping_status":"open","template":"","meta":[],"product_brand":[],"product_cat":[225,81],"product_tag":[509,965,227,234],"class_list":{"0":"post-33045","1":"product","2":"type-product","3":"status-publish","4":"has-post-thumbnail","6":"product_cat-costruttori-molly-lac","7":"product_cat-molly-lac","8":"product_tag-baby-boomer","9":"product_tag-cappuccino","10":"product_tag-costruttore","11":"product_tag-nude","13":"first","14":"instock","15":"shipping-taxable","16":"purchasable","17":"product-type-simple"},"_links":{"self":[{"href":"https:\/\/serverdedicato.lovenailsrivenditore.com\/index.php?rest_route=\/wp\/v2\/product\/33045","targetHints":{"allow":["GET"]}}],"collection":[{"href":"https:\/\/serverdedicato.lovenailsrivenditore.com\/index.php?rest_route=\/wp\/v2\/product"}],"about":[{"href":"https:\/\/serverdedicato.lovenailsrivenditore.com\/index.php?rest_route=\/wp\/v2\/types\/product"}],"replies":[{"embeddable":true,"href":"https:\/\/serverdedicato.lovenailsrivenditore.com\/index.php?rest_route=%2Fwp%2Fv2%2Fcomments&post=33045"}],"wp:featuredmedia":[{"embeddable":true,"href":"https:\/\/serverdedicato.lovenailsrivenditore.com\/index.php?rest_route=\/wp\/v2\/media\/33046"}],"wp:attachment":[{"href":"https:\/\/serverdedicato.lovenailsrivenditore.com\/index.php?rest_route=%2Fwp%2Fv2%2Fmedia&parent=33045"}],"wp:term":[{"taxonomy":"product_brand","embeddable":true,"href":"https:\/\/serverdedicato.lovenailsrivenditore.com\/index.php?rest_route=%2Fwp%2Fv2%2Fproduct_brand&post=33045"},{"taxonomy":"product_cat","embeddable":true,"href":"https:\/\/serverdedicato.lovenailsrivenditore.com\/index.php?rest_route=%2Fwp%2Fv2%2Fproduct_cat&post=33045"},{"taxonomy":"product_tag","embeddable":true,"href":"https:\/\/serverdedicato.lovenailsrivenditore.com\/index.php?rest_route=%2Fwp%2Fv2%2Fproduct_tag&post=33045"}],"curies":[{"name":"wp","href":"https:\/\/api.w.org\/{rel}","templated":true}]}}