{"id":33071,"date":"2025-07-05T11:11:08","date_gmt":"2025-07-05T09:11:08","guid":{"rendered":"https:\/\/serverdedicato.lovenailsrivenditore.com\/?product=saga-professional-rubber-base-soft-15ml"},"modified":"2026-04-20T12:15:07","modified_gmt":"2026-04-20T10:15:07","slug":"saga-professional-rubber-base-soft-15ml","status":"publish","type":"product","link":"https:\/\/serverdedicato.lovenailsrivenditore.com\/?product=saga-professional-rubber-base-soft-15ml","title":{"rendered":"SAGA Professional &#8211; Rubber base SOFT 15ml"},"content":{"rendered":"<p><span>Saga Rubber Soft Base \u00e8 una base creata per preparare le unghie prima dell&#8217;applicazione di smalti semipermanenti, camouflage e gel strutturanti. La sua texture morbida garantisce un&#8217;adesione affidabile alla lamina ungueale naturale, prevenendo la desquamazione e la scheggiatura del rivestimento. Poich\u00e9 la Saga Transparent Soft Base ha un&#8217;elevata acidit\u00e0, si consiglia di applicarla in uno strato sottile, utilizzando un pennello piatto per una distribuzione uniforme e accelerare il processo di asciugatura. La polimerizzazione richiede 2 minuti in lampada UV da 36 W o 30-60 secondi in lampada LED.<\/span><\/p>\n<p>&nbsp;<\/p>\n<p><span>Come usare la base morbida trasparente Saga:<\/span><\/p>\n<p><span>&#8211; Prepara le unghie: fai una manicure, rimuovi i resti della cuticola e sgrassa la superficie dell&#8217;unghia.<\/span><br \/>\n<span>&#8211; Prendi una piccola quantit\u00e0 di materiale con il pennellino.<\/span><br \/>\n<span>&#8211; Applica la base sull&#8217;unghia in uno strato sottile, distribuendolo uniformemente su tutta la superficie.<\/span><br \/>\n<span>&#8211; Fai particolare attenzione al livello della cuticola e ai bordi laterali dell&#8217;unghia per evitare che la base entri in contatto con la pelle.<\/span><br \/>\n<span>&#8211; Lascia polimerizzare in lampada<\/span><\/p>\n<section class=\"product-single description-section mb-4\">\n<div id=\"product-tab-description\" class=\"product-description\" data-height=\"500\" data-more=\"Di pi\u00f9\">\n<div class=\"row\">\n<div class=\"col-12 mt-2\">\n<div class=\"description-content\">\n<p><strong>SAGA Professional Rubber Base SOFT 15 ml<\/strong>\u00a0\u00e8 un prodotto affidabile e di alta qualit\u00e0 che ti aiuter\u00e0 a creare una manicure bella e duratura.<\/p>\n<\/div>\n<\/div>\n<\/div>\n<\/div>\n<\/section>\n<section class=\"review-section\">\n<div class=\"title-link-wrapper no-link\"><\/div>\n<\/section>\n","protected":false},"excerpt":{"rendered":"<p>Saga Rubber Soft Base \u00e8 una base creata per preparare le unghie prima dell&#8217;applicazione di smalti semipermanenti, camouflage e gel strutturanti. La sua texture morbida garantisce un&#8217;adesione affidabile alla lamina ungueale naturale, prevenendo la desquamazione e la scheggiatura del rivestimento. Poich\u00e9 la Saga Transparent Soft Base ha un&#8217;elevata acidit\u00e0, si consiglia di applicarla in uno strato sottile, utilizzando un pennello piatto per una distribuzione uniforme e accelerare il processo di asciugatura. La polimerizzazione richiede 2 minuti in lampada UV da 36 W o 30-60 secondi in lampada LED.<\/p>\n<section class=\"product-single description-section mb-4\">\n<div id=\"product-tab-description\" class=\"product-description\" data-height=\"500\" data-more=\"Di pi\u00f9\">\n<div class=\"row\">\n<div class=\"col-12 mt-2\">\n<div class=\"description-content\">\n<p><strong>SAGA Professional Rubber Base SOFT 15 ml<\/strong>\u00a0\u00e8 un prodotto affidabile e di alta qualit\u00e0 che ti aiuter\u00e0 a creare una manicure bella e duratura.<\/p>\n<\/div>\n<\/div>\n<\/div>\n<\/div>\n<\/section>\n","protected":false},"featured_media":33072,"comment_status":"closed","ping_status":"open","template":"","meta":[],"product_brand":[],"product_cat":[240,2837,2836,239],"product_tag":[2838,268,2839],"class_list":{"0":"post-33071","1":"product","2":"type-product","3":"status-publish","4":"has-post-thumbnail","6":"product_cat-base","7":"product_cat-base-saga-professional","8":"product_cat-saga-professional","9":"product_cat-semipermanente","10":"product_tag-base-saga","11":"product_tag-rubber-base","12":"product_tag-rubber-base-soft","14":"first","15":"instock","16":"shipping-taxable","17":"purchasable","18":"product-type-simple"},"_links":{"self":[{"href":"https:\/\/serverdedicato.lovenailsrivenditore.com\/index.php?rest_route=\/wp\/v2\/product\/33071","targetHints":{"allow":["GET"]}}],"collection":[{"href":"https:\/\/serverdedicato.lovenailsrivenditore.com\/index.php?rest_route=\/wp\/v2\/product"}],"about":[{"href":"https:\/\/serverdedicato.lovenailsrivenditore.com\/index.php?rest_route=\/wp\/v2\/types\/product"}],"replies":[{"embeddable":true,"href":"https:\/\/serverdedicato.lovenailsrivenditore.com\/index.php?rest_route=%2Fwp%2Fv2%2Fcomments&post=33071"}],"wp:featuredmedia":[{"embeddable":true,"href":"https:\/\/serverdedicato.lovenailsrivenditore.com\/index.php?rest_route=\/wp\/v2\/media\/33072"}],"wp:attachment":[{"href":"https:\/\/serverdedicato.lovenailsrivenditore.com\/index.php?rest_route=%2Fwp%2Fv2%2Fmedia&parent=33071"}],"wp:term":[{"taxonomy":"product_brand","embeddable":true,"href":"https:\/\/serverdedicato.lovenailsrivenditore.com\/index.php?rest_route=%2Fwp%2Fv2%2Fproduct_brand&post=33071"},{"taxonomy":"product_cat","embeddable":true,"href":"https:\/\/serverdedicato.lovenailsrivenditore.com\/index.php?rest_route=%2Fwp%2Fv2%2Fproduct_cat&post=33071"},{"taxonomy":"product_tag","embeddable":true,"href":"https:\/\/serverdedicato.lovenailsrivenditore.com\/index.php?rest_route=%2Fwp%2Fv2%2Fproduct_tag&post=33071"}],"curies":[{"name":"wp","href":"https:\/\/api.w.org\/{rel}","templated":true}]}}