{"id":33086,"date":"2025-07-07T11:26:10","date_gmt":"2025-07-07T09:26:10","guid":{"rendered":"https:\/\/serverdedicato.lovenailsrivenditore.com\/?product=saga-professional-strong-base-15ml"},"modified":"2026-04-20T12:15:15","modified_gmt":"2026-04-20T10:15:15","slug":"saga-professional-strong-base-15ml","status":"publish","type":"product","link":"https:\/\/serverdedicato.lovenailsrivenditore.com\/?product=saga-professional-strong-base-15ml","title":{"rendered":"SAGA Professional &#8211; STRONG BASE &#8211; 15ml"},"content":{"rendered":"<p>La base in gomma professionale SAGA STRONG \u00e8 una base a bassa acidit\u00e0, adatta anche per livellare la lamina ungueale.<\/p>\n<p>\u00c8 pi\u00f9 densa, ma confortevole da lavorare. Pu\u00f2 essere applicata con un pennellino direttamente dal flacone, creando un piccolo strato livellante.<\/p>\n<p>E&#8217; adatta anche per la pedicure, la base STRONG \u00e8 ideale da applicare in uno strato molto sottile.<\/p>\n<p>Lasciar polimerizzare per 1 minuto.<\/p>\n","protected":false},"excerpt":{"rendered":"<p>La base in gomma professionale SAGA STRONG \u00e8 una base a bassa acidit\u00e0, adatta anche per livellare la lamina ungueale.<\/p>\n<p>\u00c8 pi\u00f9 densa, ma confortevole da lavorare. Pu\u00f2 essere applicata con un pennellino direttamente dal flacone, creando un piccolo strato livellante.<\/p>\n<p>E&#8217; adatta anche per la pedicure, la base STRONG \u00e8 ideale da applicare in uno strato molto sottile.<\/p>\n<p>Lasciar polimerizzare per 1 minuto.<\/p>\n","protected":false},"featured_media":33087,"comment_status":"closed","ping_status":"open","template":"","meta":[],"product_brand":[],"product_cat":[2837,2836],"product_tag":[2838,1527],"class_list":{"0":"post-33086","1":"product","2":"type-product","3":"status-publish","4":"has-post-thumbnail","6":"product_cat-base-saga-professional","7":"product_cat-saga-professional","8":"product_tag-base-saga","9":"product_tag-strong-base","11":"first","12":"instock","13":"shipping-taxable","14":"purchasable","15":"product-type-simple"},"_links":{"self":[{"href":"https:\/\/serverdedicato.lovenailsrivenditore.com\/index.php?rest_route=\/wp\/v2\/product\/33086","targetHints":{"allow":["GET"]}}],"collection":[{"href":"https:\/\/serverdedicato.lovenailsrivenditore.com\/index.php?rest_route=\/wp\/v2\/product"}],"about":[{"href":"https:\/\/serverdedicato.lovenailsrivenditore.com\/index.php?rest_route=\/wp\/v2\/types\/product"}],"replies":[{"embeddable":true,"href":"https:\/\/serverdedicato.lovenailsrivenditore.com\/index.php?rest_route=%2Fwp%2Fv2%2Fcomments&post=33086"}],"wp:featuredmedia":[{"embeddable":true,"href":"https:\/\/serverdedicato.lovenailsrivenditore.com\/index.php?rest_route=\/wp\/v2\/media\/33087"}],"wp:attachment":[{"href":"https:\/\/serverdedicato.lovenailsrivenditore.com\/index.php?rest_route=%2Fwp%2Fv2%2Fmedia&parent=33086"}],"wp:term":[{"taxonomy":"product_brand","embeddable":true,"href":"https:\/\/serverdedicato.lovenailsrivenditore.com\/index.php?rest_route=%2Fwp%2Fv2%2Fproduct_brand&post=33086"},{"taxonomy":"product_cat","embeddable":true,"href":"https:\/\/serverdedicato.lovenailsrivenditore.com\/index.php?rest_route=%2Fwp%2Fv2%2Fproduct_cat&post=33086"},{"taxonomy":"product_tag","embeddable":true,"href":"https:\/\/serverdedicato.lovenailsrivenditore.com\/index.php?rest_route=%2Fwp%2Fv2%2Fproduct_tag&post=33086"}],"curies":[{"name":"wp","href":"https:\/\/api.w.org\/{rel}","templated":true}]}}