{"id":33089,"date":"2025-07-07T11:34:40","date_gmt":"2025-07-07T09:34:40","guid":{"rendered":"https:\/\/serverdedicato.lovenailsrivenditore.com\/?product=saga-professional-top-expert-15ml"},"modified":"2026-04-20T12:15:17","modified_gmt":"2026-04-20T10:15:17","slug":"saga-professional-top-expert-15ml","status":"publish","type":"product","link":"https:\/\/serverdedicato.lovenailsrivenditore.com\/?product=saga-professional-top-expert-15ml","title":{"rendered":"SAGA Professional &#8211; TOP EXPERT &#8211; 15ml"},"content":{"rendered":"<p><span>Saga Professional Top Expert\u00a0 \u00e8 sinonimo di Brillantezza perfetta e propriet\u00e0 eccezionali!<\/span><\/p>\n<p><span> L&#8217;Expert ha superato con successo i principali test di flessione. Si \u00e8 livellato e non si \u00e8 crepato, il che significa una rigidit\u00e0 ottimale combinata con la flessibilit\u00e0 richiesta quando applicato in strati sottili. Grazie a questo top la brillantezza dura a lungo!<\/span><\/p>\n<h3><span>Vantaggio di Top EXPERT:<\/span><\/h3>\n<ul>\n<li><span>spessore medio;<\/span><\/li>\n<li><span>senza dispersione;<\/span><\/li>\n<li>facilit\u00e0 d&#8217;uso<\/li>\n<li><span>non forma bolle;<\/span><\/li>\n<li><span>ha un elevato grado di autolivellamento;<\/span><\/li>\n<li><span>contiene potenti filtri UV.<\/span><\/li>\n<\/ul>\n<p><span>Volume: 15 ml<\/span><\/p>\n<p><span>Polimerizzazione in lampada UV 2 minuti, in lampade LED, UV\/LED e ibride: 30 secondi (48 watt), 60 secondi (meno di 48 watt).<\/span><\/p>\n","protected":false},"excerpt":{"rendered":"<p>Saga Professional Top Expert\u00a0 \u00e8 sinonimo di Brillantezza perfetta e propriet\u00e0 eccezionali!<\/p>\n<p>L&#8217;Expert ha superato con successo i principali test di flessione. Si \u00e8 livellato e non si \u00e8 crepato, il che significa una rigidit\u00e0 ottimale combinata con la flessibilit\u00e0 richiesta quando applicato in strati sottili. Grazie a questo top la brillantezza dura a lungo!<\/p>\n","protected":false},"featured_media":33090,"comment_status":"closed","ping_status":"open","template":"","meta":[],"product_brand":[],"product_cat":[2840,202,2836],"product_tag":[2844,634,2845],"class_list":{"0":"post-33089","1":"product","2":"type-product","3":"status-publish","4":"has-post-thumbnail","6":"product_cat-finish-saga-professional","7":"product_cat-finish","8":"product_cat-saga-professional","9":"product_tag-expert-saga","10":"product_tag-finish","11":"product_tag-top-expert","13":"first","14":"instock","15":"shipping-taxable","16":"purchasable","17":"product-type-simple"},"_links":{"self":[{"href":"https:\/\/serverdedicato.lovenailsrivenditore.com\/index.php?rest_route=\/wp\/v2\/product\/33089","targetHints":{"allow":["GET"]}}],"collection":[{"href":"https:\/\/serverdedicato.lovenailsrivenditore.com\/index.php?rest_route=\/wp\/v2\/product"}],"about":[{"href":"https:\/\/serverdedicato.lovenailsrivenditore.com\/index.php?rest_route=\/wp\/v2\/types\/product"}],"replies":[{"embeddable":true,"href":"https:\/\/serverdedicato.lovenailsrivenditore.com\/index.php?rest_route=%2Fwp%2Fv2%2Fcomments&post=33089"}],"wp:featuredmedia":[{"embeddable":true,"href":"https:\/\/serverdedicato.lovenailsrivenditore.com\/index.php?rest_route=\/wp\/v2\/media\/33090"}],"wp:attachment":[{"href":"https:\/\/serverdedicato.lovenailsrivenditore.com\/index.php?rest_route=%2Fwp%2Fv2%2Fmedia&parent=33089"}],"wp:term":[{"taxonomy":"product_brand","embeddable":true,"href":"https:\/\/serverdedicato.lovenailsrivenditore.com\/index.php?rest_route=%2Fwp%2Fv2%2Fproduct_brand&post=33089"},{"taxonomy":"product_cat","embeddable":true,"href":"https:\/\/serverdedicato.lovenailsrivenditore.com\/index.php?rest_route=%2Fwp%2Fv2%2Fproduct_cat&post=33089"},{"taxonomy":"product_tag","embeddable":true,"href":"https:\/\/serverdedicato.lovenailsrivenditore.com\/index.php?rest_route=%2Fwp%2Fv2%2Fproduct_tag&post=33089"}],"curies":[{"name":"wp","href":"https:\/\/api.w.org\/{rel}","templated":true}]}}