{"id":33570,"date":"2025-07-10T08:52:47","date_gmt":"2025-07-10T06:52:47","guid":{"rendered":"https:\/\/serverdedicato.lovenailsrivenditore.com\/?product=saga-professional-liquid-gel-n-42-15ml"},"modified":"2026-04-20T12:25:08","modified_gmt":"2026-04-20T10:25:08","slug":"saga-professional-liquid-gel-n-42-15ml","status":"publish","type":"product","link":"https:\/\/serverdedicato.lovenailsrivenditore.com\/?product=saga-professional-liquid-gel-n-42-15ml","title":{"rendered":"SAGA Professional &#8211; LIQUID GEL n.42 &#8211; 15ml"},"content":{"rendered":"<p>Il gel liquido Saga Liquid Gel \u00e8 un prodotto per l&#8217;allungamento e la correzione delle unghie, nonch\u00e9 per il rinforzo delle unghie naturali. Appartiene alla categoria dei rivestimenti &#8220;duri&#8221; e offre i seguenti vantaggi: consente di creare unghie di qualsiasi lunghezza con un&#8217;eccellente struttura e una tenuta pari a quella dei gel rigidi tradizionali, ma il processo di allungamento \u00e8 pi\u00f9 rapido e con un consumo ridotto di materiale.<\/p>\n<p>Saga Liquid Gel\u00a0 ha una consistenza liquida, simile a una base french, quindi \u00e8 facile da applicare e livellare senza stenderlo. Non necessita di lima, il che riduce il consumo di materiale. Prima dell&#8217;applicazione, per una migliore adesione, si consiglia l&#8217;utilizzo di una Rubber Base.<\/p>\n<p>Il tempo di polimerizzazione del gel in lampada UV \u00e8 di 2 minuti, mentre in lampada LED \u00e8 di 60 secondi. La serie professionale SAGA Liquid \u00e8 composta da materiali di altissima qualit\u00e0 che meritano la fiducia di esperte e principianti. Grazie ai test e all&#8217;attenta selezione della formula, il gel Saga\u00a0 non sviluppa calore durante la polimerizzazione.<\/p>\n<h4 class=\"tw-data-text tw-text-large tw-ta\" dir=\"ltr\" data-placeholder=\"Traduzione\" data-ved=\"2ahUKEwifkrKd9K-OAxVg3AIHHVVVOXsQ3ewLegQICRAV\" aria-label=\"Testo tradotto: Liquid Gel \u00e8 un gel modellante liquido per la modellazione delle unghie. Questo gel ha una viscosit\u00e0 media ed \u00e8 adatto per allungare, rinforzare e modellare le unghie sia per professionisti che per principianti. Questo gel facile da usare consente di creare rapidamente la struttura dell'unghia. \u00c8 autolivellante, sostiene bene l'arcata ed \u00e8 resistente alle deformazioni. \u00c8 adatto per allungamenti senza lima e per rinforzare le unghie. Il gel modellante non si stende sull'unghia; \u00e8 autolivellante e nasconde perfettamente le imperfezioni. A basso contenuto di acido, richiede una base. Modo d'uso: 1. Applicare lo smalto sul disegno selezionato sull'unghia utilizzando una spatola di plastica per distribuire uniformemente lo smalto e rimuovere l'eccesso. 2. Posizionare lo stampino sul disegno, premendo delicatamente. 3. Quindi trasferire il disegno dallo stampino all'unghia precedentemente preparata, premendo con decisione. 4. Attendere 20-30 secondi che lo smalto si asciughi. 5. Per fissare il disegno, applica uno strato di top coat ibrido a tua scelta e polimerizzalo nella lampada.\"><\/h4>\n","protected":false},"excerpt":{"rendered":"<p>Il gel liquido Saga Liquid Gel \u00e8 un prodotto per l&#8217;allungamento e la correzione delle unghie, nonch\u00e9 per il rinforzo delle unghie naturali. Appartiene alla categoria dei rivestimenti &#8220;duri&#8221; e offre i seguenti vantaggi: consente di creare unghie di qualsiasi lunghezza con un&#8217;eccellente struttura e una tenuta pari a quella dei gel rigidi tradizionali, ma il processo di allungamento \u00e8 pi\u00f9 rapido e con un consumo ridotto di materiale.<\/p>\n<p>Saga Liquid Gel\u00a0 ha una consistenza liquida, simile a una base french, quindi \u00e8 facile da applicare e livellare senza stenderlo. Non necessita di lima, il che riduce il consumo di materiale. Prima dell&#8217;applicazione, per una migliore adesione, si consiglia l&#8217;utilizzo di una Rubber Base.<\/p>\n<p>Il tempo di polimerizzazione del gel in lampada UV \u00e8 di 2 minuti, mentre in lampada LED \u00e8 di 60 secondi. La serie professionale SAGA Liquid \u00e8 composta da materiali di altissima qualit\u00e0 che meritano la fiducia di esperte e principianti. Grazie ai test e all&#8217;attenta selezione della formula, il gel Saga\u00a0 non sviluppa calore durante la polimerizzazione.<\/p>\n","protected":false},"featured_media":33571,"comment_status":"closed","ping_status":"open","template":"","meta":[],"product_brand":[],"product_cat":[224,223,2852,2836],"product_tag":[2809,2853],"class_list":{"0":"post-33570","1":"product","2":"type-product","3":"status-publish","4":"has-post-thumbnail","6":"product_cat-costruttori","7":"product_cat-gel-uv","8":"product_cat-liquid-gel","9":"product_cat-saga-professional","10":"product_tag-gel-autolivellante","11":"product_tag-liquid-gel","13":"first","14":"instock","15":"shipping-taxable","16":"purchasable","17":"product-type-simple"},"_links":{"self":[{"href":"https:\/\/serverdedicato.lovenailsrivenditore.com\/index.php?rest_route=\/wp\/v2\/product\/33570","targetHints":{"allow":["GET"]}}],"collection":[{"href":"https:\/\/serverdedicato.lovenailsrivenditore.com\/index.php?rest_route=\/wp\/v2\/product"}],"about":[{"href":"https:\/\/serverdedicato.lovenailsrivenditore.com\/index.php?rest_route=\/wp\/v2\/types\/product"}],"replies":[{"embeddable":true,"href":"https:\/\/serverdedicato.lovenailsrivenditore.com\/index.php?rest_route=%2Fwp%2Fv2%2Fcomments&post=33570"}],"wp:featuredmedia":[{"embeddable":true,"href":"https:\/\/serverdedicato.lovenailsrivenditore.com\/index.php?rest_route=\/wp\/v2\/media\/33571"}],"wp:attachment":[{"href":"https:\/\/serverdedicato.lovenailsrivenditore.com\/index.php?rest_route=%2Fwp%2Fv2%2Fmedia&parent=33570"}],"wp:term":[{"taxonomy":"product_brand","embeddable":true,"href":"https:\/\/serverdedicato.lovenailsrivenditore.com\/index.php?rest_route=%2Fwp%2Fv2%2Fproduct_brand&post=33570"},{"taxonomy":"product_cat","embeddable":true,"href":"https:\/\/serverdedicato.lovenailsrivenditore.com\/index.php?rest_route=%2Fwp%2Fv2%2Fproduct_cat&post=33570"},{"taxonomy":"product_tag","embeddable":true,"href":"https:\/\/serverdedicato.lovenailsrivenditore.com\/index.php?rest_route=%2Fwp%2Fv2%2Fproduct_tag&post=33570"}],"curies":[{"name":"wp","href":"https:\/\/api.w.org\/{rel}","templated":true}]}}