{"id":34107,"date":"2025-07-17T13:35:51","date_gmt":"2025-07-17T11:35:51","guid":{"rendered":"https:\/\/serverdedicato.lovenailsrivenditore.com\/?product=saga-professional-amber-cat-n-05-10ml"},"modified":"2026-04-20T12:37:15","modified_gmt":"2026-04-20T10:37:15","slug":"saga-professional-amber-cat-n-05-10ml","status":"publish","type":"product","link":"https:\/\/serverdedicato.lovenailsrivenditore.com\/?product=saga-professional-amber-cat-n-05-10ml","title":{"rendered":"SAGA Professional &#8211; AMBER CAT n.05 &#8211; 10ml"},"content":{"rendered":"<p>La collezione &#8220;Amber Cat&#8221;, una palette di smalti effetto &#8220;occhio di gatto&#8221;, che crea una brillantezza ambrate incredibilmente spettacolare. Le tonalit\u00e0 della palette sono intense e sature, e la manicure risulta elegante e accattivante. A seconda dell&#8217;angolazione della luce, sulle unghie appaiono riflessi spettacolari, che ricordano i giochi di luce sull&#8217;ambra.<\/p>\n<p>Lo smalto gel SAGA contiene particelle metallizzate. Sotto l&#8217;azione di un magnete, si muovono e creano una magica iridescenza. Applicandole sullo smalto, \u00e8 possibile creare riflessi di vario tipo: linee rette, curve, forme astratte. Per ottenere l&#8217;effetto desiderato, sollevare il magnete e muoverlo con diverse angolazioni.<\/p>\n<p>Lo smalto in gel Saga Cat Eye \u00e8 altamente pigmentato e copre l&#8217;unghia in modo uniforme in un solo strato. L&#8217;uso di una base \u00e8 facoltativo, ma Amber Cat \u00e8 perfetto sia su basi chiare che scure. Pu\u00f2 essere utilizzato in una variet\u00e0 di design: dalle classiche manicure monocromatiche alle sfumature creative e alle complesse composizioni artistiche.<\/p>\n<p>La consistenza media \u00e8 facile da lavorare. Lo smalto gel magnetico si applica in modo uniforme, non si stende e si distribuisce facilmente sull&#8217;unghia. La texture non cola sotto la cuticola e si stende in uno strato uniforme, creando una superficie perfettamente liscia.<\/p>\n","protected":false},"excerpt":{"rendered":"<p>La collezione &#8220;Amber Cat&#8221;, una palette di smalti effetto &#8220;occhio di gatto&#8221;, che crea una brillantezza ambrate incredibilmente spettacolare. Le tonalit\u00e0 della palette sono intense e sature, e la manicure risulta elegante e accattivante. A seconda dell&#8217;angolazione della luce, sulle unghie appaiono riflessi spettacolari, che ricordano i giochi di luce sull&#8217;ambra.<\/p>\n<p>Lo smalto gel SAGA contiene particelle metallizzate. Sotto l&#8217;azione di un magnete, si muovono e creano una magica iridescenza. Applicandole sullo smalto, \u00e8 possibile creare riflessi di vario tipo: linee rette, curve, forme astratte. Per ottenere l&#8217;effetto desiderato, sollevare il magnete e muoverlo con diverse angolazioni.<\/p>\n<p>Lo smalto in gel Saga Cat Eye \u00e8 altamente pigmentato e copre l&#8217;unghia in modo uniforme in un solo strato. L&#8217;uso di una base \u00e8 facoltativo, ma Amber Cat \u00e8 perfetto sia su basi chiare che scure. Pu\u00f2 essere utilizzato in una variet\u00e0 di design: dalle classiche manicure monocromatiche alle sfumature creative e alle complesse composizioni artistiche.<\/p>\n<p>La consistenza media \u00e8 facile da lavorare. Lo smalto gel magnetico si applica in modo uniforme, non si stende e si distribuisce facilmente sull&#8217;unghia. La texture non cola sotto la cuticola e si stende in uno strato uniforme, creando una superficie perfettamente liscia.<\/p>\n","protected":false},"featured_media":34108,"comment_status":"closed","ping_status":"open","template":"","meta":[],"product_brand":[],"product_cat":[2854,2836],"product_tag":[927,103,2806],"class_list":{"0":"post-34107","1":"product","2":"type-product","3":"status-publish","4":"has-post-thumbnail","6":"product_cat-colori-semipermanente-saga-professional","7":"product_cat-saga-professional","8":"product_tag-cat-eye","9":"product_tag-cat-eyes","10":"product_tag-occhio-di-gatto","12":"first","13":"instock","14":"shipping-taxable","15":"purchasable","16":"product-type-simple"},"_links":{"self":[{"href":"https:\/\/serverdedicato.lovenailsrivenditore.com\/index.php?rest_route=\/wp\/v2\/product\/34107","targetHints":{"allow":["GET"]}}],"collection":[{"href":"https:\/\/serverdedicato.lovenailsrivenditore.com\/index.php?rest_route=\/wp\/v2\/product"}],"about":[{"href":"https:\/\/serverdedicato.lovenailsrivenditore.com\/index.php?rest_route=\/wp\/v2\/types\/product"}],"replies":[{"embeddable":true,"href":"https:\/\/serverdedicato.lovenailsrivenditore.com\/index.php?rest_route=%2Fwp%2Fv2%2Fcomments&post=34107"}],"wp:featuredmedia":[{"embeddable":true,"href":"https:\/\/serverdedicato.lovenailsrivenditore.com\/index.php?rest_route=\/wp\/v2\/media\/34108"}],"wp:attachment":[{"href":"https:\/\/serverdedicato.lovenailsrivenditore.com\/index.php?rest_route=%2Fwp%2Fv2%2Fmedia&parent=34107"}],"wp:term":[{"taxonomy":"product_brand","embeddable":true,"href":"https:\/\/serverdedicato.lovenailsrivenditore.com\/index.php?rest_route=%2Fwp%2Fv2%2Fproduct_brand&post=34107"},{"taxonomy":"product_cat","embeddable":true,"href":"https:\/\/serverdedicato.lovenailsrivenditore.com\/index.php?rest_route=%2Fwp%2Fv2%2Fproduct_cat&post=34107"},{"taxonomy":"product_tag","embeddable":true,"href":"https:\/\/serverdedicato.lovenailsrivenditore.com\/index.php?rest_route=%2Fwp%2Fv2%2Fproduct_tag&post=34107"}],"curies":[{"name":"wp","href":"https:\/\/api.w.org\/{rel}","templated":true}]}}