{"id":34183,"date":"2025-07-18T09:47:38","date_gmt":"2025-07-18T07:47:38","guid":{"rendered":"https:\/\/serverdedicato.lovenailsrivenditore.com\/?product=saga-professional-cat-shine-n-10-10ml"},"modified":"2026-04-20T12:38:57","modified_gmt":"2026-04-20T10:38:57","slug":"saga-professional-cat-shine-n-10-10ml","status":"publish","type":"product","link":"https:\/\/serverdedicato.lovenailsrivenditore.com\/?product=saga-professional-cat-shine-n-10-10ml","title":{"rendered":"SAGA Professional &#8211; CAT SHINE n.10 &#8211; 10ml"},"content":{"rendered":"<h4 id=\"tw-target-text\" class=\"tw-data-text tw-text-large tw-ta\" dir=\"ltr\" data-placeholder=\"Traduzione\" data-ved=\"2ahUKEwjpuqGDiMSOAxUt-QIHHdooJX4Q3ewLegQICRAV\" aria-label=\"Testo tradotto: Lo smalto gel Saga Cat Shine Cat Eye ti aiuter\u00e0 a creare una manicure splendida, multiforme e a lunga durata. Gli smalti Saga sono di alta qualit\u00e0, altamente pigmentati e densi. Saga Cat Shine ha un'eccellente resistenza all'usura, \u00e8 facile da applicare e si autolivella sull'unghia. Una palette variegata di tonalit\u00e0 di Saga Cat Shine con effetto &quot;occhio di gatto&quot; ti permetter\u00e0 di creare una manicure straordinaria e unica, aggiungendo un tocco di brio sia a manicure stravaganti che a manicure realizzate in colori pastello. Prima di applicare lo smalto gel magnetico, \u00e8 necessario &quot;girarlo&quot; accuratamente tra le mani in modo che le particelle metalliche depositate sul fondo del barattolo si mescolino uniformemente a tutto il contenuto del flacone; \u00e8 necessario applicare lo smalto gel magnetico sull'unghia il pi\u00f9 rapidamente possibile, con diversi movimenti, senza lasciare spazi vuoti. Questo \u00e8 necessario per rendere l'effetto luminoso il pi\u00f9 netto e uniforme possibile su tutta la sua lunghezza. Per aumentare la saturazione dei riflessi e l'espressivit\u00e0 della stesura &quot;occhio di gatto&quot;, si consiglia di applicare uno smalto gel magnetico su un substrato realizzato in nero denso.\"><span class=\"Y2IQFc\" lang=\"it\">Lo smalto gel Saga Cat Shine Cat Eye ti aiuter\u00e0 a creare una manicure splendida, multiforme e a lunga durata. <\/span><\/h4>\n<h4 class=\"tw-data-text tw-text-large tw-ta\" dir=\"ltr\" data-placeholder=\"Traduzione\" data-ved=\"2ahUKEwjpuqGDiMSOAxUt-QIHHdooJX4Q3ewLegQICRAV\" aria-label=\"Testo tradotto: Lo smalto gel Saga Cat Shine Cat Eye ti aiuter\u00e0 a creare una manicure splendida, multiforme e a lunga durata. Gli smalti Saga sono di alta qualit\u00e0, altamente pigmentati e densi. Saga Cat Shine ha un'eccellente resistenza all'usura, \u00e8 facile da applicare e si autolivella sull'unghia. Una palette variegata di tonalit\u00e0 di Saga Cat Shine con effetto &quot;occhio di gatto&quot; ti permetter\u00e0 di creare una manicure straordinaria e unica, aggiungendo un tocco di brio sia a manicure stravaganti che a manicure realizzate in colori pastello. Prima di applicare lo smalto gel magnetico, \u00e8 necessario &quot;girarlo&quot; accuratamente tra le mani in modo che le particelle metalliche depositate sul fondo del barattolo si mescolino uniformemente a tutto il contenuto del flacone; \u00e8 necessario applicare lo smalto gel magnetico sull'unghia il pi\u00f9 rapidamente possibile, con diversi movimenti, senza lasciare spazi vuoti. Questo \u00e8 necessario per rendere l'effetto luminoso il pi\u00f9 netto e uniforme possibile su tutta la sua lunghezza. Per aumentare la saturazione dei riflessi e l'espressivit\u00e0 della stesura &quot;occhio di gatto&quot;, si consiglia di applicare uno smalto gel magnetico su un substrato realizzato in nero denso.\"><span class=\"Y2IQFc\" lang=\"it\">Gli smalti Saga sono di alta qualit\u00e0, altamente pigmentati e densi. Saga Cat Shine ha un&#8217;eccellente resistenza all&#8217;usura, \u00e8 facile da applicare e si autolivella sull&#8217;unghia.<\/span><\/h4>\n<h4 class=\"tw-data-text tw-text-large tw-ta\" dir=\"ltr\" data-placeholder=\"Traduzione\" data-ved=\"2ahUKEwjpuqGDiMSOAxUt-QIHHdooJX4Q3ewLegQICRAV\" aria-label=\"Testo tradotto: Lo smalto gel Saga Cat Shine Cat Eye ti aiuter\u00e0 a creare una manicure splendida, multiforme e a lunga durata. Gli smalti Saga sono di alta qualit\u00e0, altamente pigmentati e densi. Saga Cat Shine ha un'eccellente resistenza all'usura, \u00e8 facile da applicare e si autolivella sull'unghia. Una palette variegata di tonalit\u00e0 di Saga Cat Shine con effetto &quot;occhio di gatto&quot; ti permetter\u00e0 di creare una manicure straordinaria e unica, aggiungendo un tocco di brio sia a manicure stravaganti che a manicure realizzate in colori pastello. Prima di applicare lo smalto gel magnetico, \u00e8 necessario &quot;girarlo&quot; accuratamente tra le mani in modo che le particelle metalliche depositate sul fondo del barattolo si mescolino uniformemente a tutto il contenuto del flacone; \u00e8 necessario applicare lo smalto gel magnetico sull'unghia il pi\u00f9 rapidamente possibile, con diversi movimenti, senza lasciare spazi vuoti. Questo \u00e8 necessario per rendere l'effetto luminoso il pi\u00f9 netto e uniforme possibile su tutta la sua lunghezza. Per aumentare la saturazione dei riflessi e l'espressivit\u00e0 della stesura &quot;occhio di gatto&quot;, si consiglia di applicare uno smalto gel magnetico su un substrato realizzato in nero denso.\"><span class=\"Y2IQFc\" lang=\"it\"> Una palette variegata di tonalit\u00e0 di Saga Cat Shine con effetto &#8220;occhio di gatto&#8221; ti permetter\u00e0 di creare una manicure straordinaria e unica, aggiungendo un tocco di brio sia a manicure stravaganti che a manicure realizzate in colori pastello. <\/span><\/h4>\n<h4 class=\"tw-data-text tw-text-large tw-ta\" dir=\"ltr\" data-placeholder=\"Traduzione\" data-ved=\"2ahUKEwjpuqGDiMSOAxUt-QIHHdooJX4Q3ewLegQICRAV\" aria-label=\"Testo tradotto: Lo smalto gel Saga Cat Shine Cat Eye ti aiuter\u00e0 a creare una manicure splendida, multiforme e a lunga durata. Gli smalti Saga sono di alta qualit\u00e0, altamente pigmentati e densi. Saga Cat Shine ha un'eccellente resistenza all'usura, \u00e8 facile da applicare e si autolivella sull'unghia. Una palette variegata di tonalit\u00e0 di Saga Cat Shine con effetto &quot;occhio di gatto&quot; ti permetter\u00e0 di creare una manicure straordinaria e unica, aggiungendo un tocco di brio sia a manicure stravaganti che a manicure realizzate in colori pastello. Prima di applicare lo smalto gel magnetico, \u00e8 necessario &quot;girarlo&quot; accuratamente tra le mani in modo che le particelle metalliche depositate sul fondo del barattolo si mescolino uniformemente a tutto il contenuto del flacone; \u00e8 necessario applicare lo smalto gel magnetico sull'unghia il pi\u00f9 rapidamente possibile, con diversi movimenti, senza lasciare spazi vuoti. Questo \u00e8 necessario per rendere l'effetto luminoso il pi\u00f9 netto e uniforme possibile su tutta la sua lunghezza. Per aumentare la saturazione dei riflessi e l'espressivit\u00e0 della stesura &quot;occhio di gatto&quot;, si consiglia di applicare uno smalto gel magnetico su un substrato realizzato in nero denso.\"><span class=\"Y2IQFc\" lang=\"it\">Prima di applicare lo smalto gel magnetico, \u00e8 necessario &#8220;girarlo&#8221; accuratamente tra le mani in modo che le particelle metalliche depositate sul fondo del barattolo si mescolino uniformemente a tutto il contenuto del flacone; \u00e8 necessario applicare lo smalto gel magnetico sull&#8217;unghia il pi\u00f9 rapidamente possibile, con diversi movimenti, senza lasciare spazi vuoti. <\/span><\/h4>\n<h4 class=\"tw-data-text tw-text-large tw-ta\" dir=\"ltr\" data-placeholder=\"Traduzione\" data-ved=\"2ahUKEwjpuqGDiMSOAxUt-QIHHdooJX4Q3ewLegQICRAV\" aria-label=\"Testo tradotto: Lo smalto gel Saga Cat Shine Cat Eye ti aiuter\u00e0 a creare una manicure splendida, multiforme e a lunga durata. Gli smalti Saga sono di alta qualit\u00e0, altamente pigmentati e densi. Saga Cat Shine ha un'eccellente resistenza all'usura, \u00e8 facile da applicare e si autolivella sull'unghia. Una palette variegata di tonalit\u00e0 di Saga Cat Shine con effetto &quot;occhio di gatto&quot; ti permetter\u00e0 di creare una manicure straordinaria e unica, aggiungendo un tocco di brio sia a manicure stravaganti che a manicure realizzate in colori pastello. Prima di applicare lo smalto gel magnetico, \u00e8 necessario &quot;girarlo&quot; accuratamente tra le mani in modo che le particelle metalliche depositate sul fondo del barattolo si mescolino uniformemente a tutto il contenuto del flacone; \u00e8 necessario applicare lo smalto gel magnetico sull'unghia il pi\u00f9 rapidamente possibile, con diversi movimenti, senza lasciare spazi vuoti. Questo \u00e8 necessario per rendere l'effetto luminoso il pi\u00f9 netto e uniforme possibile su tutta la sua lunghezza. Per aumentare la saturazione dei riflessi e l'espressivit\u00e0 della stesura &quot;occhio di gatto&quot;, si consiglia di applicare uno smalto gel magnetico su un substrato realizzato in nero denso.\"><span class=\"Y2IQFc\" lang=\"it\">Questo \u00e8 necessario per rendere l&#8217;effetto luminoso il pi\u00f9 netto e uniforme possibile su tutta la sua lunghezza. Per aumentare la saturazione dei riflessi e l&#8217;espressivit\u00e0 della stesura &#8220;occhio di gatto&#8221;, si consiglia di applicare uno smalto gel magnetico su un substrato realizzato in nero denso.<\/span><\/h4>\n","protected":false},"excerpt":{"rendered":"<h4 id=\"tw-target-text\" class=\"tw-data-text tw-text-large tw-ta\" dir=\"ltr\" data-placeholder=\"Traduzione\" data-ved=\"2ahUKEwjpuqGDiMSOAxUt-QIHHdooJX4Q3ewLegQICRAV\" aria-label=\"Testo tradotto: Lo smalto gel Saga Cat Shine Cat Eye ti aiuter\u00e0 a creare una manicure splendida, multiforme e a lunga durata. Gli smalti Saga sono di alta qualit\u00e0, altamente pigmentati e densi. Saga Cat Shine ha un'eccellente resistenza all'usura, \u00e8 facile da applicare e si autolivella sull'unghia. Una palette variegata di tonalit\u00e0 di Saga Cat Shine con effetto &quot;occhio di gatto&quot; ti permetter\u00e0 di creare una manicure straordinaria e unica, aggiungendo un tocco di brio sia a manicure stravaganti che a manicure realizzate in colori pastello. Prima di applicare lo smalto gel magnetico, \u00e8 necessario &quot;girarlo&quot; accuratamente tra le mani in modo che le particelle metalliche depositate sul fondo del barattolo si mescolino uniformemente a tutto il contenuto del flacone; \u00e8 necessario applicare lo smalto gel magnetico sull'unghia il pi\u00f9 rapidamente possibile, con diversi movimenti, senza lasciare spazi vuoti. Questo \u00e8 necessario per rendere l'effetto luminoso il pi\u00f9 netto e uniforme possibile su tutta la sua lunghezza. Per aumentare la saturazione dei riflessi e l'espressivit\u00e0 della stesura &quot;occhio di gatto&quot;, si consiglia di applicare uno smalto gel magnetico su un substrato realizzato in nero denso.\"><span class=\"Y2IQFc\" lang=\"it\">Lo smalto gel Saga Cat Shine Cat Eye ti aiuter\u00e0 a creare una manicure splendida, multiforme e a lunga durata. <\/span><\/h4>\n<h4 class=\"tw-data-text tw-text-large tw-ta\" dir=\"ltr\" data-placeholder=\"Traduzione\" data-ved=\"2ahUKEwjpuqGDiMSOAxUt-QIHHdooJX4Q3ewLegQICRAV\" aria-label=\"Testo tradotto: Lo smalto gel Saga Cat Shine Cat Eye ti aiuter\u00e0 a creare una manicure splendida, multiforme e a lunga durata. Gli smalti Saga sono di alta qualit\u00e0, altamente pigmentati e densi. Saga Cat Shine ha un'eccellente resistenza all'usura, \u00e8 facile da applicare e si autolivella sull'unghia. Una palette variegata di tonalit\u00e0 di Saga Cat Shine con effetto &quot;occhio di gatto&quot; ti permetter\u00e0 di creare una manicure straordinaria e unica, aggiungendo un tocco di brio sia a manicure stravaganti che a manicure realizzate in colori pastello. Prima di applicare lo smalto gel magnetico, \u00e8 necessario &quot;girarlo&quot; accuratamente tra le mani in modo che le particelle metalliche depositate sul fondo del barattolo si mescolino uniformemente a tutto il contenuto del flacone; \u00e8 necessario applicare lo smalto gel magnetico sull'unghia il pi\u00f9 rapidamente possibile, con diversi movimenti, senza lasciare spazi vuoti. Questo \u00e8 necessario per rendere l'effetto luminoso il pi\u00f9 netto e uniforme possibile su tutta la sua lunghezza. Per aumentare la saturazione dei riflessi e l'espressivit\u00e0 della stesura &quot;occhio di gatto&quot;, si consiglia di applicare uno smalto gel magnetico su un substrato realizzato in nero denso.\"><span class=\"Y2IQFc\" lang=\"it\">Gli smalti Saga sono di alta qualit\u00e0, altamente pigmentati e densi. Saga Cat Shine ha un&#8217;eccellente resistenza all&#8217;usura, \u00e8 facile da applicare e si autolivella sull&#8217;unghia.<\/span><\/h4>\n<h4 class=\"tw-data-text tw-text-large tw-ta\" dir=\"ltr\" data-placeholder=\"Traduzione\" data-ved=\"2ahUKEwjpuqGDiMSOAxUt-QIHHdooJX4Q3ewLegQICRAV\" aria-label=\"Testo tradotto: Lo smalto gel Saga Cat Shine Cat Eye ti aiuter\u00e0 a creare una manicure splendida, multiforme e a lunga durata. Gli smalti Saga sono di alta qualit\u00e0, altamente pigmentati e densi. Saga Cat Shine ha un'eccellente resistenza all'usura, \u00e8 facile da applicare e si autolivella sull'unghia. Una palette variegata di tonalit\u00e0 di Saga Cat Shine con effetto &quot;occhio di gatto&quot; ti permetter\u00e0 di creare una manicure straordinaria e unica, aggiungendo un tocco di brio sia a manicure stravaganti che a manicure realizzate in colori pastello. Prima di applicare lo smalto gel magnetico, \u00e8 necessario &quot;girarlo&quot; accuratamente tra le mani in modo che le particelle metalliche depositate sul fondo del barattolo si mescolino uniformemente a tutto il contenuto del flacone; \u00e8 necessario applicare lo smalto gel magnetico sull'unghia il pi\u00f9 rapidamente possibile, con diversi movimenti, senza lasciare spazi vuoti. Questo \u00e8 necessario per rendere l'effetto luminoso il pi\u00f9 netto e uniforme possibile su tutta la sua lunghezza. Per aumentare la saturazione dei riflessi e l'espressivit\u00e0 della stesura &quot;occhio di gatto&quot;, si consiglia di applicare uno smalto gel magnetico su un substrato realizzato in nero denso.\"><span class=\"Y2IQFc\" lang=\"it\"> Una palette variegata di tonalit\u00e0 di Saga Cat Shine con effetto &#8220;occhio di gatto&#8221; ti permetter\u00e0 di creare una manicure straordinaria e unica, aggiungendo un tocco di brio sia a manicure stravaganti che a manicure realizzate in colori pastello. <\/span><\/h4>\n<h4 class=\"tw-data-text tw-text-large tw-ta\" dir=\"ltr\" data-placeholder=\"Traduzione\" data-ved=\"2ahUKEwjpuqGDiMSOAxUt-QIHHdooJX4Q3ewLegQICRAV\" aria-label=\"Testo tradotto: Lo smalto gel Saga Cat Shine Cat Eye ti aiuter\u00e0 a creare una manicure splendida, multiforme e a lunga durata. Gli smalti Saga sono di alta qualit\u00e0, altamente pigmentati e densi. Saga Cat Shine ha un'eccellente resistenza all'usura, \u00e8 facile da applicare e si autolivella sull'unghia. Una palette variegata di tonalit\u00e0 di Saga Cat Shine con effetto &quot;occhio di gatto&quot; ti permetter\u00e0 di creare una manicure straordinaria e unica, aggiungendo un tocco di brio sia a manicure stravaganti che a manicure realizzate in colori pastello. Prima di applicare lo smalto gel magnetico, \u00e8 necessario &quot;girarlo&quot; accuratamente tra le mani in modo che le particelle metalliche depositate sul fondo del barattolo si mescolino uniformemente a tutto il contenuto del flacone; \u00e8 necessario applicare lo smalto gel magnetico sull'unghia il pi\u00f9 rapidamente possibile, con diversi movimenti, senza lasciare spazi vuoti. Questo \u00e8 necessario per rendere l'effetto luminoso il pi\u00f9 netto e uniforme possibile su tutta la sua lunghezza. Per aumentare la saturazione dei riflessi e l'espressivit\u00e0 della stesura &quot;occhio di gatto&quot;, si consiglia di applicare uno smalto gel magnetico su un substrato realizzato in nero denso.\"><span class=\"Y2IQFc\" lang=\"it\">Prima di applicare lo smalto gel magnetico, \u00e8 necessario &#8220;girarlo&#8221; accuratamente tra le mani in modo che le particelle metalliche depositate sul fondo del barattolo si mescolino uniformemente a tutto il contenuto del flacone; \u00e8 necessario applicare lo smalto gel magnetico sull&#8217;unghia il pi\u00f9 rapidamente possibile, con diversi movimenti, senza lasciare spazi vuoti. <\/span><\/h4>\n<h4 class=\"tw-data-text tw-text-large tw-ta\" dir=\"ltr\" data-placeholder=\"Traduzione\" data-ved=\"2ahUKEwjpuqGDiMSOAxUt-QIHHdooJX4Q3ewLegQICRAV\" aria-label=\"Testo tradotto: Lo smalto gel Saga Cat Shine Cat Eye ti aiuter\u00e0 a creare una manicure splendida, multiforme e a lunga durata. Gli smalti Saga sono di alta qualit\u00e0, altamente pigmentati e densi. Saga Cat Shine ha un'eccellente resistenza all'usura, \u00e8 facile da applicare e si autolivella sull'unghia. Una palette variegata di tonalit\u00e0 di Saga Cat Shine con effetto &quot;occhio di gatto&quot; ti permetter\u00e0 di creare una manicure straordinaria e unica, aggiungendo un tocco di brio sia a manicure stravaganti che a manicure realizzate in colori pastello. Prima di applicare lo smalto gel magnetico, \u00e8 necessario &quot;girarlo&quot; accuratamente tra le mani in modo che le particelle metalliche depositate sul fondo del barattolo si mescolino uniformemente a tutto il contenuto del flacone; \u00e8 necessario applicare lo smalto gel magnetico sull'unghia il pi\u00f9 rapidamente possibile, con diversi movimenti, senza lasciare spazi vuoti. Questo \u00e8 necessario per rendere l'effetto luminoso il pi\u00f9 netto e uniforme possibile su tutta la sua lunghezza. Per aumentare la saturazione dei riflessi e l'espressivit\u00e0 della stesura &quot;occhio di gatto&quot;, si consiglia di applicare uno smalto gel magnetico su un substrato realizzato in nero denso.\"><span class=\"Y2IQFc\" lang=\"it\">Questo \u00e8 necessario per rendere l&#8217;effetto luminoso il pi\u00f9 netto e uniforme possibile su tutta la sua lunghezza. Per aumentare la saturazione dei riflessi e l&#8217;espressivit\u00e0 della stesura &#8220;occhio di gatto&#8221;, si consiglia di applicare uno smalto gel magnetico su un substrato realizzato in nero denso.<\/span><\/h4>\n","protected":false},"featured_media":34184,"comment_status":"closed","ping_status":"open","template":"","meta":[],"product_brand":[],"product_cat":[24,2854,2836,83],"product_tag":[927,103,2879,2806],"class_list":{"0":"post-34183","1":"product","2":"type-product","3":"status-publish","4":"has-post-thumbnail","6":"product_cat-colori","7":"product_cat-colori-semipermanente-saga-professional","8":"product_cat-saga-professional","9":"product_cat-semipermanenti","10":"product_tag-cat-eye","11":"product_tag-cat-eyes","12":"product_tag-cat-shine","13":"product_tag-occhio-di-gatto","15":"first","16":"instock","17":"shipping-taxable","18":"purchasable","19":"product-type-simple"},"_links":{"self":[{"href":"https:\/\/serverdedicato.lovenailsrivenditore.com\/index.php?rest_route=\/wp\/v2\/product\/34183","targetHints":{"allow":["GET"]}}],"collection":[{"href":"https:\/\/serverdedicato.lovenailsrivenditore.com\/index.php?rest_route=\/wp\/v2\/product"}],"about":[{"href":"https:\/\/serverdedicato.lovenailsrivenditore.com\/index.php?rest_route=\/wp\/v2\/types\/product"}],"replies":[{"embeddable":true,"href":"https:\/\/serverdedicato.lovenailsrivenditore.com\/index.php?rest_route=%2Fwp%2Fv2%2Fcomments&post=34183"}],"wp:featuredmedia":[{"embeddable":true,"href":"https:\/\/serverdedicato.lovenailsrivenditore.com\/index.php?rest_route=\/wp\/v2\/media\/34184"}],"wp:attachment":[{"href":"https:\/\/serverdedicato.lovenailsrivenditore.com\/index.php?rest_route=%2Fwp%2Fv2%2Fmedia&parent=34183"}],"wp:term":[{"taxonomy":"product_brand","embeddable":true,"href":"https:\/\/serverdedicato.lovenailsrivenditore.com\/index.php?rest_route=%2Fwp%2Fv2%2Fproduct_brand&post=34183"},{"taxonomy":"product_cat","embeddable":true,"href":"https:\/\/serverdedicato.lovenailsrivenditore.com\/index.php?rest_route=%2Fwp%2Fv2%2Fproduct_cat&post=34183"},{"taxonomy":"product_tag","embeddable":true,"href":"https:\/\/serverdedicato.lovenailsrivenditore.com\/index.php?rest_route=%2Fwp%2Fv2%2Fproduct_tag&post=34183"}],"curies":[{"name":"wp","href":"https:\/\/api.w.org\/{rel}","templated":true}]}}