{"id":34318,"date":"2025-07-18T13:00:20","date_gmt":"2025-07-18T11:00:20","guid":{"rendered":"https:\/\/serverdedicato.lovenailsrivenditore.com\/?product=saga-professional-flower-gel-n-12-5gr"},"modified":"2026-04-20T12:42:04","modified_gmt":"2026-04-20T10:42:04","slug":"saga-professional-flower-gel-n-12-5gr","status":"publish","type":"product","link":"https:\/\/serverdedicato.lovenailsrivenditore.com\/?product=saga-professional-flower-gel-n-12-5gr","title":{"rendered":"SAGA Professional &#8211; FLOWER GEL n.12 &#8211; 5gr"},"content":{"rendered":"<p>Dona alle tue unghie un fascino unico e un delicato tocco di natura con Flower Gel di Saga. Questo gel trasparente, arricchito con deliziosi fiori secchi, offre non solo un look unico, ma anche una durata eccezionale.<\/p>\n<p>La sua consistenza densa rende l&#8217;applicazione facile e piacevole e, grazie alla sua capacit\u00e0 di essere utilizzato sia sopra le basi colorate che come smalto a s\u00e9 stante, offre infinite possibilit\u00e0 creative. Lascia che le tue unghie esprimano la tua personalit\u00e0 e immergiti nella bellezza della natura in fiore con Flower Gel di Saga.<\/p>\n","protected":false},"excerpt":{"rendered":"<p>Dona alle tue unghie un fascino unico e un delicato tocco di natura con Flower Gel di Saga. Questo gel trasparente, arricchito con deliziosi fiori secchi, offre non solo un look unico, ma anche una durata eccezionale.<\/p>\n<p>La sua consistenza densa rende l&#8217;applicazione facile e piacevole e, grazie alla sua capacit\u00e0 di essere utilizzato sia sopra le basi colorate che come smalto a s\u00e9 stante, offre infinite possibilit\u00e0 creative. Lascia che le tue unghie esprimano la tua personalit\u00e0 e immergiti nella bellezza della natura in fiore con Flower Gel di Saga.<\/p>\n","protected":false},"featured_media":34319,"comment_status":"closed","ping_status":"open","template":"","meta":[],"product_brand":[],"product_cat":[2881,2836],"product_tag":[2882,2883,2884],"class_list":{"0":"post-34318","1":"product","2":"type-product","3":"status-publish","4":"has-post-thumbnail","6":"product_cat-gel-decorativi","7":"product_cat-saga-professional","8":"product_tag-flower-gel","9":"product_tag-flowers-gel","10":"product_tag-gel-con-fiori","12":"first","13":"instock","14":"shipping-taxable","15":"purchasable","16":"product-type-simple"},"_links":{"self":[{"href":"https:\/\/serverdedicato.lovenailsrivenditore.com\/index.php?rest_route=\/wp\/v2\/product\/34318","targetHints":{"allow":["GET"]}}],"collection":[{"href":"https:\/\/serverdedicato.lovenailsrivenditore.com\/index.php?rest_route=\/wp\/v2\/product"}],"about":[{"href":"https:\/\/serverdedicato.lovenailsrivenditore.com\/index.php?rest_route=\/wp\/v2\/types\/product"}],"replies":[{"embeddable":true,"href":"https:\/\/serverdedicato.lovenailsrivenditore.com\/index.php?rest_route=%2Fwp%2Fv2%2Fcomments&post=34318"}],"wp:featuredmedia":[{"embeddable":true,"href":"https:\/\/serverdedicato.lovenailsrivenditore.com\/index.php?rest_route=\/wp\/v2\/media\/34319"}],"wp:attachment":[{"href":"https:\/\/serverdedicato.lovenailsrivenditore.com\/index.php?rest_route=%2Fwp%2Fv2%2Fmedia&parent=34318"}],"wp:term":[{"taxonomy":"product_brand","embeddable":true,"href":"https:\/\/serverdedicato.lovenailsrivenditore.com\/index.php?rest_route=%2Fwp%2Fv2%2Fproduct_brand&post=34318"},{"taxonomy":"product_cat","embeddable":true,"href":"https:\/\/serverdedicato.lovenailsrivenditore.com\/index.php?rest_route=%2Fwp%2Fv2%2Fproduct_cat&post=34318"},{"taxonomy":"product_tag","embeddable":true,"href":"https:\/\/serverdedicato.lovenailsrivenditore.com\/index.php?rest_route=%2Fwp%2Fv2%2Fproduct_tag&post=34318"}],"curies":[{"name":"wp","href":"https:\/\/api.w.org\/{rel}","templated":true}]}}