{"id":34397,"date":"2025-07-19T12:00:16","date_gmt":"2025-07-19T10:00:16","guid":{"rendered":"https:\/\/serverdedicato.lovenailsrivenditore.com\/?product=saga-professional-galaxy-gel-n-16-5ml"},"modified":"2026-04-20T12:43:38","modified_gmt":"2026-04-20T10:43:38","slug":"saga-professional-galaxy-gel-n-16-5ml","status":"publish","type":"product","link":"https:\/\/serverdedicato.lovenailsrivenditore.com\/?product=saga-professional-galaxy-gel-n-16-5ml","title":{"rendered":"SAGA Professional &#8211; GALAXY GEL n.16 &#8211; 5ml"},"content":{"rendered":"<p>Saga Professional Galaxy Glitter \u00e8 la nuova collezione, che ti permette di creare unghie e manicure magnifiche e brillanti.<\/p>\n<p>La particolarit\u00e0 di questo gel glitterato sono le piccole e grandi scintille olografiche di incredibile bellezza, che renderanno la tua manicure originale, luminosa e stellata. Il gel glitterato pu\u00f2 essere utilizzato come strato decorativo di base, ma anche per creare effetti su diverse superfici con smalti semipermanenti di qualsiasi tonalit\u00e0. Per esaltare ed enfatizzare la lucentezza e la profondit\u00e0, il design finale deve essere fissato con un top coat.<\/p>\n<p>Le particelle di gel glitterato offrono inoltre un incredibile effetto olografico, che dona profondit\u00e0, volume tridimensionale e una bellezza favolosa a qualsiasi manicure. Il gel glitterato dona un effetto molto luminoso alle unghie. \u00c8 facile da applicare, offre una copertura perfetta e si rimuove in modo sicuro. La tua manicure attirer\u00e0 sicuramente l&#8217;attenzione. \u00c8 caratterizzato da una resistenza a scheggiature e graffi che dura diverse settimane.<\/p>\n<p>Grazie alla sua consistenza densa, \u00e8 molto facile da lavorare: non cola, si distribuisce bene ed \u00e8 autolivellante.<\/p>\n<p>Polimerizza in circa 30 secondi in lampada LED o 2 minuti in lampada UV da 36 W.<\/p>\n<p>Volume: 5 ml<\/p>\n","protected":false},"excerpt":{"rendered":"<p>Saga Professional Galaxy Glitter \u00e8 la nuova collezione, che ti permette di creare unghie e manicure magnifiche e brillanti.<\/p>\n<p>La particolarit\u00e0 di questo gel glitterato sono le piccole e grandi scintille olografiche di incredibile bellezza, che renderanno la tua manicure originale, luminosa e stellata. Il gel glitterato pu\u00f2 essere utilizzato come strato decorativo di base, ma anche per creare effetti su diverse superfici con smalti semipermanenti di qualsiasi tonalit\u00e0. Per esaltare ed enfatizzare la lucentezza e la profondit\u00e0, il design finale deve essere fissato con un top coat.<\/p>\n<p>Le particelle di gel glitterato offrono inoltre un incredibile effetto olografico, che dona profondit\u00e0, volume tridimensionale e una bellezza favolosa a qualsiasi manicure. Il gel glitterato dona un effetto molto luminoso alle unghie. \u00c8 facile da applicare, offre una copertura perfetta e si rimuove in modo sicuro. La tua manicure attirer\u00e0 sicuramente l&#8217;attenzione. \u00c8 caratterizzato da una resistenza a scheggiature e graffi che dura diverse settimane.<\/p>\n<p>Grazie alla sua consistenza densa, \u00e8 molto facile da lavorare: non cola, si distribuisce bene ed \u00e8 autolivellante.<\/p>\n<p>Polimerizza in circa 30 secondi in lampada LED o 2 minuti in lampada UV da 36 W.<\/p>\n<p>Volume: 5 ml<\/p>\n","protected":false},"featured_media":34398,"comment_status":"closed","ping_status":"open","template":"","meta":[],"product_brand":[],"product_cat":[24,25,2881,2836],"product_tag":[2885,32,2886],"class_list":{"0":"post-34397","1":"product","2":"type-product","3":"status-publish","4":"has-post-thumbnail","6":"product_cat-colori","7":"product_cat-gel-color","8":"product_cat-gel-decorativi","9":"product_cat-saga-professional","10":"product_tag-galaxy-gel","11":"product_tag-gel-color","12":"product_tag-gel-decorativo","14":"first","15":"instock","16":"shipping-taxable","17":"purchasable","18":"product-type-simple"},"_links":{"self":[{"href":"https:\/\/serverdedicato.lovenailsrivenditore.com\/index.php?rest_route=\/wp\/v2\/product\/34397","targetHints":{"allow":["GET"]}}],"collection":[{"href":"https:\/\/serverdedicato.lovenailsrivenditore.com\/index.php?rest_route=\/wp\/v2\/product"}],"about":[{"href":"https:\/\/serverdedicato.lovenailsrivenditore.com\/index.php?rest_route=\/wp\/v2\/types\/product"}],"replies":[{"embeddable":true,"href":"https:\/\/serverdedicato.lovenailsrivenditore.com\/index.php?rest_route=%2Fwp%2Fv2%2Fcomments&post=34397"}],"wp:featuredmedia":[{"embeddable":true,"href":"https:\/\/serverdedicato.lovenailsrivenditore.com\/index.php?rest_route=\/wp\/v2\/media\/34398"}],"wp:attachment":[{"href":"https:\/\/serverdedicato.lovenailsrivenditore.com\/index.php?rest_route=%2Fwp%2Fv2%2Fmedia&parent=34397"}],"wp:term":[{"taxonomy":"product_brand","embeddable":true,"href":"https:\/\/serverdedicato.lovenailsrivenditore.com\/index.php?rest_route=%2Fwp%2Fv2%2Fproduct_brand&post=34397"},{"taxonomy":"product_cat","embeddable":true,"href":"https:\/\/serverdedicato.lovenailsrivenditore.com\/index.php?rest_route=%2Fwp%2Fv2%2Fproduct_cat&post=34397"},{"taxonomy":"product_tag","embeddable":true,"href":"https:\/\/serverdedicato.lovenailsrivenditore.com\/index.php?rest_route=%2Fwp%2Fv2%2Fproduct_tag&post=34397"}],"curies":[{"name":"wp","href":"https:\/\/api.w.org\/{rel}","templated":true}]}}