{"id":34437,"date":"2025-07-21T12:03:31","date_gmt":"2025-07-21T10:03:31","guid":{"rendered":"https:\/\/serverdedicato.lovenailsrivenditore.com\/?product=saga-professional-relief-paste-n-07-5gr"},"modified":"2026-04-20T12:44:33","modified_gmt":"2026-04-20T10:44:33","slug":"saga-professional-relief-paste-n-07-5gr","status":"publish","type":"product","link":"https:\/\/serverdedicato.lovenailsrivenditore.com\/?product=saga-professional-relief-paste-n-07-5gr","title":{"rendered":"SAGA Professional &#8211; RELIEF PASTE n.07 &#8211; 5gr"},"content":{"rendered":"<p>SAGA Professional Relief Paste \u00e8 una collezione di paste a rilievo per creare decorazioni. Le paste non sono appiccicose. La palette contiene 14 tonalit\u00e0. Dai colori pastello ai neon, l&#8217;asciugatura \u00e8 semplice. Il grigio scuro e il nero non devono essere applicati in quantit\u00e0 eccessive (Anche prolungando il tempo di polimerizzazione di questi colori, uno strato spesso non polimerizzer\u00e0)<\/p>\n<p>Contenuto: 5 g<\/p>\n","protected":false},"excerpt":{"rendered":"<p>SAGA Professional Relief Paste \u00e8 una collezione di paste a rilievo per creare decorazioni. Le paste non sono appiccicose. La palette contiene 14 tonalit\u00e0. Dai colori pastello ai neon, l&#8217;asciugatura \u00e8 semplice. Il grigio scuro e il nero non devono essere applicati in quantit\u00e0 eccessive (Anche prolungando il tempo di polimerizzazione di questi colori, uno strato spesso non polimerizzer\u00e0)<\/p>\n<p>Contenuto: 5 g<\/p>\n","protected":false},"featured_media":34438,"comment_status":"closed","ping_status":"open","template":"","meta":[],"product_brand":[],"product_cat":[2881,2836],"product_tag":[2624,2888],"class_list":{"0":"post-34437","1":"product","2":"type-product","3":"status-publish","4":"has-post-thumbnail","6":"product_cat-gel-decorativi","7":"product_cat-saga-professional","8":"product_tag-pasta-decorativa","9":"product_tag-relief-paste","11":"first","12":"instock","13":"shipping-taxable","14":"purchasable","15":"product-type-simple"},"_links":{"self":[{"href":"https:\/\/serverdedicato.lovenailsrivenditore.com\/index.php?rest_route=\/wp\/v2\/product\/34437","targetHints":{"allow":["GET"]}}],"collection":[{"href":"https:\/\/serverdedicato.lovenailsrivenditore.com\/index.php?rest_route=\/wp\/v2\/product"}],"about":[{"href":"https:\/\/serverdedicato.lovenailsrivenditore.com\/index.php?rest_route=\/wp\/v2\/types\/product"}],"replies":[{"embeddable":true,"href":"https:\/\/serverdedicato.lovenailsrivenditore.com\/index.php?rest_route=%2Fwp%2Fv2%2Fcomments&post=34437"}],"wp:featuredmedia":[{"embeddable":true,"href":"https:\/\/serverdedicato.lovenailsrivenditore.com\/index.php?rest_route=\/wp\/v2\/media\/34438"}],"wp:attachment":[{"href":"https:\/\/serverdedicato.lovenailsrivenditore.com\/index.php?rest_route=%2Fwp%2Fv2%2Fmedia&parent=34437"}],"wp:term":[{"taxonomy":"product_brand","embeddable":true,"href":"https:\/\/serverdedicato.lovenailsrivenditore.com\/index.php?rest_route=%2Fwp%2Fv2%2Fproduct_brand&post=34437"},{"taxonomy":"product_cat","embeddable":true,"href":"https:\/\/serverdedicato.lovenailsrivenditore.com\/index.php?rest_route=%2Fwp%2Fv2%2Fproduct_cat&post=34437"},{"taxonomy":"product_tag","embeddable":true,"href":"https:\/\/serverdedicato.lovenailsrivenditore.com\/index.php?rest_route=%2Fwp%2Fv2%2Fproduct_tag&post=34437"}],"curies":[{"name":"wp","href":"https:\/\/api.w.org\/{rel}","templated":true}]}}