{"id":34534,"date":"2025-07-21T14:36:06","date_gmt":"2025-07-21T12:36:06","guid":{"rendered":"https:\/\/serverdedicato.lovenailsrivenditore.com\/?product=saga-professional-talco-dry-manicure-80gr"},"modified":"2026-04-20T12:48:00","modified_gmt":"2026-04-20T10:48:00","slug":"saga-professional-talco-dry-manicure-80gr","status":"publish","type":"product","link":"https:\/\/serverdedicato.lovenailsrivenditore.com\/?product=saga-professional-talco-dry-manicure-80gr","title":{"rendered":"SAGA Professional &#8211; TALCO DRY MANICURE &#8211;  80gr"},"content":{"rendered":"<p><span>Talc SAGA per la manicure combinata \u00e8 progettato per una manicure facile e umida con l&#8217;utilizzo di strumenti. Rimuove l&#8217;umidit\u00e0 in eccesso dalla lamina ungueale, velocizzando il processo e riducendo il rischio di ostruzione della fresa.<\/span><\/p>\n<p><span>Il talco altamente purificato e di alta qualit\u00e0 riduce al minimo il rischio di microlesioni nella cuticola. \u00c8 sicuro sia per la manicure che per le vie respiratorie della cliente. La polvere pu\u00f2 essere utilizzata non solo per la manicure, ma anche per la pedicure.<\/span><\/p>\n<p><span>Volume: 80 g<\/span><\/p>\n<p><span>APPLICAZIONE:<\/span><br \/>\n<span>Distribuire una piccola quantit\u00e0 di talco sulla zona delle cuticole e massaggiare. Iniziare la manicure combinata (a secco).<\/span><\/p>\n","protected":false},"excerpt":{"rendered":"<p><span>Talc SAGA per la manicure combinata \u00e8 progettato per una manicure facile e umida con l&#8217;utilizzo di strumenti. Rimuove l&#8217;umidit\u00e0 in eccesso dalla lamina ungueale, velocizzando il processo e riducendo il rischio di ostruzione della fresa.<\/span><\/p>\n<p><span>Il talco altamente purificato e di alta qualit\u00e0 riduce al minimo il rischio di microlesioni nella cuticola. \u00c8 sicuro sia per la manicure che per le vie respiratorie della cliente. La polvere pu\u00f2 essere utilizzata non solo per la manicure, ma anche per la pedicure.<\/span><\/p>\n<p><span>Volume: 80 g<\/span><\/p>\n<p><span>APPLICAZIONE:<\/span><br \/>\n<span>Distribuire una piccola quantit\u00e0 di talco sulla zona delle cuticole e massaggiare. Iniziare la manicure combinata (a secco).<\/span><\/p>\n","protected":false},"featured_media":34535,"comment_status":"closed","ping_status":"open","template":"","meta":[],"product_brand":[],"product_cat":[2889,2836],"product_tag":[2890,2891,2892],"class_list":{"0":"post-34534","1":"product","2":"type-product","3":"status-publish","4":"has-post-thumbnail","6":"product_cat-liquidi-e-preparatori-saga-professional","7":"product_cat-saga-professional","8":"product_tag-talco","9":"product_tag-talk","10":"product_tag-talk-saga","12":"first","13":"outofstock","14":"shipping-taxable","15":"purchasable","16":"product-type-simple"},"_links":{"self":[{"href":"https:\/\/serverdedicato.lovenailsrivenditore.com\/index.php?rest_route=\/wp\/v2\/product\/34534","targetHints":{"allow":["GET"]}}],"collection":[{"href":"https:\/\/serverdedicato.lovenailsrivenditore.com\/index.php?rest_route=\/wp\/v2\/product"}],"about":[{"href":"https:\/\/serverdedicato.lovenailsrivenditore.com\/index.php?rest_route=\/wp\/v2\/types\/product"}],"replies":[{"embeddable":true,"href":"https:\/\/serverdedicato.lovenailsrivenditore.com\/index.php?rest_route=%2Fwp%2Fv2%2Fcomments&post=34534"}],"wp:featuredmedia":[{"embeddable":true,"href":"https:\/\/serverdedicato.lovenailsrivenditore.com\/index.php?rest_route=\/wp\/v2\/media\/34535"}],"wp:attachment":[{"href":"https:\/\/serverdedicato.lovenailsrivenditore.com\/index.php?rest_route=%2Fwp%2Fv2%2Fmedia&parent=34534"}],"wp:term":[{"taxonomy":"product_brand","embeddable":true,"href":"https:\/\/serverdedicato.lovenailsrivenditore.com\/index.php?rest_route=%2Fwp%2Fv2%2Fproduct_brand&post=34534"},{"taxonomy":"product_cat","embeddable":true,"href":"https:\/\/serverdedicato.lovenailsrivenditore.com\/index.php?rest_route=%2Fwp%2Fv2%2Fproduct_cat&post=34534"},{"taxonomy":"product_tag","embeddable":true,"href":"https:\/\/serverdedicato.lovenailsrivenditore.com\/index.php?rest_route=%2Fwp%2Fv2%2Fproduct_tag&post=34534"}],"curies":[{"name":"wp","href":"https:\/\/api.w.org\/{rel}","templated":true}]}}