{"id":3458,"date":"2021-09-03T15:29:14","date_gmt":"2021-09-03T13:29:14","guid":{"rendered":"https:\/\/serverdedicato.lovenailsrivenditore.com\/?product=101-mountains-10ml-molly-lac"},"modified":"2026-04-17T18:29:04","modified_gmt":"2026-04-17T16:29:04","slug":"101-mountains-10ml-molly-lac","status":"publish","type":"product","link":"https:\/\/serverdedicato.lovenailsrivenditore.com\/?product=101-mountains-10ml-molly-lac","title":{"rendered":"101 Mountains 10ml Molly Lac"},"content":{"rendered":"<p><strong>collezione pure nature:<\/strong><\/p>\n<p>Il grigio scuro \u00e8 una garanzia di uno stile casual e senza tempo. Non passa mai di moda e sar\u00e0 la chiave del successo. Per le donne che amano la qualit\u00e0 unica dei semipermanenti Molly Lac, abbiamo creato la collezione Pure Nature ispirata alla magia della foresta.9 colori nei toni del verde, grigio e blu sono un sicuro successo nello styling delle unghie. I colori calmi di questa collezione ti faranno dimenticare lo stress, mentre i verdi pi\u00f9 profondi e scuri daranno a una donna un&#8217;eleganza non forzata.<\/p>\n<p>C&#8217;\u00e8 potere in questi colori!<\/p>\n<p>&nbsp;<\/p>\n<p><strong>Scegli l&#8217;eccezionale qualit\u00e0 degli smalti ibridi Molly Lac<\/strong><\/p>\n<p>\u2665 1 strato di copertura<\/p>\n<p>\u2665 consistenza perfetta<\/p>\n<p>\u2665 otiima pigmentazione<\/p>\n<p>\u2665 durata fino a 4 settimane<\/p>\n<p>\u2665 senza formaldeide, DBP e toluene<\/p>\n<p>\u2665 solubile in liquidi a base di acetone<\/p>\n<p>TEMPO DI CATALIZZAZIONE: Lampada UV\/LED 60s.<\/p>\n","protected":false},"excerpt":{"rendered":"<p><strong>collezione pure nature:<\/strong><\/p>\n<p>Il grigio scuro \u00e8 una garanzia di uno stile casual e senza tempo. Non passa mai di moda e sar\u00e0 la chiave del successo. Per le donne che amano la qualit\u00e0 unica dei semipermanenti Molly Lac, abbiamo creato la collezione Pure Nature ispirata alla magia della foresta.9 colori nei toni del verde, grigio e blu sono un sicuro successo nello styling delle unghie. I colori calmi di questa collezione ti faranno dimenticare lo stress, mentre i verdi pi\u00f9 profondi e scuri daranno a una donna un&#8217;eleganza non forzata.<\/p>\n<p>C&#8217;\u00e8 potere in questi colori!<\/p>\n","protected":false},"featured_media":150,"comment_status":"closed","ping_status":"open","template":"","meta":[],"product_brand":[],"product_cat":[24,82,81,83],"product_tag":[33,84,85,86],"class_list":{"0":"post-3458","1":"product","2":"type-product","3":"status-publish","4":"has-post-thumbnail","6":"product_cat-colori","7":"product_cat-colori-semipermanente","8":"product_cat-molly-lac","9":"product_cat-semipermanenti","10":"product_tag-color","11":"product_tag-molly-lac","12":"product_tag-mountains","13":"product_tag-semipermanente","15":"first","16":"instock","17":"shipping-taxable","18":"purchasable","19":"product-type-simple"},"_links":{"self":[{"href":"https:\/\/serverdedicato.lovenailsrivenditore.com\/index.php?rest_route=\/wp\/v2\/product\/3458","targetHints":{"allow":["GET"]}}],"collection":[{"href":"https:\/\/serverdedicato.lovenailsrivenditore.com\/index.php?rest_route=\/wp\/v2\/product"}],"about":[{"href":"https:\/\/serverdedicato.lovenailsrivenditore.com\/index.php?rest_route=\/wp\/v2\/types\/product"}],"replies":[{"embeddable":true,"href":"https:\/\/serverdedicato.lovenailsrivenditore.com\/index.php?rest_route=%2Fwp%2Fv2%2Fcomments&post=3458"}],"wp:featuredmedia":[{"embeddable":true,"href":"https:\/\/serverdedicato.lovenailsrivenditore.com\/index.php?rest_route=\/wp\/v2\/media\/150"}],"wp:attachment":[{"href":"https:\/\/serverdedicato.lovenailsrivenditore.com\/index.php?rest_route=%2Fwp%2Fv2%2Fmedia&parent=3458"}],"wp:term":[{"taxonomy":"product_brand","embeddable":true,"href":"https:\/\/serverdedicato.lovenailsrivenditore.com\/index.php?rest_route=%2Fwp%2Fv2%2Fproduct_brand&post=3458"},{"taxonomy":"product_cat","embeddable":true,"href":"https:\/\/serverdedicato.lovenailsrivenditore.com\/index.php?rest_route=%2Fwp%2Fv2%2Fproduct_cat&post=3458"},{"taxonomy":"product_tag","embeddable":true,"href":"https:\/\/serverdedicato.lovenailsrivenditore.com\/index.php?rest_route=%2Fwp%2Fv2%2Fproduct_tag&post=3458"}],"curies":[{"name":"wp","href":"https:\/\/api.w.org\/{rel}","templated":true}]}}