{"id":34854,"date":"2025-07-24T08:46:58","date_gmt":"2025-07-24T06:46:58","guid":{"rendered":"https:\/\/serverdedicato.lovenailsrivenditore.com\/?product=valeri-acrygel-n-06-30ml"},"modified":"2026-04-20T12:51:54","modified_gmt":"2026-04-20T10:51:54","slug":"valeri-acrygel-n-06-30ml","status":"publish","type":"product","link":"https:\/\/serverdedicato.lovenailsrivenditore.com\/?product=valeri-acrygel-n-06-30ml","title":{"rendered":"VALERI &#8211; ACRYGEL n.06 &#8211; 30ml"},"content":{"rendered":"<p><strong>Valeri Acryl Gel<\/strong> \u00e8 una collezione di sette gel acrilici (poligel) nelle tonalit\u00e0 pi\u00f9 popolari, utilizzati sia per l&#8217;allungamento delle unghie che per la correzione, la riparazione o il rinforzo della lamina ungueale. I gel acrilici sono a bassa temperatura, a grana fine, duri e dalla consistenza densa. Non sviluppano calore in lampada e sono molto ben pigmentati. Sono facili da applicare e aderiscono bene all&#8217;arcata ungueale. Sono ideali per allungamenti sia sulle forme superiori che inferiori, per l&#8217;allungamento degli angoli o per la correzione di deformit\u00e0 della lamina ungueale. L&#8217;intera collezione \u00e8 adatta per la french manicure. Sono facili da limare<\/p>\n<p>&nbsp;<\/p>\n","protected":false},"excerpt":{"rendered":"<p><strong>Valeri Acryl Gel<\/strong> \u00e8 una collezione di sette gel acrilici (poligel) nelle tonalit\u00e0 pi\u00f9 popolari, utilizzati sia per l&#8217;allungamento delle unghie che per la correzione, la riparazione o il rinforzo della lamina ungueale. I gel acrilici sono a bassa temperatura, a grana fine, duri e dalla consistenza densa. Non sviluppano calore in lampada e sono molto ben pigmentati. Sono facili da applicare e aderiscono bene all&#8217;arcata ungueale. Sono ideali per allungamenti sia sulle forme superiori che inferiori, per l&#8217;allungamento degli angoli o per la correzione di deformit\u00e0 della lamina ungueale. L&#8217;intera collezione \u00e8 adatta per la french manicure. Sono facili da limare<\/p>\n","protected":false},"featured_media":34855,"comment_status":"closed","ping_status":"open","template":"","meta":[],"product_brand":[],"product_cat":[296,2911,2893],"product_tag":[298,1554,1155],"class_list":{"0":"post-34854","1":"product","2":"type-product","3":"status-publish","4":"has-post-thumbnail","6":"product_cat-acrygel","7":"product_cat-costruttori-valeri","8":"product_cat-valeri","9":"product_tag-acrygel","10":"product_tag-poligel","11":"product_tag-polygel","13":"first","14":"instock","15":"shipping-taxable","16":"purchasable","17":"product-type-simple"},"_links":{"self":[{"href":"https:\/\/serverdedicato.lovenailsrivenditore.com\/index.php?rest_route=\/wp\/v2\/product\/34854","targetHints":{"allow":["GET"]}}],"collection":[{"href":"https:\/\/serverdedicato.lovenailsrivenditore.com\/index.php?rest_route=\/wp\/v2\/product"}],"about":[{"href":"https:\/\/serverdedicato.lovenailsrivenditore.com\/index.php?rest_route=\/wp\/v2\/types\/product"}],"replies":[{"embeddable":true,"href":"https:\/\/serverdedicato.lovenailsrivenditore.com\/index.php?rest_route=%2Fwp%2Fv2%2Fcomments&post=34854"}],"wp:featuredmedia":[{"embeddable":true,"href":"https:\/\/serverdedicato.lovenailsrivenditore.com\/index.php?rest_route=\/wp\/v2\/media\/34855"}],"wp:attachment":[{"href":"https:\/\/serverdedicato.lovenailsrivenditore.com\/index.php?rest_route=%2Fwp%2Fv2%2Fmedia&parent=34854"}],"wp:term":[{"taxonomy":"product_brand","embeddable":true,"href":"https:\/\/serverdedicato.lovenailsrivenditore.com\/index.php?rest_route=%2Fwp%2Fv2%2Fproduct_brand&post=34854"},{"taxonomy":"product_cat","embeddable":true,"href":"https:\/\/serverdedicato.lovenailsrivenditore.com\/index.php?rest_route=%2Fwp%2Fv2%2Fproduct_cat&post=34854"},{"taxonomy":"product_tag","embeddable":true,"href":"https:\/\/serverdedicato.lovenailsrivenditore.com\/index.php?rest_route=%2Fwp%2Fv2%2Fproduct_tag&post=34854"}],"curies":[{"name":"wp","href":"https:\/\/api.w.org\/{rel}","templated":true}]}}