{"id":35068,"date":"2025-07-26T10:21:44","date_gmt":"2025-07-26T08:21:44","guid":{"rendered":"https:\/\/serverdedicato.lovenailsrivenditore.com\/?product=valeri-color-gel-n-139-6ml"},"modified":"2026-04-20T12:54:58","modified_gmt":"2026-04-20T10:54:58","slug":"valeri-color-gel-n-139-6ml","status":"publish","type":"product","link":"https:\/\/serverdedicato.lovenailsrivenditore.com\/?product=valeri-color-gel-n-139-6ml","title":{"rendered":"VALERI &#8211; COLOR GEL n.139 &#8211; 6ml"},"content":{"rendered":"<p><strong>Lo smalto gel Valeri<\/strong>\u00a0\u00e8 uno smalto gel pigmentato di alta qualit\u00e0, resistente e di facile e uniforme applicazione. Un&#8217;ampia gamma di tonalit\u00e0 ti permette di realizzare una variet\u00e0 di manicure e di scegliere le tue tonalit\u00e0 preferite per la tua collezione.<br \/>\nI colori intensi non sbiadiscono e la copertura dura a lungo senza scheggiature o crepe. Gli smalti gel sono facili da applicare e autolivellanti sull&#8217;unghia.<\/p>\n","protected":false},"excerpt":{"rendered":"<p><strong>Lo smalto gel Valeri<\/strong>\u00a0\u00e8 uno smalto gel pigmentato di alta qualit\u00e0, resistente e di facile e uniforme applicazione. Un&#8217;ampia gamma di tonalit\u00e0 ti permette di realizzare una variet\u00e0 di manicure e di scegliere le tue tonalit\u00e0 preferite per la tua collezione.<br \/>\nI colori intensi non sbiadiscono e la copertura dura a lungo senza scheggiature o crepe. Gli smalti gel sono facili da applicare e autolivellanti sull&#8217;unghia.<\/p>\n","protected":false},"featured_media":35069,"comment_status":"closed","ping_status":"open","template":"","meta":[],"product_brand":[],"product_cat":[24,2908,83,2893],"product_tag":[2105,2909,2910],"class_list":{"0":"post-35068","1":"product","2":"type-product","3":"status-publish","4":"has-post-thumbnail","6":"product_cat-colori","7":"product_cat-colori-semipermanente-valeri","8":"product_cat-semipermanenti","9":"product_cat-valeri","10":"product_tag-color-gel","11":"product_tag-color-valeri","12":"product_tag-gel-polish","14":"first","15":"outofstock","16":"shipping-taxable","17":"purchasable","18":"product-type-simple"},"_links":{"self":[{"href":"https:\/\/serverdedicato.lovenailsrivenditore.com\/index.php?rest_route=\/wp\/v2\/product\/35068","targetHints":{"allow":["GET"]}}],"collection":[{"href":"https:\/\/serverdedicato.lovenailsrivenditore.com\/index.php?rest_route=\/wp\/v2\/product"}],"about":[{"href":"https:\/\/serverdedicato.lovenailsrivenditore.com\/index.php?rest_route=\/wp\/v2\/types\/product"}],"replies":[{"embeddable":true,"href":"https:\/\/serverdedicato.lovenailsrivenditore.com\/index.php?rest_route=%2Fwp%2Fv2%2Fcomments&post=35068"}],"wp:featuredmedia":[{"embeddable":true,"href":"https:\/\/serverdedicato.lovenailsrivenditore.com\/index.php?rest_route=\/wp\/v2\/media\/35069"}],"wp:attachment":[{"href":"https:\/\/serverdedicato.lovenailsrivenditore.com\/index.php?rest_route=%2Fwp%2Fv2%2Fmedia&parent=35068"}],"wp:term":[{"taxonomy":"product_brand","embeddable":true,"href":"https:\/\/serverdedicato.lovenailsrivenditore.com\/index.php?rest_route=%2Fwp%2Fv2%2Fproduct_brand&post=35068"},{"taxonomy":"product_cat","embeddable":true,"href":"https:\/\/serverdedicato.lovenailsrivenditore.com\/index.php?rest_route=%2Fwp%2Fv2%2Fproduct_cat&post=35068"},{"taxonomy":"product_tag","embeddable":true,"href":"https:\/\/serverdedicato.lovenailsrivenditore.com\/index.php?rest_route=%2Fwp%2Fv2%2Fproduct_tag&post=35068"}],"curies":[{"name":"wp","href":"https:\/\/api.w.org\/{rel}","templated":true}]}}