{"id":35158,"date":"2025-07-26T11:42:41","date_gmt":"2025-07-26T09:42:41","guid":{"rendered":"https:\/\/serverdedicato.lovenailsrivenditore.com\/?product=claresa-olio-labbra-shine-like-03-raspberry"},"modified":"2026-04-20T12:56:15","modified_gmt":"2026-04-20T10:56:15","slug":"claresa-olio-labbra-shine-like-03-raspberry","status":"publish","type":"product","link":"https:\/\/serverdedicato.lovenailsrivenditore.com\/?product=claresa-olio-labbra-shine-like-03-raspberry","title":{"rendered":"CLARESA &#8211; OLIO LABBRA SHINE LIKE &#8211; 03 RASPBERRY"},"content":{"rendered":"<p>Questo olio labbra vegano, contenente il 98,5% di ingredienti di origine naturale, \u00e8 un vero e proprio cocktail di ingredienti nutrienti che donano alle labbra un aspetto voluttuoso e sensuale. Questo prodotto non solo offre una brillantezza abbagliante e visivamente esaltante, ma anche nutrimento intenso, idratazione e protezione. Un complesso di sei oli naturali, arricchito con vitamina E ed estratto di resina di prugna selvatica, leviga e migliora la texture della pelle, donando alle labbra un aspetto pi\u00f9 pieno e lasciandole setose e morbide. L&#8217;olio offre una meravigliosa sensazione di comfort e non lascia residui appiccicosi. Disponibile in tre deliziose fragranze.<\/p>\n<p><strong>CURIOSIT\u00c0:\u00a0<\/strong><br \/>\nl&#8217;olio di noce di macadamia \u00e8 uno dei pochi oli che, oltre alle sue propriet\u00e0 idratanti, possiede anche propriet\u00e0 idratanti intense e profonde. L&#8217;olio di semi di girasole ha propriet\u00e0 antinfiammatorie, lenitive e contrasta i radicali liberi. L&#8217;olio di jojoba protegge la pelle delicata da fattori esterni come vento, gelo e aria condizionata, prevenendo l&#8217;evaporazione dell&#8217;umidit\u00e0. L&#8217;olio di marula lascia la pelle particolarmente morbida, mentre gli oli di semi di lampone e di germe di riso agiscono come filtro solare naturale. L&#8217;estratto di resina di damasco rafforza il cemento intercellulare, idratando, ammorbidendo e levigando la pelle, mentre la vitamina E ha forti propriet\u00e0 antiossidanti, rassodanti, nutrienti e anti-invecchiamento.<\/p>\n<p><strong>APPLICAZIONE:<\/strong><br \/>\nQuesto olio \u00e8 perfetto per preparare le labbra prima dell&#8217;applicazione del rossetto. Pu\u00f2 essere usato anche da solo per donare alle labbra un aspetto lucido, sensuale e fresco. Applicato sopra un rossetto opaco, crea un trucco labbra lucido a lunga durata, confortevole e alla moda.<\/p>\n<p><strong>TRUCCO DEL TRUCCATORE\u00a0<\/strong><strong>:<\/strong><br \/>\nUn po&#8217; d&#8217;olio applicato solo al centro del labbro superiore e inferiore far\u00e0 apparire le labbra truccate con un rossetto opaco pi\u00f9 voluminose e quindi pi\u00f9 piene, senza compromettere la durata del trucco.<\/p>\n","protected":false},"excerpt":{"rendered":"<p>Questo olio labbra vegano, contenente il 98,5% di ingredienti di origine naturale, \u00e8 un vero e proprio cocktail di ingredienti nutrienti che donano alle labbra un aspetto voluttuoso e sensuale. Questo prodotto non solo offre una brillantezza abbagliante e visivamente esaltante, ma anche nutrimento intenso, idratazione e protezione. Un complesso di sei oli naturali, arricchito con vitamina E ed estratto di resina di prugna selvatica, leviga e migliora la texture della pelle, donando alle labbra un aspetto pi\u00f9 pieno e lasciandole setose e morbide. L&#8217;olio offre una meravigliosa sensazione di comfort e non lascia residui appiccicosi. Disponibile in tre deliziose fragranze.<\/p>\n<p><strong>CURIOSIT\u00c0:\u00a0<\/strong><br \/>\nl&#8217;olio di noce di macadamia \u00e8 uno dei pochi oli che, oltre alle sue propriet\u00e0 idratanti, possiede anche propriet\u00e0 idratanti intense e profonde. L&#8217;olio di semi di girasole ha propriet\u00e0 antinfiammatorie, lenitive e contrasta i radicali liberi. L&#8217;olio di jojoba protegge la pelle delicata da fattori esterni come vento, gelo e aria condizionata, prevenendo l&#8217;evaporazione dell&#8217;umidit\u00e0. L&#8217;olio di marula lascia la pelle particolarmente morbida, mentre gli oli di semi di lampone e di germe di riso agiscono come filtro solare naturale. L&#8217;estratto di resina di damasco rafforza il cemento intercellulare, idratando, ammorbidendo e levigando la pelle, mentre la vitamina E ha forti propriet\u00e0 antiossidanti, rassodanti, nutrienti e anti-invecchiamento.<\/p>\n<p><strong>APPLICAZIONE:<\/strong><br \/>\nQuesto olio \u00e8 perfetto per preparare le labbra prima dell&#8217;applicazione del rossetto. Pu\u00f2 essere usato anche da solo per donare alle labbra un aspetto lucido, sensuale e fresco. Applicato sopra un rossetto opaco, crea un trucco labbra lucido a lunga durata, confortevole e alla moda.<\/p>\n<p><strong>TRUCCO DEL TRUCCATORE\u00a0<\/strong><strong>:<\/strong><br \/>\nUn po&#8217; d&#8217;olio applicato solo al centro del labbro superiore e inferiore far\u00e0 apparire le labbra truccate con un rossetto opaco pi\u00f9 voluminose e quindi pi\u00f9 piene, senza compromettere la durata del trucco.<\/p>\n","protected":false},"featured_media":35159,"comment_status":"closed","ping_status":"open","template":"","meta":[],"product_brand":[],"product_cat":[2319,2328,1856,1509],"product_tag":[2923,2485,2924],"class_list":{"0":"post-35158","1":"product","2":"type-product","3":"status-publish","4":"has-post-thumbnail","6":"product_cat-claresa-make-up","7":"product_cat-labbra-claresa-make-up","8":"product_cat-make-up","9":"product_cat-top-brand-professionali-unghie","10":"product_tag-lip-oil","11":"product_tag-olio-labbra","12":"product_tag-raspberry","14":"first","15":"instock","16":"shipping-taxable","17":"purchasable","18":"product-type-simple"},"_links":{"self":[{"href":"https:\/\/serverdedicato.lovenailsrivenditore.com\/index.php?rest_route=\/wp\/v2\/product\/35158","targetHints":{"allow":["GET"]}}],"collection":[{"href":"https:\/\/serverdedicato.lovenailsrivenditore.com\/index.php?rest_route=\/wp\/v2\/product"}],"about":[{"href":"https:\/\/serverdedicato.lovenailsrivenditore.com\/index.php?rest_route=\/wp\/v2\/types\/product"}],"replies":[{"embeddable":true,"href":"https:\/\/serverdedicato.lovenailsrivenditore.com\/index.php?rest_route=%2Fwp%2Fv2%2Fcomments&post=35158"}],"wp:featuredmedia":[{"embeddable":true,"href":"https:\/\/serverdedicato.lovenailsrivenditore.com\/index.php?rest_route=\/wp\/v2\/media\/35159"}],"wp:attachment":[{"href":"https:\/\/serverdedicato.lovenailsrivenditore.com\/index.php?rest_route=%2Fwp%2Fv2%2Fmedia&parent=35158"}],"wp:term":[{"taxonomy":"product_brand","embeddable":true,"href":"https:\/\/serverdedicato.lovenailsrivenditore.com\/index.php?rest_route=%2Fwp%2Fv2%2Fproduct_brand&post=35158"},{"taxonomy":"product_cat","embeddable":true,"href":"https:\/\/serverdedicato.lovenailsrivenditore.com\/index.php?rest_route=%2Fwp%2Fv2%2Fproduct_cat&post=35158"},{"taxonomy":"product_tag","embeddable":true,"href":"https:\/\/serverdedicato.lovenailsrivenditore.com\/index.php?rest_route=%2Fwp%2Fv2%2Fproduct_tag&post=35158"}],"curies":[{"name":"wp","href":"https:\/\/api.w.org\/{rel}","templated":true}]}}