{"id":35173,"date":"2025-07-26T12:05:15","date_gmt":"2025-07-26T10:05:15","guid":{"rendered":"https:\/\/serverdedicato.lovenailsrivenditore.com\/?product=claresa-fondotinta-doll-up-04-medium-34gr"},"modified":"2026-04-20T12:56:27","modified_gmt":"2026-04-20T10:56:27","slug":"claresa-fondotinta-doll-up-04-medium-34gr","status":"publish","type":"product","link":"https:\/\/serverdedicato.lovenailsrivenditore.com\/?product=claresa-fondotinta-doll-up-04-medium-34gr","title":{"rendered":"CLARESA &#8211; FONDOTINTA DOLL UP &#8211; 04 MEDIUM- 34gr"},"content":{"rendered":"<p>Il fondotinta illuminante DOLL UP! offre una coprenza media con un finish naturalmente radioso, lasciando la pelle giovane e riposata. Grazie ai suoi principi attivi, la sua formula a lunga tenuta garantisce idratazione per tutto il giorno. La combinazione di finish luminoso, uniformit\u00e0 del colorito e idratazione crea una splendida luminosit\u00e0 incredibilmente alla moda per una pelle sana e curata.<\/p>\n<p><strong>CURIOSIT\u00c0:\u00a0<\/strong><br \/>\nGrazie alla combinazione di acido ialuronico e propandiolo (glicole vegetale), la formula vegana di DOLL UP! lascia la pelle idratata, morbida e liscia per ore. Inoltre, riempie linee sottili e rughe, offrendo benefici anti-et\u00e0.<\/p>\n<p><strong>APPLICAZIONE:<\/strong><br \/>\nPrepara la pelle applicando una crema adatta al tuo tipo di pelle e adatta al trucco, e un primer o un siero se necessario. Stendi una piccola quantit\u00e0 di fondotinta sul dorso della mano per riscaldarlo alla temperatura corporea, permettendogli di fondersi perfettamente con la pelle. Applica uno strato sottile sul viso con le dita o un pennello, quindi picchietta con una spugnetta beauty blender inumidita. Puoi anche applicare il fondotinta direttamente con una spugnetta: ricorda solo di usare un movimento di pressione, non di sfumatura. Inizia con una piccola quantit\u00e0 di prodotto e aggiungine altro se necessario nelle zone che necessitano di una maggiore coprenza: questo eviter\u00e0 l&#8217;effetto fondotinta (e ti far\u00e0 risparmiare denaro). Ottenere risultati ottimali con una quantit\u00e0 minima di prodotto \u00e8 fondamentale quando si tratta di fondotinta!<\/p>\n<p><strong>TRUCCO DA TRUCCATRICE\u00a0<\/strong><strong>:<\/strong><br \/>\nL&#8217;effetto illuminante del fondotinta DOLL UP! si ottiene con un emolliente scintillante. Se desideri un effetto perlato e scintillante aggiuntivo, aggiungi un tocco di illuminante liquido al fondotinta.<\/p>\n","protected":false},"excerpt":{"rendered":"<p>Il fondotinta illuminante DOLL UP! offre una coprenza media con un finish naturalmente radioso, lasciando la pelle giovane e riposata. Grazie ai suoi principi attivi, la sua formula a lunga tenuta garantisce idratazione per tutto il giorno. La combinazione di finish luminoso, uniformit\u00e0 del colorito e idratazione crea una splendida luminosit\u00e0 incredibilmente alla moda per una pelle sana e curata.<\/p>\n<p><strong>CURIOSIT\u00c0:\u00a0<\/strong><br \/>\nGrazie alla combinazione di acido ialuronico e propandiolo (glicole vegetale), la formula vegana di DOLL UP! lascia la pelle idratata, morbida e liscia per ore. Inoltre, riempie linee sottili e rughe, offrendo benefici anti-et\u00e0.<\/p>\n<p>&nbsp;<\/p>\n","protected":false},"featured_media":35174,"comment_status":"closed","ping_status":"open","template":"","meta":[],"product_brand":[],"product_cat":[2319,1856,1509,2329],"product_tag":[2334,2433,2926],"class_list":{"0":"post-35173","1":"product","2":"type-product","3":"status-publish","4":"has-post-thumbnail","6":"product_cat-claresa-make-up","7":"product_cat-make-up","8":"product_cat-top-brand-professionali-unghie","9":"product_cat-viso-claresa-make-up","10":"product_tag-fondotinta","11":"product_tag-fondotinta-chiaro","12":"product_tag-fondotinta-doll-up","14":"first","15":"instock","16":"shipping-taxable","17":"purchasable","18":"product-type-simple"},"_links":{"self":[{"href":"https:\/\/serverdedicato.lovenailsrivenditore.com\/index.php?rest_route=\/wp\/v2\/product\/35173","targetHints":{"allow":["GET"]}}],"collection":[{"href":"https:\/\/serverdedicato.lovenailsrivenditore.com\/index.php?rest_route=\/wp\/v2\/product"}],"about":[{"href":"https:\/\/serverdedicato.lovenailsrivenditore.com\/index.php?rest_route=\/wp\/v2\/types\/product"}],"replies":[{"embeddable":true,"href":"https:\/\/serverdedicato.lovenailsrivenditore.com\/index.php?rest_route=%2Fwp%2Fv2%2Fcomments&post=35173"}],"wp:featuredmedia":[{"embeddable":true,"href":"https:\/\/serverdedicato.lovenailsrivenditore.com\/index.php?rest_route=\/wp\/v2\/media\/35174"}],"wp:attachment":[{"href":"https:\/\/serverdedicato.lovenailsrivenditore.com\/index.php?rest_route=%2Fwp%2Fv2%2Fmedia&parent=35173"}],"wp:term":[{"taxonomy":"product_brand","embeddable":true,"href":"https:\/\/serverdedicato.lovenailsrivenditore.com\/index.php?rest_route=%2Fwp%2Fv2%2Fproduct_brand&post=35173"},{"taxonomy":"product_cat","embeddable":true,"href":"https:\/\/serverdedicato.lovenailsrivenditore.com\/index.php?rest_route=%2Fwp%2Fv2%2Fproduct_cat&post=35173"},{"taxonomy":"product_tag","embeddable":true,"href":"https:\/\/serverdedicato.lovenailsrivenditore.com\/index.php?rest_route=%2Fwp%2Fv2%2Fproduct_tag&post=35173"}],"curies":[{"name":"wp","href":"https:\/\/api.w.org\/{rel}","templated":true}]}}