{"id":35228,"date":"2025-07-29T08:40:35","date_gmt":"2025-07-29T06:40:35","guid":{"rendered":"https:\/\/serverdedicato.lovenailsrivenditore.com\/?product=kodi-builder-modeling-gel-pastel-n-05-13ml"},"modified":"2026-04-20T12:57:09","modified_gmt":"2026-04-20T10:57:09","slug":"kodi-builder-modeling-gel-pastel-n-05-13ml","status":"publish","type":"product","link":"https:\/\/serverdedicato.lovenailsrivenditore.com\/?product=kodi-builder-modeling-gel-pastel-n-05-13ml","title":{"rendered":"KODI &#8211; BUILDER MODELING GEL PASTEL n.05 &#8211; 13ml"},"content":{"rendered":"<p><span dir=\"auto\">Pastel Gel del famoso marchio internazionale Kodi Professional \u00e8 una nuova linea di gel colorati per modellare in delicate tonalit\u00e0 pastello. Adatto sia ai principianti che alle artiste pi\u00f9 esperte.<\/span><\/p>\n<p>Tonalit\u00e0 05: limone chiaro per i design primaverili pi\u00f9 delicati. Ha una viscosit\u00e0 media e una consistenza pratica. Si autolivella bene. \u00c8 resistente, elastico e altamente adesivo. \u00c8 facile e piacevole da lavorare anche per chi \u00e8 alle prime armi. Il gel pu\u00f2 essere utilizzato per modellare, correggere e rinforzare le unghie.<\/p>\n","protected":false},"excerpt":{"rendered":"<p><span dir=\"auto\">Pastel Gel del famoso marchio internazionale Kodi Professional \u00e8 una nuova linea di gel colorati per modellare in delicate tonalit\u00e0 pastello. Adatto sia ai principianti che alle artiste pi\u00f9 esperte.<\/span><\/p>\n<p>Tonalit\u00e0 05: limone chiaro per i design primaverili pi\u00f9 delicati. Ha una viscosit\u00e0 media e una consistenza pratica. Si autolivella bene. \u00c8 resistente, elastico e altamente adesivo. \u00c8 facile e piacevole da lavorare anche per chi \u00e8 alle prime armi. Il gel pu\u00f2 essere utilizzato per modellare, correggere e rinforzare le unghie.<\/p>\n","protected":false},"featured_media":35229,"comment_status":"closed","ping_status":"open","template":"","meta":[],"product_brand":[],"product_cat":[2662,224,223,2627,1509],"product_tag":[2927,2928,2033],"class_list":{"0":"post-35228","1":"product","2":"type-product","3":"status-publish","4":"has-post-thumbnail","6":"product_cat-costruttori-kodi","7":"product_cat-costruttori","8":"product_cat-gel-uv","9":"product_cat-kodi","10":"product_cat-top-brand-professionali-unghie","11":"product_tag-builder-modeling","12":"product_tag-builder-pastel","13":"product_tag-gel-costruttore","15":"first","16":"instock","17":"shipping-taxable","18":"purchasable","19":"product-type-simple"},"_links":{"self":[{"href":"https:\/\/serverdedicato.lovenailsrivenditore.com\/index.php?rest_route=\/wp\/v2\/product\/35228","targetHints":{"allow":["GET"]}}],"collection":[{"href":"https:\/\/serverdedicato.lovenailsrivenditore.com\/index.php?rest_route=\/wp\/v2\/product"}],"about":[{"href":"https:\/\/serverdedicato.lovenailsrivenditore.com\/index.php?rest_route=\/wp\/v2\/types\/product"}],"replies":[{"embeddable":true,"href":"https:\/\/serverdedicato.lovenailsrivenditore.com\/index.php?rest_route=%2Fwp%2Fv2%2Fcomments&post=35228"}],"wp:featuredmedia":[{"embeddable":true,"href":"https:\/\/serverdedicato.lovenailsrivenditore.com\/index.php?rest_route=\/wp\/v2\/media\/35229"}],"wp:attachment":[{"href":"https:\/\/serverdedicato.lovenailsrivenditore.com\/index.php?rest_route=%2Fwp%2Fv2%2Fmedia&parent=35228"}],"wp:term":[{"taxonomy":"product_brand","embeddable":true,"href":"https:\/\/serverdedicato.lovenailsrivenditore.com\/index.php?rest_route=%2Fwp%2Fv2%2Fproduct_brand&post=35228"},{"taxonomy":"product_cat","embeddable":true,"href":"https:\/\/serverdedicato.lovenailsrivenditore.com\/index.php?rest_route=%2Fwp%2Fv2%2Fproduct_cat&post=35228"},{"taxonomy":"product_tag","embeddable":true,"href":"https:\/\/serverdedicato.lovenailsrivenditore.com\/index.php?rest_route=%2Fwp%2Fv2%2Fproduct_tag&post=35228"}],"curies":[{"name":"wp","href":"https:\/\/api.w.org\/{rel}","templated":true}]}}