{"id":35275,"date":"2025-07-31T09:52:37","date_gmt":"2025-07-31T07:52:37","guid":{"rendered":"https:\/\/serverdedicato.lovenailsrivenditore.com\/?product=claresa-cipria-fell-the-powder-01-soft"},"modified":"2026-04-20T12:57:38","modified_gmt":"2026-04-20T10:57:38","slug":"claresa-cipria-fell-the-powder-01-soft","status":"publish","type":"product","link":"https:\/\/serverdedicato.lovenailsrivenditore.com\/?product=claresa-cipria-fell-the-powder-01-soft","title":{"rendered":"CLARESA &#8211; CIPRIA FELL THE POWDER &#8211; 01 SOFT 6g"},"content":{"rendered":"<p><strong><span>Cipria in polvere libera con finitura opaca<\/span><\/strong><\/p>\n<p><span>Scopri il potere unico della cipria sotto gli occhi!\u00a0<\/span><strong><span>SOFT MAT UNDER EYE POWDER<\/span><\/strong><span>\u00a0\u00e8 una cipria sotto gli occhi che, grazie alla sua consistenza ultraleggera, non appesantisce la pelle, mentre la sua formula unica leviga visivamente le linee sottili sotto gli occhi. Questa cipria bianca e vellutata, opaca, illumina delicatamente l&#8217;incarnato, donando ai tuoi occhi un aspetto fresco e vibrante. Fissa il trucco e goditi il suo aspetto impeccabile a lungo.<\/span><\/p>\n<p>&nbsp;<\/p>\n<p><strong><span>CURIOSIT\u00c0<\/span><\/strong><\/p>\n<p><span>La silice contenuta nella formula leviga visivamente la pelle e dona un effetto &#8220;soft focus&#8221;. La formula in polvere \u00e8 ricca di olio di macadamia, che idrata e rigenera in profondit\u00e0 la pelle, con un effetto anti-et\u00e0.<\/span><\/p>\n<p>&nbsp;<\/p>\n<p><strong><span>APPLICAZIONE<\/span><\/strong><\/p>\n<p><span>Applicare la cipria con un pennello morbido o un piumino.<\/span><\/p>\n<p>&nbsp;<\/p>\n<p><strong><span>IL TRUCCO DEI TRUCCATORI<\/span><\/strong><\/p>\n<p><span>Applica un correttore in polvere sotto gli occhi e scopri l&#8217;effetto sfocato! Scolpisci il tuo viso illuminandolo. Applica la cipria al centro della fronte, sopra e sotto il punto pi\u00f9 alto delle sopracciglia, sul ponte del naso, sopra l&#8217;arco di Cupido e sul mento.<\/span><\/p>\n","protected":false},"excerpt":{"rendered":"<p><strong>Cipria in polvere libera con finitura opaca<\/strong><\/p>\n<p>Scopri il potere unico della cipria sotto gli occhi!\u00a0<strong>SOFT MAT UNDER EYE POWDER<\/strong>\u00a0\u00e8 una cipria sotto gli occhi che, grazie alla sua consistenza ultraleggera, non appesantisce la pelle, mentre la sua formula unica leviga visivamente le linee sottili sotto gli occhi. Questa cipria bianca e vellutata, opaca, illumina delicatamente l&#8217;incarnato, donando ai tuoi occhi un aspetto fresco e vibrante. Fissa il trucco e goditi il suo aspetto impeccabile a lungo.<\/p>\n","protected":false},"featured_media":35276,"comment_status":"closed","ping_status":"open","template":"","meta":[],"product_brand":[],"product_cat":[2319,1856,2320,1509,2329],"product_tag":[2359,2534],"class_list":{"0":"post-35275","1":"product","2":"type-product","3":"status-publish","4":"has-post-thumbnail","6":"product_cat-claresa-make-up","7":"product_cat-make-up","8":"product_cat-occhi-claresa-make-up","9":"product_cat-top-brand-professionali-unghie","10":"product_cat-viso-claresa-make-up","11":"product_tag-cipria","12":"product_tag-cipria-in-polvere","14":"first","15":"instock","16":"shipping-taxable","17":"purchasable","18":"product-type-simple"},"_links":{"self":[{"href":"https:\/\/serverdedicato.lovenailsrivenditore.com\/index.php?rest_route=\/wp\/v2\/product\/35275","targetHints":{"allow":["GET"]}}],"collection":[{"href":"https:\/\/serverdedicato.lovenailsrivenditore.com\/index.php?rest_route=\/wp\/v2\/product"}],"about":[{"href":"https:\/\/serverdedicato.lovenailsrivenditore.com\/index.php?rest_route=\/wp\/v2\/types\/product"}],"replies":[{"embeddable":true,"href":"https:\/\/serverdedicato.lovenailsrivenditore.com\/index.php?rest_route=%2Fwp%2Fv2%2Fcomments&post=35275"}],"wp:featuredmedia":[{"embeddable":true,"href":"https:\/\/serverdedicato.lovenailsrivenditore.com\/index.php?rest_route=\/wp\/v2\/media\/35276"}],"wp:attachment":[{"href":"https:\/\/serverdedicato.lovenailsrivenditore.com\/index.php?rest_route=%2Fwp%2Fv2%2Fmedia&parent=35275"}],"wp:term":[{"taxonomy":"product_brand","embeddable":true,"href":"https:\/\/serverdedicato.lovenailsrivenditore.com\/index.php?rest_route=%2Fwp%2Fv2%2Fproduct_brand&post=35275"},{"taxonomy":"product_cat","embeddable":true,"href":"https:\/\/serverdedicato.lovenailsrivenditore.com\/index.php?rest_route=%2Fwp%2Fv2%2Fproduct_cat&post=35275"},{"taxonomy":"product_tag","embeddable":true,"href":"https:\/\/serverdedicato.lovenailsrivenditore.com\/index.php?rest_route=%2Fwp%2Fv2%2Fproduct_tag&post=35275"}],"curies":[{"name":"wp","href":"https:\/\/api.w.org\/{rel}","templated":true}]}}