{"id":35286,"date":"2025-07-31T10:00:30","date_gmt":"2025-07-31T08:00:30","guid":{"rendered":"https:\/\/serverdedicato.lovenailsrivenditore.com\/?product=claresa-base-neutralizzante-anti-rossore-34gr"},"modified":"2026-04-20T12:57:50","modified_gmt":"2026-04-20T10:57:50","slug":"claresa-base-neutralizzante-anti-rossore-34gr","status":"publish","type":"product","link":"https:\/\/serverdedicato.lovenailsrivenditore.com\/?product=claresa-base-neutralizzante-anti-rossore-34gr","title":{"rendered":"CLARESA &#8211; BASE NEUTRALIZZANTE &#8211; ANTI ROSSORE &#8211; 34gr"},"content":{"rendered":"<p><span>Una base ultraleggera che minimizza la comparsa di capillari rotti, discromie e rossori. Lascia la pelle idratata, visibilmente pi\u00f9 liscia e dal colorito pi\u00f9 uniforme, prolungando al contempo la tenuta del fondotinta. \u00c8 il complemento perfetto per il trucco delle pelli soggette a sfoghi, irritazioni, rossori e numerose imperfezioni o cicatrici arrossate.<\/span><\/p>\n<p><strong><span>CURIOSIT\u00c0:<\/span><\/strong><br \/>\n<span>La formula vegana \u00e8 ricca di principi attivi: l&#8217;estratto di ippocastano rafforza le pareti dei vasi sanguigni e le sigilla, riducendone al contempo la tendenza alla rottura; il pantenolo aiuta a uniformare il tono della pelle; lo squalano lenisce le irritazioni; il propandiolo idrata e favorisce i processi di guarigione, mentre il complesso vitaminico AEF fa apparire la pelle pi\u00f9 giovane e le dona un bel colorito.<\/span><\/p>\n<p><strong><span>APPLICAZIONE:<\/span><\/strong><br \/>\n<span>Applicare una piccola quantit\u00e0 su viso deterso e (se necessario) sul d\u00e9collet\u00e9, dopo aver utilizzato la routine di cura della pelle appropriata, procedendo dal centro verso l&#8217;esterno. Esistono due scuole di pensiero riguardo al tempo tra l&#8217;applicazione del primer e del fondotinta: una sostiene che si debba attendere che il primer si assorba\/fissi completamente, mentre l&#8217;altra sostiene che il fondotinta si mescoler\u00e0 meglio con il primer ancora bagnato e avr\u00e0 un aspetto pi\u00f9 naturale. Assicuratevi di verificare quale versione si adatta meglio alla vostra pelle!<\/span><\/p>\n<p><strong><span>TRUCCO DEL TRUCCATORE\u00a0<\/span><\/strong><strong><span>:<\/span><\/strong><br \/>\n<span>Per un trucco leggero da tutti i giorni, applica semplicemente la base con le dita. Per un trucco da occasione speciale, usa una spugnetta Beauty Blender umida per assicurarti che la base aderisca perfettamente alla pelle.<\/span><\/p>\n<p><span>Contiene vitamina A. Si prega di considerare la dose giornaliera raccomandata prima dell&#8217;uso.<\/span><\/p>\n","protected":false},"excerpt":{"rendered":"<p>Una base ultraleggera che minimizza la comparsa di capillari rotti, discromie e rossori. Lascia la pelle idratata, visibilmente pi\u00f9 liscia e dal colorito pi\u00f9 uniforme, prolungando al contempo la tenuta del fondotinta. \u00c8 il complemento perfetto per il trucco delle pelli soggette a sfoghi, irritazioni, rossori e numerose imperfezioni o cicatrici arrossate.<\/p>\n","protected":false},"featured_media":35287,"comment_status":"closed","ping_status":"open","template":"","meta":[],"product_brand":[],"product_cat":[2319,1856,1509,2329],"product_tag":[2930,2753],"class_list":{"0":"post-35286","1":"product","2":"type-product","3":"status-publish","4":"has-post-thumbnail","6":"product_cat-claresa-make-up","7":"product_cat-make-up","8":"product_cat-top-brand-professionali-unghie","9":"product_cat-viso-claresa-make-up","10":"product_tag-base-anti-redness","11":"product_tag-base-trucco","13":"first","14":"instock","15":"shipping-taxable","16":"purchasable","17":"product-type-simple"},"_links":{"self":[{"href":"https:\/\/serverdedicato.lovenailsrivenditore.com\/index.php?rest_route=\/wp\/v2\/product\/35286","targetHints":{"allow":["GET"]}}],"collection":[{"href":"https:\/\/serverdedicato.lovenailsrivenditore.com\/index.php?rest_route=\/wp\/v2\/product"}],"about":[{"href":"https:\/\/serverdedicato.lovenailsrivenditore.com\/index.php?rest_route=\/wp\/v2\/types\/product"}],"replies":[{"embeddable":true,"href":"https:\/\/serverdedicato.lovenailsrivenditore.com\/index.php?rest_route=%2Fwp%2Fv2%2Fcomments&post=35286"}],"wp:featuredmedia":[{"embeddable":true,"href":"https:\/\/serverdedicato.lovenailsrivenditore.com\/index.php?rest_route=\/wp\/v2\/media\/35287"}],"wp:attachment":[{"href":"https:\/\/serverdedicato.lovenailsrivenditore.com\/index.php?rest_route=%2Fwp%2Fv2%2Fmedia&parent=35286"}],"wp:term":[{"taxonomy":"product_brand","embeddable":true,"href":"https:\/\/serverdedicato.lovenailsrivenditore.com\/index.php?rest_route=%2Fwp%2Fv2%2Fproduct_brand&post=35286"},{"taxonomy":"product_cat","embeddable":true,"href":"https:\/\/serverdedicato.lovenailsrivenditore.com\/index.php?rest_route=%2Fwp%2Fv2%2Fproduct_cat&post=35286"},{"taxonomy":"product_tag","embeddable":true,"href":"https:\/\/serverdedicato.lovenailsrivenditore.com\/index.php?rest_route=%2Fwp%2Fv2%2Fproduct_tag&post=35286"}],"curies":[{"name":"wp","href":"https:\/\/api.w.org\/{rel}","templated":true}]}}