{"id":35384,"date":"2025-08-01T13:21:59","date_gmt":"2025-08-01T11:21:59","guid":{"rendered":"https:\/\/serverdedicato.lovenailsrivenditore.com\/?product=claresa-top-no-wipe-candy-rainbow-5ml"},"modified":"2026-04-20T12:59:43","modified_gmt":"2026-04-20T10:59:43","slug":"claresa-top-no-wipe-candy-rainbow-5ml","status":"publish","type":"product","link":"https:\/\/serverdedicato.lovenailsrivenditore.com\/?product=claresa-top-no-wipe-candy-rainbow-5ml","title":{"rendered":"CLARESA &#8211; TOP NO WIPE CANDY RAINBOW &#8211; 5ml"},"content":{"rendered":"<div class=\"wrap rwd scrolled\">\n<div class=\"main row\">\n<div class=\"innermain container\">\n<div class=\"s-row\">\n<div class=\"centercol s-grid-12\">\n<div class=\"tab-container wceapp_tabs\">\n<div class=\"product-tabs\">\n<div id=\"box_description\" class=\"product-tab\" tabindex=\"0\" role=\"tabpanel\" data-tab=\"box_description\" aria-labelledby=\"box_description_tab\">\n<div class=\"innerbox\">\n<div class=\"resetcss\">\n<div>\n<div>\n<div>\n<div>\n<p><strong><span>TOP NO WIPE CANDY RAINBOW 5g \u00e8 un top coat trasparente con piccoli coriandoli pastello<\/span><\/strong><span>\u00a0\u00a0che trasforma qualsiasi manicure in un look estivo e gioioso. Ispirato ai momenti spensierati, al gelato con granella e al calore del sole, questo top coat aggiunge un effetto discreto ma evidente alle unghie che non passer\u00e0 inosservato.<\/span><\/p>\n<p><span>\u00c8 incredibilmente versatile: si abbina perfettamente sia ai colori chiari e pastello che alle tonalit\u00e0 pi\u00f9 audaci. Puoi applicarlo su un classico nude, sul tuo colore preferito, o creare un tocco unico su una singola unghia:\u00a0\u00a0<\/span><strong><span>l&#8217;effetto sar\u00e0 sempre fresco, leggero e affascinante.<\/span><\/strong><\/p>\n<p><span>Grazie alla sua formula no-wipe, \u00e8 incredibilmente facile da usare: non richiede risciacquo, si indurisce rapidamente e prolunga notevolmente la durata del tuo nail design. \u00c8 la scelta perfetta sia per le onicotecniche che per le amanti della manicure casalinga:\u00a0\u00a0<\/span><strong><span>aggiunge senza sforzo un tocco estivo e un tocco di stile.<\/span><\/strong><\/p>\n<p><span>Perfetto per tutti i giorni, le vacanze, il lavoro e gli incontri con gli amici. Con il top coat Candy Raindow, puoi star certa che ogni manicure sar\u00e0 davvero unica.<\/span><\/p>\n<\/div>\n<\/div>\n<\/div>\n<\/div>\n<div>\n<h2><span>Perch\u00e9 scegliere Candy Rainbow?<\/span><\/h2>\n<div>\n<div><img decoding=\"async\" src=\"https:\/\/claresa.pl\/userdata\/public\/assets\/\/bez-przecierania.webp\" alt=\"Nessuno sfregamento\" data-src=\"\/userdata\/public\/assets\/\/bez-przecierania.webp\" data-loaded=\"true\" \/><strong><span>NESSUNA PULIZIA<\/span><\/strong><\/p>\n<p><span>Il top coat non necessita di essere sgrassato: risparmi tempo e ottieni un effetto senza striature.<\/span><\/p>\n<\/div>\n<div><img decoding=\"async\" src=\"https:\/\/claresa.pl\/userdata\/public\/assets\/\/konfetti.webp\" alt=\"Coriandoli pastello\" data-src=\"\/userdata\/public\/assets\/\/konfetti.webp\" data-loaded=\"true\" \/><strong><span>CORIANDOLI COLORATI<\/span><\/strong><\/p>\n<p><span>Le particelle in tonalit\u00e0 pastello donano alle tue unghie un&#8217;energia, una leggerezza e una freschezza eccezionali.<\/span><\/p>\n<\/div>\n<\/div>\n<\/div>\n<\/div>\n<\/div>\n<\/div>\n<\/div>\n<\/div>\n<\/div>\n<\/div>\n<\/div>\n<\/div>\n<\/div>\n<div id=\"onetrust-consent-sdk\"><\/div>\n<div id=\"edrone--main--chat--container\" data-version=\"2.0.1\">\n<section class=\"edrone-chat-position\" data-v-ef2cc670=\"\">\n<div class=\"edrone-chat-wrapper\" data-v-ef2cc670=\"\"><\/div>\n<\/section>\n<\/div>\n","protected":false},"excerpt":{"rendered":"<p><strong>TOP NO WIPE CANDY RAINBOW 5g \u00e8 un top coat trasparente con piccoli coriandoli pastello<\/strong>\u00a0\u00a0che trasforma qualsiasi manicure in un look estivo e gioioso. Ispirato ai momenti spensierati, al gelato con granella e al calore del sole, questo top coat aggiunge un effetto discreto ma evidente alle unghie che non passer\u00e0 inosservato.<\/p>\n<p>\u00c8 incredibilmente versatile: si abbina perfettamente sia ai colori chiari e pastello che alle tonalit\u00e0 pi\u00f9 audaci. Puoi applicarlo su un classico nude, sul tuo colore preferito, o creare un tocco unico su una singola unghia:\u00a0\u00a0<strong>l&#8217;effetto sar\u00e0 sempre fresco, leggero e affascinante.<\/strong><\/p>\n","protected":false},"featured_media":35385,"comment_status":"closed","ping_status":"open","template":"","meta":[],"product_brand":[],"product_cat":[1507,202,1556,1509],"product_tag":[2937,1607],"class_list":{"0":"post-35384","1":"product","2":"type-product","3":"status-publish","4":"has-post-thumbnail","6":"product_cat-claresa","7":"product_cat-finish","8":"product_cat-finish-claresa","9":"product_cat-top-brand-professionali-unghie","10":"product_tag-candy-rainbow","11":"product_tag-top-no-wipe","13":"first","14":"outofstock","15":"shipping-taxable","16":"purchasable","17":"product-type-simple"},"_links":{"self":[{"href":"https:\/\/serverdedicato.lovenailsrivenditore.com\/index.php?rest_route=\/wp\/v2\/product\/35384","targetHints":{"allow":["GET"]}}],"collection":[{"href":"https:\/\/serverdedicato.lovenailsrivenditore.com\/index.php?rest_route=\/wp\/v2\/product"}],"about":[{"href":"https:\/\/serverdedicato.lovenailsrivenditore.com\/index.php?rest_route=\/wp\/v2\/types\/product"}],"replies":[{"embeddable":true,"href":"https:\/\/serverdedicato.lovenailsrivenditore.com\/index.php?rest_route=%2Fwp%2Fv2%2Fcomments&post=35384"}],"wp:featuredmedia":[{"embeddable":true,"href":"https:\/\/serverdedicato.lovenailsrivenditore.com\/index.php?rest_route=\/wp\/v2\/media\/35385"}],"wp:attachment":[{"href":"https:\/\/serverdedicato.lovenailsrivenditore.com\/index.php?rest_route=%2Fwp%2Fv2%2Fmedia&parent=35384"}],"wp:term":[{"taxonomy":"product_brand","embeddable":true,"href":"https:\/\/serverdedicato.lovenailsrivenditore.com\/index.php?rest_route=%2Fwp%2Fv2%2Fproduct_brand&post=35384"},{"taxonomy":"product_cat","embeddable":true,"href":"https:\/\/serverdedicato.lovenailsrivenditore.com\/index.php?rest_route=%2Fwp%2Fv2%2Fproduct_cat&post=35384"},{"taxonomy":"product_tag","embeddable":true,"href":"https:\/\/serverdedicato.lovenailsrivenditore.com\/index.php?rest_route=%2Fwp%2Fv2%2Fproduct_tag&post=35384"}],"curies":[{"name":"wp","href":"https:\/\/api.w.org\/{rel}","templated":true}]}}