{"id":35397,"date":"2025-08-01T13:49:33","date_gmt":"2025-08-01T11:49:33","guid":{"rendered":"https:\/\/serverdedicato.lovenailsrivenditore.com\/?product=claresa-starlight-n-18-5ml"},"modified":"2026-04-20T12:59:56","modified_gmt":"2026-04-20T10:59:56","slug":"claresa-starlight-n-18-5ml","status":"publish","type":"product","link":"https:\/\/serverdedicato.lovenailsrivenditore.com\/?product=claresa-starlight-n-18-5ml","title":{"rendered":"CLARESA &#8211; STARLIGHT n.18 &#8211; 5ml"},"content":{"rendered":"<h2><strong>Starlight \u2013 Il bagliore delle notti estive<\/strong><\/h2>\n<p><strong>La collezione\u00a0<em>Starlight<\/em>\u00a0presenta sei colori intensi ed estivi con un effetto flash<\/strong>\u00a0che si trasformano alla luce e incantano con le loro particelle scintillanti. Ogni tonalit\u00e0 affascina con la sua brillantezza unica, dalle tonalit\u00e0 vibranti ed energiche ai toni profondi e saturi. \u00c8 la scelta perfetta per un&#8217;estate piena di scintillio, stili audaci e momenti indimenticabili.<\/p>\n<h2>Tre volti della brillantezza<\/h2>\n<div>\n<div><img decoding=\"async\" src=\"https:\/\/claresa.pl\/userdata\/public\/assets\/\/Flash-1.webp\" alt=\"Applicatore preciso\" data-src=\"\/userdata\/public\/assets\/\/Flash-1.webp\" data-loaded=\"true\" \/><strong>EFFETTO FLASH<\/strong><br \/>\nUn flash che ravviva la manicure con una nota luminosa che cattura l&#8217;attenzione.<\/div>\n<div><img decoding=\"async\" src=\"https:\/\/claresa.pl\/userdata\/public\/assets\/\/migoczace-drobinki.webp\" alt=\"Formula ad asciugatura rapida\" data-src=\"\/userdata\/public\/assets\/\/migoczace-drobinki.webp\" data-loaded=\"true\" \/><strong>PARTICELLE BRILLANTI<\/strong><br \/>\nBrillano delicatamente, scintillando di luce incantevole ad ogni movimento della mano<\/div>\n<div><img decoding=\"async\" src=\"https:\/\/claresa.pl\/userdata\/public\/assets\/\/wyjatkowy-polysk.webp\" alt=\"Formula impermeabile\" data-src=\"\/userdata\/public\/assets\/\/wyjatkowy-polysk.webp\" data-loaded=\"true\" \/><strong>LUCENTEZZA UNICA<\/strong><br \/>\nIl rivestimento liscio e a specchio esalta la profondit\u00e0 del colore, donando alle tue unghie un fascino femminile<\/div>\n<\/div>\n","protected":false},"excerpt":{"rendered":"<h2><strong>Starlight \u2013 Il bagliore delle notti estive<\/strong><\/h2>\n<p><strong>La collezione\u00a0<em>Starlight<\/em>\u00a0presenta sei colori intensi ed estivi con un effetto flash<\/strong>\u00a0che si trasformano alla luce e incantano con le loro particelle scintillanti. Ogni tonalit\u00e0 affascina con la sua brillantezza unica, dalle tonalit\u00e0 vibranti ed energiche ai toni profondi e saturi. \u00c8 la scelta perfetta per un&#8217;estate piena di scintillio, stili audaci e momenti indimenticabili.<\/p>\n","protected":false},"featured_media":35398,"comment_status":"closed","ping_status":"open","template":"","meta":[],"product_brand":[],"product_cat":[1507,24,1560,83,1509],"product_tag":[874,2118,1849],"class_list":{"0":"post-35397","1":"product","2":"type-product","3":"status-publish","4":"has-post-thumbnail","6":"product_cat-claresa","7":"product_cat-colori","8":"product_cat-colori-semipermanente-claresa","9":"product_cat-semipermanenti","10":"product_cat-top-brand-professionali-unghie","11":"product_tag-flashing","12":"product_tag-reflective","13":"product_tag-starlight","15":"first","16":"instock","17":"shipping-taxable","18":"purchasable","19":"product-type-simple"},"_links":{"self":[{"href":"https:\/\/serverdedicato.lovenailsrivenditore.com\/index.php?rest_route=\/wp\/v2\/product\/35397","targetHints":{"allow":["GET"]}}],"collection":[{"href":"https:\/\/serverdedicato.lovenailsrivenditore.com\/index.php?rest_route=\/wp\/v2\/product"}],"about":[{"href":"https:\/\/serverdedicato.lovenailsrivenditore.com\/index.php?rest_route=\/wp\/v2\/types\/product"}],"replies":[{"embeddable":true,"href":"https:\/\/serverdedicato.lovenailsrivenditore.com\/index.php?rest_route=%2Fwp%2Fv2%2Fcomments&post=35397"}],"wp:featuredmedia":[{"embeddable":true,"href":"https:\/\/serverdedicato.lovenailsrivenditore.com\/index.php?rest_route=\/wp\/v2\/media\/35398"}],"wp:attachment":[{"href":"https:\/\/serverdedicato.lovenailsrivenditore.com\/index.php?rest_route=%2Fwp%2Fv2%2Fmedia&parent=35397"}],"wp:term":[{"taxonomy":"product_brand","embeddable":true,"href":"https:\/\/serverdedicato.lovenailsrivenditore.com\/index.php?rest_route=%2Fwp%2Fv2%2Fproduct_brand&post=35397"},{"taxonomy":"product_cat","embeddable":true,"href":"https:\/\/serverdedicato.lovenailsrivenditore.com\/index.php?rest_route=%2Fwp%2Fv2%2Fproduct_cat&post=35397"},{"taxonomy":"product_tag","embeddable":true,"href":"https:\/\/serverdedicato.lovenailsrivenditore.com\/index.php?rest_route=%2Fwp%2Fv2%2Fproduct_tag&post=35397"}],"curies":[{"name":"wp","href":"https:\/\/api.w.org\/{rel}","templated":true}]}}