{"id":35429,"date":"2025-08-05T10:22:05","date_gmt":"2025-08-05T08:22:05","guid":{"rendered":"https:\/\/serverdedicato.lovenailsrivenditore.com\/?product=claresa-underwear-base-trucco-opacizzante-34ml"},"modified":"2026-04-20T13:00:29","modified_gmt":"2026-04-20T11:00:29","slug":"claresa-underwear-base-trucco-opacizzante-34ml","status":"publish","type":"product","link":"https:\/\/serverdedicato.lovenailsrivenditore.com\/?product=claresa-underwear-base-trucco-opacizzante-34ml","title":{"rendered":"CLARESA &#8211; UNDERWEAR &#8211; BASE TRUCCO OPACIZZANTE &#8211; 34ml"},"content":{"rendered":"<p><span>Una base setosa che opacizza l&#8217;incarnato senza tirare o appesantire. Si stende facilmente, lasciando la pelle morbida, idratata, liscia e piacevole al tatto, prolungando anche la tenuta del fondotinta. \u00c8 il complemento perfetto per il trucco di pelli grasse, miste e normali che preferiscono un finish pi\u00f9 opaco.<\/span><\/p>\n<p><strong><span>CURIOSIT\u00c0:\u00a0<\/span><\/strong><br \/>\n<span>La formula vegana \u00e8 ricca di principi attivi: la betaina idrata, elasticizza e ammorbidisce la pelle, accelera la rigenerazione e lenisce le irritazioni, la glicerina protegge dai fattori esterni e la vitamina E lenisce, nutre, rinforza i vasi sanguigni e previene la formazione di rughe.<\/span><\/p>\n<p><strong><span>APPLICAZIONE:<\/span><\/strong><br \/>\n<span>Applicare una piccola quantit\u00e0 su viso deterso e (se necessario) sul d\u00e9collet\u00e9, dopo aver utilizzato la routine di cura della pelle appropriata, procedendo dal centro verso l&#8217;esterno. Esistono due scuole di pensiero riguardo al tempo tra l&#8217;applicazione del primer e del fondotinta: una sostiene che si debba attendere che il primer si assorba\/fissi completamente, mentre l&#8217;altra sostiene che il fondotinta si mescoler\u00e0 meglio con il primer ancora bagnato e avr\u00e0 un aspetto pi\u00f9 naturale. Assicuratevi di verificare quale versione si adatta meglio alla vostra pelle!<\/span><\/p>\n<p><strong><span>TRUCCO DEL TRUCCATORE\u00a0<\/span><\/strong><strong><span>:<\/span><\/strong><br \/>\n<span>Per un trucco leggero da tutti i giorni, applica semplicemente la base con le dita. Per un trucco da occasione speciale, usa una spugnetta Beauty Blender umida per assicurarti che la base aderisca perfettamente alla pelle.<\/span><\/p>\n","protected":false},"excerpt":{"rendered":"<p>Una base setosa che opacizza l&#8217;incarnato senza tirare o appesantire. Si stende facilmente, lasciando la pelle morbida, idratata, liscia e piacevole al tatto, prolungando anche la tenuta del fondotinta. \u00c8 il complemento perfetto per il trucco di pelli grasse, miste e normali che preferiscono un finish pi\u00f9 opaco.<\/p>\n<p><strong>CURIOSIT\u00c0:\u00a0<\/strong><br \/>\nLa formula vegana \u00e8 ricca di principi attivi: la betaina idrata, elasticizza e ammorbidisce la pelle, accelera la rigenerazione e lenisce le irritazioni, la glicerina protegge dai fattori esterni e la vitamina E lenisce, nutre, rinforza i vasi sanguigni e previene la formazione di rughe.<\/p>\n","protected":false},"featured_media":35430,"comment_status":"closed","ping_status":"open","template":"","meta":[],"product_brand":[],"product_cat":[2319,1856,2329],"product_tag":[2938,2939,2753],"class_list":{"0":"post-35429","1":"product","2":"type-product","3":"status-publish","4":"has-post-thumbnail","6":"product_cat-claresa-make-up","7":"product_cat-make-up","8":"product_cat-viso-claresa-make-up","9":"product_tag-base-makeup","10":"product_tag-base-opaca","11":"product_tag-base-trucco","13":"first","14":"instock","15":"shipping-taxable","16":"purchasable","17":"product-type-simple"},"_links":{"self":[{"href":"https:\/\/serverdedicato.lovenailsrivenditore.com\/index.php?rest_route=\/wp\/v2\/product\/35429","targetHints":{"allow":["GET"]}}],"collection":[{"href":"https:\/\/serverdedicato.lovenailsrivenditore.com\/index.php?rest_route=\/wp\/v2\/product"}],"about":[{"href":"https:\/\/serverdedicato.lovenailsrivenditore.com\/index.php?rest_route=\/wp\/v2\/types\/product"}],"replies":[{"embeddable":true,"href":"https:\/\/serverdedicato.lovenailsrivenditore.com\/index.php?rest_route=%2Fwp%2Fv2%2Fcomments&post=35429"}],"wp:featuredmedia":[{"embeddable":true,"href":"https:\/\/serverdedicato.lovenailsrivenditore.com\/index.php?rest_route=\/wp\/v2\/media\/35430"}],"wp:attachment":[{"href":"https:\/\/serverdedicato.lovenailsrivenditore.com\/index.php?rest_route=%2Fwp%2Fv2%2Fmedia&parent=35429"}],"wp:term":[{"taxonomy":"product_brand","embeddable":true,"href":"https:\/\/serverdedicato.lovenailsrivenditore.com\/index.php?rest_route=%2Fwp%2Fv2%2Fproduct_brand&post=35429"},{"taxonomy":"product_cat","embeddable":true,"href":"https:\/\/serverdedicato.lovenailsrivenditore.com\/index.php?rest_route=%2Fwp%2Fv2%2Fproduct_cat&post=35429"},{"taxonomy":"product_tag","embeddable":true,"href":"https:\/\/serverdedicato.lovenailsrivenditore.com\/index.php?rest_route=%2Fwp%2Fv2%2Fproduct_tag&post=35429"}],"curies":[{"name":"wp","href":"https:\/\/api.w.org\/{rel}","templated":true}]}}