{"id":35455,"date":"2025-08-05T11:57:33","date_gmt":"2025-08-05T09:57:33","guid":{"rendered":"https:\/\/serverdedicato.lovenailsrivenditore.com\/?product=claresa-brow-bro-01-light-mascara-sopracciglia"},"modified":"2026-04-20T13:01:03","modified_gmt":"2026-04-20T11:01:03","slug":"claresa-brow-bro-01-light-mascara-sopracciglia","status":"publish","type":"product","link":"https:\/\/serverdedicato.lovenailsrivenditore.com\/?product=claresa-brow-bro-01-light-mascara-sopracciglia","title":{"rendered":"CLARESA &#8211; BROW BRO &#8211; 01 LIGHT MASCARA SOPRACCIGLIA"},"content":{"rendered":"<p><strong><span>BROW BRO! Mascara per sopracciglia<\/span><\/strong><span>\u00a0con scovolino piccolo e preciso. Definisce perfettamente la forma delle sopracciglia, domando anche i peli pi\u00f9 ribelli. Il prodotto dona ai peli il colore desiderato e li mantiene in posizione per tutto il giorno, senza appiccicarsi o formare grumi. \u00c8 perfetto da solo o come complemento al trucco applicato con matita o pomata.<\/span><\/p>\n<p>&nbsp;<\/p>\n<p><strong><span>APPLICAZIONE:<\/span><\/strong><\/p>\n<p><span>Verifica quale ordine funziona meglio per te: riempire la forma con una matita\/pomata e poi modellare i peli con il mascara, oppure spazzolare i peli con il mascara, aspettare che si fissi e riempire eventuali spazi vuoti con una matita o una pomata.<\/span><\/p>\n<p>&nbsp;<\/p>\n<p><strong><span>TRUCCO DEI TRUCCATORI:<\/span><\/strong><\/p>\n<p><span>Utilizza una tonalit\u00e0 di mascara pi\u00f9 chiara per definire l&#8217;inizio delle sopracciglia e una tonalit\u00e0 pi\u00f9 scura per definire il resto delle sopracciglia, per creare un effetto ombr\u00e9 alla moda.<\/span><\/p>\n","protected":false},"excerpt":{"rendered":"<p><strong>BROW BRO! Mascara per sopracciglia<\/strong>\u00a0con scovolino piccolo e preciso. Definisce perfettamente la forma delle sopracciglia, domando anche i peli pi\u00f9 ribelli. Il prodotto dona ai peli il colore desiderato e li mantiene in posizione per tutto il giorno, senza appiccicarsi o formare grumi. \u00c8 perfetto da solo o come complemento al trucco applicato con matita o pomata.<\/p>\n","protected":false},"featured_media":35456,"comment_status":"closed","ping_status":"open","template":"","meta":[],"product_brand":[],"product_cat":[2319,1856,2348],"product_tag":[1867,2943],"class_list":{"0":"post-35455","1":"product","2":"type-product","3":"status-publish","4":"has-post-thumbnail","6":"product_cat-claresa-make-up","7":"product_cat-make-up","8":"product_cat-sopracciglia-claresa-make-up","9":"product_tag-mascara","10":"product_tag-mascara-sopracciglia","12":"first","13":"instock","14":"shipping-taxable","15":"purchasable","16":"product-type-simple"},"_links":{"self":[{"href":"https:\/\/serverdedicato.lovenailsrivenditore.com\/index.php?rest_route=\/wp\/v2\/product\/35455","targetHints":{"allow":["GET"]}}],"collection":[{"href":"https:\/\/serverdedicato.lovenailsrivenditore.com\/index.php?rest_route=\/wp\/v2\/product"}],"about":[{"href":"https:\/\/serverdedicato.lovenailsrivenditore.com\/index.php?rest_route=\/wp\/v2\/types\/product"}],"replies":[{"embeddable":true,"href":"https:\/\/serverdedicato.lovenailsrivenditore.com\/index.php?rest_route=%2Fwp%2Fv2%2Fcomments&post=35455"}],"wp:featuredmedia":[{"embeddable":true,"href":"https:\/\/serverdedicato.lovenailsrivenditore.com\/index.php?rest_route=\/wp\/v2\/media\/35456"}],"wp:attachment":[{"href":"https:\/\/serverdedicato.lovenailsrivenditore.com\/index.php?rest_route=%2Fwp%2Fv2%2Fmedia&parent=35455"}],"wp:term":[{"taxonomy":"product_brand","embeddable":true,"href":"https:\/\/serverdedicato.lovenailsrivenditore.com\/index.php?rest_route=%2Fwp%2Fv2%2Fproduct_brand&post=35455"},{"taxonomy":"product_cat","embeddable":true,"href":"https:\/\/serverdedicato.lovenailsrivenditore.com\/index.php?rest_route=%2Fwp%2Fv2%2Fproduct_cat&post=35455"},{"taxonomy":"product_tag","embeddable":true,"href":"https:\/\/serverdedicato.lovenailsrivenditore.com\/index.php?rest_route=%2Fwp%2Fv2%2Fproduct_tag&post=35455"}],"curies":[{"name":"wp","href":"https:\/\/api.w.org\/{rel}","templated":true}]}}