{"id":35467,"date":"2025-08-05T12:19:53","date_gmt":"2025-08-05T10:19:53","guid":{"rendered":"https:\/\/serverdedicato.lovenailsrivenditore.com\/?product=claresa-sapone-per-sopracciglia-brow-soap-black"},"modified":"2026-04-20T13:01:14","modified_gmt":"2026-04-20T11:01:14","slug":"claresa-sapone-per-sopracciglia-brow-soap-black","status":"publish","type":"product","link":"https:\/\/serverdedicato.lovenailsrivenditore.com\/?product=claresa-sapone-per-sopracciglia-brow-soap-black","title":{"rendered":"CLARESA &#8211; SAPONE PER SOPRACCIGLIA &#8211; BROW SO(AP) BLACK"},"content":{"rendered":"<p><span>Questo sapone vegano colorato per sopracciglia doma i peli ribelli, li solleva e ne definisce la forma, donando un colore delicato. La formula in gel delicatamente colorata consente di ottenere un effetto sopracciglia folto e alla moda, mantenendole in posizione per tutto il giorno senza renderle innaturalmente rigide. BROW SO(AP)! BLACK \u00e8 facile e pratico da applicare, senza bisogno di acqua. Il sapone pu\u00f2 essere utilizzato da solo o con qualsiasi prodotto per il trucco delle sopracciglia.<\/span><\/p>\n<p>&nbsp;<\/p>\n<p><strong><span>CURIOSIT\u00c0\u00a0<\/span><\/strong><\/p>\n<p><span>Il prodotto \u00e8 arricchito con glicerina che, grazie alle sue propriet\u00e0 igroscopiche, lubrificanti e rigeneranti, dona ai capelli morbidezza ed elasticit\u00e0, li idrata e li protegge dagli effetti nocivi dei fattori esterni.<\/span><\/p>\n<p>&nbsp;<\/p>\n<p><strong><span>APPLICAZIONE<\/span><\/strong><\/p>\n<p><span>Spazzola le sopracciglia con un pennello per prepararle al prodotto. Preleva la quantit\u00e0 desiderata di prodotto sul pennello e applicala sulle sopracciglia con un movimento verso l&#8217;alto, premendo delicatamente contro i peli. Modella le sopracciglia, procedendo verso le punte esterne. Elimina l&#8217;eccesso di sapone con un pennello pulito. BROW SO(AP)! BLACK pu\u00f2 essere utilizzato da solo o con i tuoi prodotti per sopracciglia preferiti per completare il look.<\/span><\/p>\n<p>&nbsp;<\/p>\n<p><strong><span>IL TRUCCO DEL TRUCCATORE<\/span><\/strong><\/p>\n<p><span>Per evitare di applicare troppo sapone direttamente sulle sopracciglia, dopo aver prelevato il prodotto dall&#8217;applicatore, distribuirlo prima sul tappo o sul dorso della mano.<\/span><\/p>\n","protected":false},"excerpt":{"rendered":"<p>Questo sapone vegano colorato per sopracciglia doma i peli ribelli, li solleva e ne definisce la forma, donando un colore delicato. La formula in gel delicatamente colorata consente di ottenere un effetto sopracciglia folto e alla moda, mantenendole in posizione per tutto il giorno senza renderle innaturalmente rigide. BROW SO(AP)! BLACK \u00e8 facile e pratico da applicare, senza bisogno di acqua. Il sapone pu\u00f2 essere utilizzato da solo o con qualsiasi prodotto per il trucco delle sopracciglia.<\/p>\n<p>&nbsp;<\/p>\n","protected":false},"featured_media":35468,"comment_status":"closed","ping_status":"open","template":"","meta":[],"product_brand":[],"product_cat":[2319,1856,2347,2348],"product_tag":[2431,2007],"class_list":{"0":"post-35467","1":"product","2":"type-product","3":"status-publish","4":"has-post-thumbnail","6":"product_cat-claresa-make-up","7":"product_cat-make-up","8":"product_cat-sopracciglia","9":"product_cat-sopracciglia-claresa-make-up","10":"product_tag-sapone","11":"product_tag-sopracciglia","13":"first","14":"instock","15":"shipping-taxable","16":"purchasable","17":"product-type-simple"},"_links":{"self":[{"href":"https:\/\/serverdedicato.lovenailsrivenditore.com\/index.php?rest_route=\/wp\/v2\/product\/35467","targetHints":{"allow":["GET"]}}],"collection":[{"href":"https:\/\/serverdedicato.lovenailsrivenditore.com\/index.php?rest_route=\/wp\/v2\/product"}],"about":[{"href":"https:\/\/serverdedicato.lovenailsrivenditore.com\/index.php?rest_route=\/wp\/v2\/types\/product"}],"replies":[{"embeddable":true,"href":"https:\/\/serverdedicato.lovenailsrivenditore.com\/index.php?rest_route=%2Fwp%2Fv2%2Fcomments&post=35467"}],"wp:featuredmedia":[{"embeddable":true,"href":"https:\/\/serverdedicato.lovenailsrivenditore.com\/index.php?rest_route=\/wp\/v2\/media\/35468"}],"wp:attachment":[{"href":"https:\/\/serverdedicato.lovenailsrivenditore.com\/index.php?rest_route=%2Fwp%2Fv2%2Fmedia&parent=35467"}],"wp:term":[{"taxonomy":"product_brand","embeddable":true,"href":"https:\/\/serverdedicato.lovenailsrivenditore.com\/index.php?rest_route=%2Fwp%2Fv2%2Fproduct_brand&post=35467"},{"taxonomy":"product_cat","embeddable":true,"href":"https:\/\/serverdedicato.lovenailsrivenditore.com\/index.php?rest_route=%2Fwp%2Fv2%2Fproduct_cat&post=35467"},{"taxonomy":"product_tag","embeddable":true,"href":"https:\/\/serverdedicato.lovenailsrivenditore.com\/index.php?rest_route=%2Fwp%2Fv2%2Fproduct_tag&post=35467"}],"curies":[{"name":"wp","href":"https:\/\/api.w.org\/{rel}","templated":true}]}}