{"id":35484,"date":"2025-08-05T12:39:56","date_gmt":"2025-08-05T10:39:56","guid":{"rendered":"https:\/\/serverdedicato.lovenailsrivenditore.com\/?product=claresa-cheeck-2-cheeck-02-glam-glow-illuminante-liquido"},"modified":"2026-04-20T13:01:30","modified_gmt":"2026-04-20T11:01:30","slug":"claresa-cheeck-2-cheeck-02-glam-glow-illuminante-liquido","status":"publish","type":"product","link":"https:\/\/serverdedicato.lovenailsrivenditore.com\/?product=claresa-cheeck-2-cheeck-02-glam-glow-illuminante-liquido","title":{"rendered":"CLARESA &#8211; CHEECK 2 CHEECK &#8211; 02 GLAM GLOW &#8211; ILLUMINANTE LIQUIDO"},"content":{"rendered":"<p>Scopri un illuminante che dar\u00e0 un significato completamente nuovo all'&#8221;effetto flood&#8221;! Un&#8217;intensa brillantezza nascosta in una formula incredibilmente cremosa e fissante \u00e8 il modo migliore per raggiungere gli #glowgoals che hai sempre sognato! Si fonde perfettamente con la pelle, creando una transizione graduale e luminosa, e il suo effetto illuminante dura tutto il giorno! Il prodotto si applica in modo incredibilmente rapido e semplice, quindi ottenere l&#8217;effetto desiderato sar\u00e0 facile anche per chi \u00e8 alle prime armi con il trucco.<\/p>\n<p>CURIOSIT\u00c0<\/p>\n<p>I colori di Cheek2cheek non sono casuali: ogni incarnato merita la tonalit\u00e0 di illuminante perfetta! Scegli la tonalit\u00e0 pi\u00f9 adatta a te, fredda o calda, e goditi una luminosit\u00e0 perfetta come mai prima d&#8217;ora!<\/p>\n<p>APP<\/p>\n<p>I prodotti in crema si applicano prima della cipria, dopo il fondotinta. Puoi applicare il prodotto direttamente sul viso con l&#8217;apposito applicatore oppure sul dorso della mano e prelevarlo con una spugnetta o un pennello. Applicalo sulla parte superiore degli zigomi, sull&#8217;arco di Cupido, sul dorso del naso o sui lati della fronte. Puoi anche usarlo per illuminare l&#8217;angolo interno dell&#8217;occhio.<\/p>\n<p>TRUCCO DA TRUCCATRICE:<\/p>\n<p>Prova a usare l&#8217;illuminante prima del fondotinta, come primo prodotto della tua routine di trucco! Il risultato? Un effetto naturale di pelle illuminata e radiosa.<\/p>\n<p>&nbsp;<\/p>\n","protected":false},"excerpt":{"rendered":"<p>Scopri un illuminante che dar\u00e0 un significato completamente nuovo all'&#8221;effetto flood&#8221;! Un&#8217;intensa brillantezza nascosta in una formula incredibilmente cremosa e fissante \u00e8 il modo migliore per raggiungere gli #glowgoals che hai sempre sognato! Si fonde perfettamente con la pelle, creando una transizione graduale e luminosa, e il suo effetto illuminante dura tutto il giorno! Il prodotto si applica in modo incredibilmente rapido e semplice, quindi ottenere l&#8217;effetto desiderato sar\u00e0 facile anche per chi \u00e8 alle prime armi con il trucco.<\/p>\n","protected":false},"featured_media":35485,"comment_status":"closed","ping_status":"open","template":"","meta":[],"product_brand":[],"product_cat":[2319,1856,2329],"product_tag":[2656,2357],"class_list":{"0":"post-35484","1":"product","2":"type-product","3":"status-publish","4":"has-post-thumbnail","6":"product_cat-claresa-make-up","7":"product_cat-make-up","8":"product_cat-viso-claresa-make-up","9":"product_tag-highlighter","10":"product_tag-illuminante","12":"first","13":"instock","14":"shipping-taxable","15":"purchasable","16":"product-type-simple"},"_links":{"self":[{"href":"https:\/\/serverdedicato.lovenailsrivenditore.com\/index.php?rest_route=\/wp\/v2\/product\/35484","targetHints":{"allow":["GET"]}}],"collection":[{"href":"https:\/\/serverdedicato.lovenailsrivenditore.com\/index.php?rest_route=\/wp\/v2\/product"}],"about":[{"href":"https:\/\/serverdedicato.lovenailsrivenditore.com\/index.php?rest_route=\/wp\/v2\/types\/product"}],"replies":[{"embeddable":true,"href":"https:\/\/serverdedicato.lovenailsrivenditore.com\/index.php?rest_route=%2Fwp%2Fv2%2Fcomments&post=35484"}],"wp:featuredmedia":[{"embeddable":true,"href":"https:\/\/serverdedicato.lovenailsrivenditore.com\/index.php?rest_route=\/wp\/v2\/media\/35485"}],"wp:attachment":[{"href":"https:\/\/serverdedicato.lovenailsrivenditore.com\/index.php?rest_route=%2Fwp%2Fv2%2Fmedia&parent=35484"}],"wp:term":[{"taxonomy":"product_brand","embeddable":true,"href":"https:\/\/serverdedicato.lovenailsrivenditore.com\/index.php?rest_route=%2Fwp%2Fv2%2Fproduct_brand&post=35484"},{"taxonomy":"product_cat","embeddable":true,"href":"https:\/\/serverdedicato.lovenailsrivenditore.com\/index.php?rest_route=%2Fwp%2Fv2%2Fproduct_cat&post=35484"},{"taxonomy":"product_tag","embeddable":true,"href":"https:\/\/serverdedicato.lovenailsrivenditore.com\/index.php?rest_route=%2Fwp%2Fv2%2Fproduct_tag&post=35484"}],"curies":[{"name":"wp","href":"https:\/\/api.w.org\/{rel}","templated":true}]}}