{"id":35536,"date":"2025-08-08T13:50:54","date_gmt":"2025-08-08T11:50:54","guid":{"rendered":"https:\/\/serverdedicato.lovenailsrivenditore.com\/?product=yoshi-written-in-love-n-163-library-of-secrets"},"modified":"2026-04-20T13:02:18","modified_gmt":"2026-04-20T11:02:18","slug":"yoshi-written-in-love-n-163-library-of-secrets","status":"publish","type":"product","link":"https:\/\/serverdedicato.lovenailsrivenditore.com\/?product=yoshi-written-in-love-n-163-library-of-secrets","title":{"rendered":"YOSHI &#8211; WRITTEN IN LOVE n.163 &#8211; LIBRARY OF SECRETS"},"content":{"rendered":"<p><span>Perch\u00e9 scrivere lettere d&#8217;amore sulla carta quando puoi scrivere la tua storia&#8230; sulle tue unghie? La collezione\u00a0<\/span><b><span>Written in Love\u00a0<\/span><\/b><span>\u00e8 una storia di Yoshi che ti permette di esprimere le tue emozioni in un modo completamente nuovo: attraverso colori che possono dire pi\u00f9 delle parole.<\/span><\/p>\n<p><span>Ogni tonalit\u00e0 di questa collezione \u00e8 un capitolo d&#8217;amore: dagli inizi passionali, ai segreti nascosti, fino alle conclusioni romantiche. \u00c8 pi\u00f9 di un semplice smalto: \u00e8 un modo per esprimere i propri sentimenti, catturare le proprie emozioni e creare look memorabili. Invece di parlare d&#8217;amore, mostralo al mondo.<\/span><\/p>\n<p>Questa tonalit\u00e0 delizia con la sua ricca base rosa, che brilla di riflessi metallici e delicate particelle scintillanti. Il colore intenso cambia a seconda della luce, rivelando diverse sfumature di rosa e rosso, come segreti nascosti tra le pagine del tuo libro preferito. Questa collezione \u00e8 pi\u00f9 di un semplice smalto: \u00e8 un viaggio attraverso le emozioni pi\u00f9 belle scritte nei libri e nei cuori<\/p>\n<p>&nbsp;<\/p>\n","protected":false},"excerpt":{"rendered":"<p>Questa tonalit\u00e0 delizia con la sua ricca base rosa, che brilla di riflessi metallici e delicate particelle scintillanti. Il colore intenso cambia a seconda della luce, rivelando diverse sfumature di rosa e rosso, come segreti nascosti tra le pagine del tuo libro preferito. Questa collezione \u00e8 pi\u00f9 di un semplice smalto: \u00e8 un viaggio attraverso le emozioni pi\u00f9 belle scritte nei libri e nei cuori<\/p>\n","protected":false},"featured_media":35537,"comment_status":"closed","ping_status":"open","template":"","meta":[],"product_brand":[],"product_cat":[24,2796,83,2795],"product_tag":[49,182],"class_list":{"0":"post-35536","1":"product","2":"type-product","3":"status-publish","4":"has-post-thumbnail","6":"product_cat-colori","7":"product_cat-colori-semipermanenti","8":"product_cat-semipermanenti","9":"product_cat-yoshi","10":"product_tag-fucsia","11":"product_tag-viola","13":"first","14":"instock","15":"shipping-taxable","16":"purchasable","17":"product-type-simple"},"_links":{"self":[{"href":"https:\/\/serverdedicato.lovenailsrivenditore.com\/index.php?rest_route=\/wp\/v2\/product\/35536","targetHints":{"allow":["GET"]}}],"collection":[{"href":"https:\/\/serverdedicato.lovenailsrivenditore.com\/index.php?rest_route=\/wp\/v2\/product"}],"about":[{"href":"https:\/\/serverdedicato.lovenailsrivenditore.com\/index.php?rest_route=\/wp\/v2\/types\/product"}],"replies":[{"embeddable":true,"href":"https:\/\/serverdedicato.lovenailsrivenditore.com\/index.php?rest_route=%2Fwp%2Fv2%2Fcomments&post=35536"}],"wp:featuredmedia":[{"embeddable":true,"href":"https:\/\/serverdedicato.lovenailsrivenditore.com\/index.php?rest_route=\/wp\/v2\/media\/35537"}],"wp:attachment":[{"href":"https:\/\/serverdedicato.lovenailsrivenditore.com\/index.php?rest_route=%2Fwp%2Fv2%2Fmedia&parent=35536"}],"wp:term":[{"taxonomy":"product_brand","embeddable":true,"href":"https:\/\/serverdedicato.lovenailsrivenditore.com\/index.php?rest_route=%2Fwp%2Fv2%2Fproduct_brand&post=35536"},{"taxonomy":"product_cat","embeddable":true,"href":"https:\/\/serverdedicato.lovenailsrivenditore.com\/index.php?rest_route=%2Fwp%2Fv2%2Fproduct_cat&post=35536"},{"taxonomy":"product_tag","embeddable":true,"href":"https:\/\/serverdedicato.lovenailsrivenditore.com\/index.php?rest_route=%2Fwp%2Fv2%2Fproduct_tag&post=35536"}],"curies":[{"name":"wp","href":"https:\/\/api.w.org\/{rel}","templated":true}]}}