{"id":35550,"date":"2025-08-12T08:41:08","date_gmt":"2025-08-12T06:41:08","guid":{"rendered":"https:\/\/serverdedicato.lovenailsrivenditore.com\/?product=molly-nails-cat-eyes-pastel-n-181-8gr"},"modified":"2026-04-20T13:02:30","modified_gmt":"2026-04-20T11:02:30","slug":"molly-nails-cat-eyes-pastel-n-181-8gr","status":"publish","type":"product","link":"https:\/\/serverdedicato.lovenailsrivenditore.com\/?product=molly-nails-cat-eyes-pastel-n-181-8gr","title":{"rendered":"MOLLY NAILS &#8211; CAT EYES PASTEL n.181 &#8211; 8gr"},"content":{"rendered":"<p>Delicati colori pastello brillano con particelle multidimensionali. Puoi usarli in diversi modi, creando un numero infinito di look. Basta applicarli su qualsiasi colore ibrido per trasformarne completamente l&#8217;aspetto. La multifunzionalit\u00e0 della\u00a0<strong>collezione Pastel Cat Eye<\/strong>\u00a0aggiunger\u00e0 profondit\u00e0 e tridimensionalit\u00e0 al tuo look, attirando l&#8217;attenzione.<\/p>\n<p><strong>Smalti ibridi pastello Cat Eye di Molly Nails:\u00a0<\/strong><\/p>\n<ul>\n<li>hanno l&#8217;aggiunta di polvere metallica Cat Eye, che cambia l&#8217;aspetto dello styling con l&#8217;aiuto di un magnetizzatore,<\/li>\n<li>sono semitrasparenti, il che consente di utilizzarli con qualsiasi colore di base, polvere o top coat in cristallo<\/li>\n<li>hanno una spazzola tagliata al laser con setole flessibili che facilitano il lavoro<\/li>\n<li>consistenza \u2013 consente una facile applicazione<\/li>\n<li>polimerizzazione rapida da 30 a 60 secondi: risparmio di tempo<\/li>\n<li>durata fino a 4 settimane &#8211; confermato dalle opinioni dei clienti soddisfatti<\/li>\n<li>sono facili da rimuovere, utilizzando liquidi ammorbidenti o una fresatrice<\/li>\n<li>alta qualit\u00e0 a un prezzo ragionevole: dai un&#8217;occhiata e valuta!<\/li>\n<\/ul>\n","protected":false},"excerpt":{"rendered":"<p>Delicati colori pastello brillano con particelle multidimensionali. Puoi usarli in diversi modi, creando un numero infinito di look. Basta applicarli su qualsiasi colore ibrido per trasformarne completamente l&#8217;aspetto. La multifunzionalit\u00e0 della\u00a0<strong>collezione Pastel Cat Eye<\/strong>\u00a0aggiunger\u00e0 profondit\u00e0 e tridimensionalit\u00e0 al tuo look, attirando l&#8217;attenzione.<\/p>\n","protected":false},"featured_media":35551,"comment_status":"closed","ping_status":"open","template":"","meta":[],"product_brand":[],"product_cat":[24,82,81,83],"product_tag":[927,103,1745,2390],"class_list":{"0":"post-35550","1":"product","2":"type-product","3":"status-publish","4":"has-post-thumbnail","6":"product_cat-colori","7":"product_cat-colori-semipermanente","8":"product_cat-molly-lac","9":"product_cat-semipermanenti","10":"product_tag-cat-eye","11":"product_tag-cat-eyes","12":"product_tag-molly-nails","13":"product_tag-pastel","15":"first","16":"instock","17":"shipping-taxable","18":"purchasable","19":"product-type-simple"},"_links":{"self":[{"href":"https:\/\/serverdedicato.lovenailsrivenditore.com\/index.php?rest_route=\/wp\/v2\/product\/35550","targetHints":{"allow":["GET"]}}],"collection":[{"href":"https:\/\/serverdedicato.lovenailsrivenditore.com\/index.php?rest_route=\/wp\/v2\/product"}],"about":[{"href":"https:\/\/serverdedicato.lovenailsrivenditore.com\/index.php?rest_route=\/wp\/v2\/types\/product"}],"replies":[{"embeddable":true,"href":"https:\/\/serverdedicato.lovenailsrivenditore.com\/index.php?rest_route=%2Fwp%2Fv2%2Fcomments&post=35550"}],"wp:featuredmedia":[{"embeddable":true,"href":"https:\/\/serverdedicato.lovenailsrivenditore.com\/index.php?rest_route=\/wp\/v2\/media\/35551"}],"wp:attachment":[{"href":"https:\/\/serverdedicato.lovenailsrivenditore.com\/index.php?rest_route=%2Fwp%2Fv2%2Fmedia&parent=35550"}],"wp:term":[{"taxonomy":"product_brand","embeddable":true,"href":"https:\/\/serverdedicato.lovenailsrivenditore.com\/index.php?rest_route=%2Fwp%2Fv2%2Fproduct_brand&post=35550"},{"taxonomy":"product_cat","embeddable":true,"href":"https:\/\/serverdedicato.lovenailsrivenditore.com\/index.php?rest_route=%2Fwp%2Fv2%2Fproduct_cat&post=35550"},{"taxonomy":"product_tag","embeddable":true,"href":"https:\/\/serverdedicato.lovenailsrivenditore.com\/index.php?rest_route=%2Fwp%2Fv2%2Fproduct_tag&post=35550"}],"curies":[{"name":"wp","href":"https:\/\/api.w.org\/{rel}","templated":true}]}}