{"id":35796,"date":"2025-09-26T12:54:16","date_gmt":"2025-09-26T10:54:16","guid":{"rendered":"https:\/\/serverdedicato.lovenailsrivenditore.com\/?product=yoshi-pennello-liner-7mm"},"modified":"2026-04-20T13:06:41","modified_gmt":"2026-04-20T11:06:41","slug":"yoshi-pennello-liner-7mm","status":"publish","type":"product","link":"https:\/\/serverdedicato.lovenailsrivenditore.com\/?product=yoshi-pennello-liner-7mm","title":{"rendered":"YOSHI &#8211; PENNELLO LINER &#8211; 7mm"},"content":{"rendered":"<p><strong>Precisione e perfezione nella nail art<\/strong><\/p>\n<p>Il pennello LINER 7 mm \u00e8 uno strumento indispensabile per gli stilisti delle unghie che apprezzano la precisione e la qualit\u00e0 nei loro disegni. Grazie alle sue setole sottili e naturali di Kolinsky, il pennello \u00e8 perfetto per dipingere linee sottili, dettagli, nail art, nonch\u00e9 per applicare gel o smalto ibrido vicino alle cuticole.<\/p>\n<p><strong>Caratteristiche principali del prodotto:<\/strong><\/p>\n<p><strong>1. Capelli Kolinsky naturali di alta qualit\u00e0:<\/strong> i capelli Kolinsky sono noti per la loro eccezionale durata, flessibilit\u00e0 e precisione. Grazie a ci\u00f2, il pennello consente di dipingere con precisione anche le decorazioni pi\u00f9 complesse.<\/p>\n<p><strong>2. Lunghezza delle setole \u2013 7 mm:<\/strong>\u00a0la lunghezza precisa di 7 mm rende il pennello ideale per dipingere linee sottili, ornamenti, dettagli e per una perfetta copertura delle unghie sotto le cuticole.<\/p>\n<p><strong>3. Impugnatura ergonomica:<\/strong>\u00a0l&#8217;impugnatura accuratamente progettata garantisce comfort anche durante le lunghe sessioni di styling. Il pennello si adatta comodamente alla mano, consentendo il pieno controllo sull&#8217;applicazione del prodotto.<\/p>\n<p><strong>4. Pratico tappo richiudibile:<\/strong> il pennello LINER da 7 mm \u00e8 dotato di un tappo richiudibile che protegge efficacemente le setole da contaminazioni, deformazioni e danni accidentali. Ci\u00f2 garantisce che il pennello sia sempre igienico e pronta per l&#8217;uso. Design elegante: si distingue non solo per la sua funzionalit\u00e0, ma anche per il suo aspetto elegante. Il sottile<\/p>\n<p>Il design rosa aggiunge eleganza e rende lo strumento professionale in qualsiasi luogo di lavoro.<\/p>\n<p>&nbsp;<\/p>\n<p><strong>Perch\u00e9 scegliere il pennello LINER 7 mm?<\/strong><\/p>\n<ul>\n<li>Precisione nella decorazione: Ideale per linee sottili, dettagli, ornamenti e lavorando vicino alla cuticola.<\/li>\n<li>Durata: le setole Kolinsky di alta qualit\u00e0 garantiscono un uso duraturo e un&#8217;eccellente precisione.<\/li>\n<li>Igiene e protezione: La ghiera chiusa protegge le setole da danni e contaminazioni.<\/li>\n<li>Comfort ed estetica: l&#8217;impugnatura ergonomica e il design elegante garantiscono un uso confortevole e un aspetto professionale.<\/li>\n<\/ul>\n<p>&nbsp;<\/p>\n<p>Il pennello LINER 7 mm \u00e8 la scelta perfetta per tutti i nail stylist che vogliono ottenere risultati perfetti nella nail art. Scegli qualit\u00e0, precisione e stile: scegli un pennello che soddisfi tutte le tue esigenze!<\/p>\n<p><strong>Setole:<\/strong>\u00a0naturali KOLINSKY<\/p>\n<p><strong>Lunghezza:\u00a0<\/strong>7 mm<\/p>\n","protected":false},"excerpt":{"rendered":"<p><strong>Perfezione nelle decorazioni e nelle lunghe linee<\/strong><\/p>\n<p>Il pennello LINER 9 mm \u00e8 uno strumento professionale progettato per i nail stylist che richiedono precisione e affidabilit\u00e0. Grazie alle sue sottili setole naturali Kolinsky, lunghe 9 mm, il pennello \u00e8 ideale per dipingere linee sottili, nail art e linee lunghe e rette. \u00c8 la scelta perfetta per decorazioni e dettagli avanzati.<\/p>\n","protected":false},"featured_media":35797,"comment_status":"closed","ping_status":"open","template":"","meta":[],"product_brand":[],"product_cat":[177,243,2795],"product_tag":[245,2002,1630],"class_list":{"0":"post-35796","1":"product","2":"type-product","3":"status-publish","4":"has-post-thumbnail","6":"product_cat-accessori","7":"product_cat-pennelli","8":"product_cat-yoshi","9":"product_tag-pennello","10":"product_tag-pennello-liner","11":"product_tag-pennello-nail-art","13":"first","14":"instock","15":"shipping-taxable","16":"purchasable","17":"product-type-simple"},"_links":{"self":[{"href":"https:\/\/serverdedicato.lovenailsrivenditore.com\/index.php?rest_route=\/wp\/v2\/product\/35796","targetHints":{"allow":["GET"]}}],"collection":[{"href":"https:\/\/serverdedicato.lovenailsrivenditore.com\/index.php?rest_route=\/wp\/v2\/product"}],"about":[{"href":"https:\/\/serverdedicato.lovenailsrivenditore.com\/index.php?rest_route=\/wp\/v2\/types\/product"}],"replies":[{"embeddable":true,"href":"https:\/\/serverdedicato.lovenailsrivenditore.com\/index.php?rest_route=%2Fwp%2Fv2%2Fcomments&post=35796"}],"wp:featuredmedia":[{"embeddable":true,"href":"https:\/\/serverdedicato.lovenailsrivenditore.com\/index.php?rest_route=\/wp\/v2\/media\/35797"}],"wp:attachment":[{"href":"https:\/\/serverdedicato.lovenailsrivenditore.com\/index.php?rest_route=%2Fwp%2Fv2%2Fmedia&parent=35796"}],"wp:term":[{"taxonomy":"product_brand","embeddable":true,"href":"https:\/\/serverdedicato.lovenailsrivenditore.com\/index.php?rest_route=%2Fwp%2Fv2%2Fproduct_brand&post=35796"},{"taxonomy":"product_cat","embeddable":true,"href":"https:\/\/serverdedicato.lovenailsrivenditore.com\/index.php?rest_route=%2Fwp%2Fv2%2Fproduct_cat&post=35796"},{"taxonomy":"product_tag","embeddable":true,"href":"https:\/\/serverdedicato.lovenailsrivenditore.com\/index.php?rest_route=%2Fwp%2Fv2%2Fproduct_tag&post=35796"}],"curies":[{"name":"wp","href":"https:\/\/api.w.org\/{rel}","templated":true}]}}