{"id":35810,"date":"2025-09-26T13:13:33","date_gmt":"2025-09-26T11:13:33","guid":{"rendered":"https:\/\/serverdedicato.lovenailsrivenditore.com\/?product=yoshi-pennello-gel-brush-6"},"modified":"2026-04-20T13:06:50","modified_gmt":"2026-04-20T11:06:50","slug":"yoshi-pennello-gel-brush-6","status":"publish","type":"product","link":"https:\/\/serverdedicato.lovenailsrivenditore.com\/?product=yoshi-pennello-gel-brush-6","title":{"rendered":"YOSHI &#8211; PENNELLO GEL BRUSH #6"},"content":{"rendered":"<p><strong>Perfetta applicazione del gel in un elegante design rosa<\/strong><\/p>\n<p>GEL BRUSH #6 \u00e8 uno strumento professionale che combina precisione, praticit\u00e0 e design unico. Creato per i nail stylist che apprezzano la funzionalit\u00e0 e l&#8217;estetica, il pennello si distingue per il suo bel colore rosa, che aggiunge eleganza a qualsiasi luogo di lavoro. Grazie alle sue ampie setole sintetiche, \u00e8 perfetto per applicare il gel su aree pi\u00f9 ampie, garantendo una finitura perfetta.<\/p>\n<p>Caratteristiche principali del prodotto:<\/p>\n<p><strong>1. Setole sintetiche in NYLON:<\/strong> le setole resistenti e flessibili garantiscono una distribuzione uniforme e precisa del gel. Le setole sono resistenti alla deformazione, il che rende il pennello affidabile anche con un uso intensivo.<\/p>\n<p><strong>2. Larghezza delle setole #6 mm:<\/strong>\u00a0le setole pi\u00f9 larghe facilitano l&#8217;applicazione del gel su superfici ungueali pi\u00f9 grandi, velocizzando notevolmente il lavoro. \u00c8 ideale anche per modellare le unghie in varie forme.<\/p>\n<p><strong>3. Precisione in ogni stile:<\/strong>\u00a0le setole sottili consentono un lavoro preciso intorno alle cuticole, riducendo al minimo il rischio di allagamento, garantendo un risultato finale estetico e pulito.<\/p>\n<p><strong>4. Elegante design rosa:<\/strong>\u00a0il bel colore rosa del manico non \u00e8 solo estetico, ma anche un modo per distinguersi dagli altri strumenti. La spazzola colpisce per la sua eleganza e aggiunge professionalit\u00e0 a qualsiasi luogo di lavoro. Design ergonomico: Design ergonomico: L&#8217;impugnatura ben progettata garantisce il comfort durante le lunghe sessioni di styling. Il pennello si adatta comodamente alla mano, consentendo movimenti precisi e controllo sull&#8217;applicazione.<\/p>\n<p><strong>6. Pratico tappo richiudibile:<\/strong><\/p>\n<p>Il pennello GEL BRUSH #6 \u00e8 dotato di un cappuccio richiudibile che fornisce una protezione affidabile contro la contaminazione, la deformazione delle setole e l&#8217;indurimento accidentale del gel. Questa pratica soluzione garantisce una maggiore durata e un uso igienico dell&#8217;utensile.<\/p>\n<p><strong>Perch\u00e9 scegliere GEL BRUSH #6?<\/strong><\/p>\n<ul>\n<li>Efficienza e precisione: le setole larghe consentono un&#8217;applicazione rapida e uniforme del gel mantenendo la precisione. Durata: le setole in NYLON di alta qualit\u00e0 sono resistenti alla deformazione e mantengono le loro propriet\u00e0 per lungo tempo.<\/li>\n<li>Versatilit\u00e0: Perfetto sia per i principianti che per gli stilisti esperti.<\/li>\n<li>Aspetto unico: l&#8217;elegante colore rosa rende il pennello non solo funzionale ma anche elegante.<\/li>\n<li>Comodo da usare: l&#8217;impugnatura ergonomica riduce al minimo l&#8217;affaticamento della mano, garantendo comfort anche durante lunghi periodi di utilizzo.<\/li>\n<\/ul>\n<p>Scegli precisione, comfort e stile. Scegli il GEL BRUSH #6 e raggiungi la perfezione in ogni stile, godendo non solo della sua funzionalit\u00e0 ma anche del suo elegante design rosa! Setole: NYLON sintetico<\/p>\n<p><strong>Larghezza:\u00a0<\/strong>6 mm<\/p>\n","protected":false},"excerpt":{"rendered":"<p><strong>Perfetta applicazione del gel in un elegante design rosa<\/strong><\/p>\n<p>GEL BRUSH #6 \u00e8 uno strumento professionale che combina precisione, praticit\u00e0 e design unico. Creato per i nail stylist che apprezzano la funzionalit\u00e0 e l&#8217;estetica, il pennello si distingue per il suo bel colore rosa, che aggiunge eleganza a qualsiasi luogo di lavoro. Grazie alle sue ampie setole sintetiche, \u00e8 perfetto per applicare il gel su aree pi\u00f9 ampie, garantendo una finitura perfetta.<\/p>\n","protected":false},"featured_media":35811,"comment_status":"closed","ping_status":"open","template":"","meta":[],"product_brand":[],"product_cat":[177,243],"product_tag":[2961,245,1046],"class_list":{"0":"post-35810","1":"product","2":"type-product","3":"status-publish","4":"has-post-thumbnail","6":"product_cat-accessori","7":"product_cat-pennelli","8":"product_tag-gel-brush","9":"product_tag-pennello","10":"product_tag-pennello-gel","12":"first","13":"instock","14":"shipping-taxable","15":"purchasable","16":"product-type-simple"},"_links":{"self":[{"href":"https:\/\/serverdedicato.lovenailsrivenditore.com\/index.php?rest_route=\/wp\/v2\/product\/35810","targetHints":{"allow":["GET"]}}],"collection":[{"href":"https:\/\/serverdedicato.lovenailsrivenditore.com\/index.php?rest_route=\/wp\/v2\/product"}],"about":[{"href":"https:\/\/serverdedicato.lovenailsrivenditore.com\/index.php?rest_route=\/wp\/v2\/types\/product"}],"replies":[{"embeddable":true,"href":"https:\/\/serverdedicato.lovenailsrivenditore.com\/index.php?rest_route=%2Fwp%2Fv2%2Fcomments&post=35810"}],"wp:featuredmedia":[{"embeddable":true,"href":"https:\/\/serverdedicato.lovenailsrivenditore.com\/index.php?rest_route=\/wp\/v2\/media\/35811"}],"wp:attachment":[{"href":"https:\/\/serverdedicato.lovenailsrivenditore.com\/index.php?rest_route=%2Fwp%2Fv2%2Fmedia&parent=35810"}],"wp:term":[{"taxonomy":"product_brand","embeddable":true,"href":"https:\/\/serverdedicato.lovenailsrivenditore.com\/index.php?rest_route=%2Fwp%2Fv2%2Fproduct_brand&post=35810"},{"taxonomy":"product_cat","embeddable":true,"href":"https:\/\/serverdedicato.lovenailsrivenditore.com\/index.php?rest_route=%2Fwp%2Fv2%2Fproduct_cat&post=35810"},{"taxonomy":"product_tag","embeddable":true,"href":"https:\/\/serverdedicato.lovenailsrivenditore.com\/index.php?rest_route=%2Fwp%2Fv2%2Fproduct_tag&post=35810"}],"curies":[{"name":"wp","href":"https:\/\/api.w.org\/{rel}","templated":true}]}}