{"id":35878,"date":"2025-09-26T14:37:23","date_gmt":"2025-09-26T12:37:23","guid":{"rendered":"https:\/\/serverdedicato.lovenailsrivenditore.com\/?product=brush-up-matita-labbra-in-crema-03-caramel-nude"},"modified":"2026-04-20T13:08:03","modified_gmt":"2026-04-20T11:08:03","slug":"brush-up-matita-labbra-in-crema-03-caramel-nude","status":"publish","type":"product","link":"https:\/\/serverdedicato.lovenailsrivenditore.com\/?product=brush-up-matita-labbra-in-crema-03-caramel-nude","title":{"rendered":"BRUSH UP &#8211; MATITA LABBRA IN CREMA &#8211; 03 CARAMEL NUDE"},"content":{"rendered":"<p><em>Il tuo sorriso, la tua bellezza! Comfort cremoso, sfumature naturali e colore a lunga tenuta per una forma delle labbra perfetta.<br \/>\n<\/em><\/p>\n<p>Le tue labbra sono la tua pi\u00f9 grande risorsa e la nostra matita labbra le render\u00e0 ancora pi\u00f9 belle! Creato pensando al tuo comfort, offre una formula cremosa, sfumature naturali e un colore a lunga tenuta che daranno la forma perfetta alle tue labbra.<\/p>\n<p>La texture cremosa rende l&#8217;applicazione della matita liscia come la seta e, grazie alla presenza di vitamina e, le tue labbra rimangono idratate. Inoltre, l&#8217;olio di ricino in esso contenuto dona lucentezza e migliora l&#8217;adesione alla pelle. La formula intensamente pigmentata fornisce un colore a lunga tenuta che dura per ore: non devi preoccuparti di dover ritoccare spesso il trucco. Inoltre, la sua forma twist-out garantisce comfort di applicazione e il temperino nascosto nella punta della matita consente di aumentare la precisione del bastoncino.<\/p>\n<p>\u00c8 pi\u00f9 di una semplice matita per le labbra: puoi usarla come rossetto e riempirla con tutte le labbra per chiarezza e profondit\u00e0 di colore. La sua formula cremosa lo rende facile da stendere sulle labbra, lasciando un effetto uniforme e duraturo, senza enfatizzare le cuticole secche.<\/p>\n<p>Ognuno dei colori della matita per le labbra crea il set di colori perfetto con il lucidalabbra della collezione Brushup! Di Maxineczka, con lo stesso nome della tonalit\u00e0.<\/p>\n<p><strong>Caratteristiche principali:<\/strong><\/p>\n<p>&#8211; texture cremosa per un finish<br \/>\nconfortevole &#8211; colore a lunga tenuta con alta pigmentazione<br \/>\n&#8211; il contenuto di vitamina E si prende cura dell&#8217;idratazione della pelle<br \/>\n&#8211; il contenuto di olio di ricino dona lucentezza e migliora l&#8217;adesione<br \/>\nalla pelle &#8211; confezione<br \/>\ncomoda e twist-out &#8211; il temperino nascosto nella punta della matita aumenta la precisione di applicazione<br \/>\n&#8211; disponibile in 4 tonalit\u00e0 naturali, compatibile con i lucidalabbra della collezione Brushup! Di Maxineczka<\/p>\n<p><strong>Modo d&#8217;uso:\u00a0<\/strong>Usa una matita per tracciare il contorno delle tue labbra per dare loro la forma desiderata.<\/p>\n","protected":false},"excerpt":{"rendered":"<p><em>Il tuo sorriso, la tua bellezza! Comfort cremoso, sfumature naturali e colore a lunga tenuta per una forma delle labbra perfetta.<br \/>\n<\/em><\/p>\n<p>Le tue labbra sono la tua pi\u00f9 grande risorsa e la nostra matita labbra le render\u00e0 ancora pi\u00f9 belle! Creato pensando al tuo comfort, offre una formula cremosa, sfumature naturali e un colore a lunga tenuta che daranno la forma perfetta alle tue labbra.<\/p>\n","protected":false},"featured_media":35879,"comment_status":"closed","ping_status":"open","template":"","meta":[],"product_brand":[],"product_cat":[2945,2963,1856],"product_tag":[2964,2652],"class_list":{"0":"post-35878","1":"product","2":"type-product","3":"status-publish","4":"has-post-thumbnail","6":"product_cat-brush-up-make-up","7":"product_cat-labbra-brush-up-make-up","8":"product_cat-make-up","9":"product_tag-caramel-nude","10":"product_tag-matita-labbra","12":"first","13":"instock","14":"shipping-taxable","15":"purchasable","16":"product-type-simple"},"_links":{"self":[{"href":"https:\/\/serverdedicato.lovenailsrivenditore.com\/index.php?rest_route=\/wp\/v2\/product\/35878","targetHints":{"allow":["GET"]}}],"collection":[{"href":"https:\/\/serverdedicato.lovenailsrivenditore.com\/index.php?rest_route=\/wp\/v2\/product"}],"about":[{"href":"https:\/\/serverdedicato.lovenailsrivenditore.com\/index.php?rest_route=\/wp\/v2\/types\/product"}],"replies":[{"embeddable":true,"href":"https:\/\/serverdedicato.lovenailsrivenditore.com\/index.php?rest_route=%2Fwp%2Fv2%2Fcomments&post=35878"}],"wp:featuredmedia":[{"embeddable":true,"href":"https:\/\/serverdedicato.lovenailsrivenditore.com\/index.php?rest_route=\/wp\/v2\/media\/35879"}],"wp:attachment":[{"href":"https:\/\/serverdedicato.lovenailsrivenditore.com\/index.php?rest_route=%2Fwp%2Fv2%2Fmedia&parent=35878"}],"wp:term":[{"taxonomy":"product_brand","embeddable":true,"href":"https:\/\/serverdedicato.lovenailsrivenditore.com\/index.php?rest_route=%2Fwp%2Fv2%2Fproduct_brand&post=35878"},{"taxonomy":"product_cat","embeddable":true,"href":"https:\/\/serverdedicato.lovenailsrivenditore.com\/index.php?rest_route=%2Fwp%2Fv2%2Fproduct_cat&post=35878"},{"taxonomy":"product_tag","embeddable":true,"href":"https:\/\/serverdedicato.lovenailsrivenditore.com\/index.php?rest_route=%2Fwp%2Fv2%2Fproduct_tag&post=35878"}],"curies":[{"name":"wp","href":"https:\/\/api.w.org\/{rel}","templated":true}]}}