{"id":35940,"date":"2025-09-27T11:01:58","date_gmt":"2025-09-27T09:01:58","guid":{"rendered":"https:\/\/serverdedicato.lovenailsrivenditore.com\/?product=brush-up-fissante-idratante-effetto-glow-100ml"},"modified":"2026-04-20T13:09:23","modified_gmt":"2026-04-20T11:09:23","slug":"brush-up-fissante-idratante-effetto-glow-100ml","status":"publish","type":"product","link":"https:\/\/serverdedicato.lovenailsrivenditore.com\/?product=brush-up-fissante-idratante-effetto-glow-100ml","title":{"rendered":"BRUSH UP &#8211; FISSANTE IDRATANTE &#8211; EFFETTO GLOW &#8211; 100ml"},"content":{"rendered":"<p><em>Tocca la tua pelle con un bagliore radioso. Una nebbia che avvolge delicatamente il viso, donandogli idratazione, illuminazione e freschezza istantanee.<\/em><\/p>\n<p>Stai cercando un prodotto che unifichi il tuo trucco, rimuova la cipria, lo fissi e allo stesso tempo fornisca alla tua pelle una delicata luminosit\u00e0 e idratazione?<\/p>\n<p>Non cercare oltre: Moisturizing Glow Mist combina tutte queste caratteristiche!<\/p>\n<p>La nebbia \u00e8 bifasica, il che significa che \u00e8 composta da una parte acquosa e una oleosa. Grazie a ci\u00f2, il prodotto non solo fissa, ma idrata anche. Inoltre, la nebbia contiene una serie di ingredienti benefici:<\/p>\n<ul>\n<li>Pantenolo &#8211; lenisce, idrata e supporta la rigenerazione<\/li>\n<li>Olio di mandorle dolci \u2013 idrata e previene la perdita d&#8217;acqua, creando un&#8217;occlusione<\/li>\n<li>Estratto di cetriolo &#8211; leviga, lenisce e idrata<\/li>\n<li>estratto di uva verde \u2013 ha propriet\u00e0 antisettiche e antiossidanti<\/li>\n<li>estratto di mela verde \u2013 ha un effetto antiossidante e levigante<\/li>\n<li>Estratto di prugna verde giapponese \u2013 idrata, rassoda, illumina e ha un effetto antiossidante<\/li>\n<li>Estratto di papaya verde \u2013 idrata, tonifica e rilassa la pelle<\/li>\n<\/ul>\n<p>&nbsp;<\/p>\n<p>Oltre alla sua ricca composizione e fissazione, la nebbia \u00e8 anche caratterizzata da propriet\u00e0 schiarenti. Dona alla pelle una luminosit\u00e0 delicata e potenzia l&#8217;effetto della polvere illuminante, ma allo stesso tempo non illumina l&#8217;incarnato. Puoi anche spruzzarlo sulla scollatura per dargli un bagliore sano e sexy.<\/p>\n<p>&nbsp;<\/p>\n<p>Prima dell&#8217;uso, agitare e spruzzare il viso da una distanza di 20-30 cm, quindi attendere che il prodotto venga assorbito. Puoi anche usarlo prima di applicare il trucco e riapplicare lo spray durante il giorno per prolungare la durata dei prodotti applicati, rinfrescare l&#8217;aspetto dell&#8217;incarnato o aggiungere idratazione.<\/p>\n<p>&nbsp;<\/p>\n<p><strong>Caratteristiche principali:<\/strong><\/p>\n<p><span>&#8211; fornisce luminosit\u00e0 e idratazione alla pelle &#8211; illumina la pelle &#8211; elimina la<br \/>\npolverosit\u00e0<br \/>\n&#8211; contiene pantenolo, olio di mandorle dolci, estratto di cetriolo e un complesso di estratti di 4 frutti<br \/>\nverdi &#8211; integra e fissa il<br \/>\ntrucco<br \/>\n&#8211; ha un effetto<br \/>\nrinfrescante &#8211; lenisce, idrata e rilassa la pelle &#8211; diffusore che applica uniformemente la<br \/>\nnebbia<\/span><\/p>\n<p><strong>Modo d&#8217;uso:<\/strong>\u00a0Agitare il flacone prima dell&#8217;uso. Spruzzare la nebbia sulla pelle del viso da una distanza di circa 20-30 centimetri, quindi lasciarla assorbire. Utilizzare durante il giorno per rinfrescarsi.<\/p>\n","protected":false},"excerpt":{"rendered":"<p><em>Tocca la tua pelle con un bagliore radioso. Una nebbia che avvolge delicatamente il viso, donandogli idratazione, illuminazione e freschezza istantanee.<\/em><\/p>\n<p>Stai cercando un prodotto che unifichi il tuo trucco, rimuova la cipria, lo fissi e allo stesso tempo fornisca alla tua pelle una delicata luminosit\u00e0 e idratazione?<\/p>\n<p>Non cercare oltre: Moisturizing Glow Mist combina tutte queste caratteristiche!<\/p>\n<p>La nebbia \u00e8 bifasica, il che significa che \u00e8 composta da una parte acquosa e una oleosa. Grazie a ci\u00f2, il prodotto non solo fissa, ma idrata anche.<\/p>\n","protected":false},"featured_media":35941,"comment_status":"closed","ping_status":"open","template":"","meta":[],"product_brand":[],"product_cat":[2945,1856],"product_tag":[2438,2659],"class_list":{"0":"post-35940","1":"product","2":"type-product","3":"status-publish","4":"has-post-thumbnail","6":"product_cat-brush-up-make-up","7":"product_cat-make-up","8":"product_tag-fissante","9":"product_tag-spray-fissante","11":"first","12":"instock","13":"shipping-taxable","14":"purchasable","15":"product-type-simple"},"_links":{"self":[{"href":"https:\/\/serverdedicato.lovenailsrivenditore.com\/index.php?rest_route=\/wp\/v2\/product\/35940","targetHints":{"allow":["GET"]}}],"collection":[{"href":"https:\/\/serverdedicato.lovenailsrivenditore.com\/index.php?rest_route=\/wp\/v2\/product"}],"about":[{"href":"https:\/\/serverdedicato.lovenailsrivenditore.com\/index.php?rest_route=\/wp\/v2\/types\/product"}],"replies":[{"embeddable":true,"href":"https:\/\/serverdedicato.lovenailsrivenditore.com\/index.php?rest_route=%2Fwp%2Fv2%2Fcomments&post=35940"}],"wp:featuredmedia":[{"embeddable":true,"href":"https:\/\/serverdedicato.lovenailsrivenditore.com\/index.php?rest_route=\/wp\/v2\/media\/35941"}],"wp:attachment":[{"href":"https:\/\/serverdedicato.lovenailsrivenditore.com\/index.php?rest_route=%2Fwp%2Fv2%2Fmedia&parent=35940"}],"wp:term":[{"taxonomy":"product_brand","embeddable":true,"href":"https:\/\/serverdedicato.lovenailsrivenditore.com\/index.php?rest_route=%2Fwp%2Fv2%2Fproduct_brand&post=35940"},{"taxonomy":"product_cat","embeddable":true,"href":"https:\/\/serverdedicato.lovenailsrivenditore.com\/index.php?rest_route=%2Fwp%2Fv2%2Fproduct_cat&post=35940"},{"taxonomy":"product_tag","embeddable":true,"href":"https:\/\/serverdedicato.lovenailsrivenditore.com\/index.php?rest_route=%2Fwp%2Fv2%2Fproduct_tag&post=35940"}],"curies":[{"name":"wp","href":"https:\/\/api.w.org\/{rel}","templated":true}]}}