{"id":35985,"date":"2025-09-27T11:36:33","date_gmt":"2025-09-27T09:36:33","guid":{"rendered":"https:\/\/serverdedicato.lovenailsrivenditore.com\/?product=brush-up-matita-occhi-crayon-04-light-beige"},"modified":"2026-04-20T13:10:29","modified_gmt":"2026-04-20T11:10:29","slug":"brush-up-matita-occhi-crayon-04-light-beige","status":"publish","type":"product","link":"https:\/\/serverdedicato.lovenailsrivenditore.com\/?product=brush-up-matita-occhi-crayon-04-light-beige","title":{"rendered":"BRUSH UP &#8211; MATITA OCCHI CRAYON &#8211; 04 LIGHT BEIGE"},"content":{"rendered":"<p>&#8216;- altamente pigmentato e ha la durata dell&#8217;eyeliner con una formula a lunga tenuta resistente all&#8217;abrasione e alle sbavature<br \/>\n&#8211; la texture ultra morbida garantisce una facile applicazione<br \/>\n&#8211; pu\u00f2 essere utilizzato sia come eyeliner che come matita<br \/>\nper la linea di galleggiamento- ideale per sfumare, in modo da poterlo trasformare facilmente in smokey eyes<br \/>\n&#8211; arricchito con vitamina E, che \u00e8 un eccellente antiossidante<br \/>\n&#8211; confezione comoda e twist-out<br \/>\n&#8211; l&#8217;affilatoio nascosto nella punta della confezione aumenta la precisione di applicazione<br \/>\n&#8211; disponibile in 7 tonalit\u00e0: beige, marrone metallizzato, marrone scuro, beige chiaro, nero, melanzane metallizzate e rosa metallizzato<\/p>\n<p>Questo eyeliner in gel trasformer\u00e0 il tuo look in una volta sola! \u00c8 una combinazione di comfort e durata, grazie alla forma attorcigliata e alla consistenza cremosa, che non solo rimane a lungo sulla pelle, ma garantisce anche un&#8217;incredibile precisione di applicazione. Scivola dolcemente sulla palpebra e si fissa rapidamente dopo l&#8217;applicazione, garantendo un effetto duraturo per tutta la giornata. L&#8217;affilatoio nascosto all&#8217;estremit\u00e0 della confezione permette di creare linee ancora pi\u00f9 precise.<\/p>\n<p>La formula morbida e in gel della matita \u00e8 un&#8217;ottima scelta per creare un efficace trucco smoky eye, enfatizzando la profondit\u00e0 dello sguardo. Inoltre, grazie alla sua versatilit\u00e0, \u00e8 perfetto anche come eyeliner per la rima interna, donando al tuo trucco un&#8217;espressione straordinaria e un effetto rinfrescante. Grazie al contenuto di vitamina E, che crea una barriera protettiva per la pelle, funzioner\u00e0 bene anche per gli occhi sensibili.<\/p>\n","protected":false},"excerpt":{"rendered":"<p>Questo eyeliner in gel trasformer\u00e0 il tuo look in una volta sola! \u00c8 una combinazione di comfort e durata, grazie alla forma attorcigliata e alla consistenza cremosa, che non solo rimane a lungo sulla pelle, ma garantisce anche un&#8217;incredibile precisione di applicazione. Scivola dolcemente sulla palpebra e si fissa rapidamente dopo l&#8217;applicazione, garantendo un effetto duraturo per tutta la giornata. L&#8217;affilatoio nascosto all&#8217;estremit\u00e0 della confezione permette di creare linee ancora pi\u00f9 precise.<\/p>\n","protected":false},"featured_media":35986,"comment_status":"closed","ping_status":"open","template":"","meta":[],"product_brand":[],"product_cat":[2945,1856,2946],"product_tag":[2967,2968,2382],"class_list":{"0":"post-35985","1":"product","2":"type-product","3":"status-publish","4":"has-post-thumbnail","6":"product_cat-brush-up-make-up","7":"product_cat-make-up","8":"product_cat-occhi-brush-up-make-up","9":"product_tag-crayon","10":"product_tag-light-nude","11":"product_tag-matita-occhi","13":"first","14":"instock","15":"shipping-taxable","16":"purchasable","17":"product-type-simple"},"_links":{"self":[{"href":"https:\/\/serverdedicato.lovenailsrivenditore.com\/index.php?rest_route=\/wp\/v2\/product\/35985","targetHints":{"allow":["GET"]}}],"collection":[{"href":"https:\/\/serverdedicato.lovenailsrivenditore.com\/index.php?rest_route=\/wp\/v2\/product"}],"about":[{"href":"https:\/\/serverdedicato.lovenailsrivenditore.com\/index.php?rest_route=\/wp\/v2\/types\/product"}],"replies":[{"embeddable":true,"href":"https:\/\/serverdedicato.lovenailsrivenditore.com\/index.php?rest_route=%2Fwp%2Fv2%2Fcomments&post=35985"}],"wp:featuredmedia":[{"embeddable":true,"href":"https:\/\/serverdedicato.lovenailsrivenditore.com\/index.php?rest_route=\/wp\/v2\/media\/35986"}],"wp:attachment":[{"href":"https:\/\/serverdedicato.lovenailsrivenditore.com\/index.php?rest_route=%2Fwp%2Fv2%2Fmedia&parent=35985"}],"wp:term":[{"taxonomy":"product_brand","embeddable":true,"href":"https:\/\/serverdedicato.lovenailsrivenditore.com\/index.php?rest_route=%2Fwp%2Fv2%2Fproduct_brand&post=35985"},{"taxonomy":"product_cat","embeddable":true,"href":"https:\/\/serverdedicato.lovenailsrivenditore.com\/index.php?rest_route=%2Fwp%2Fv2%2Fproduct_cat&post=35985"},{"taxonomy":"product_tag","embeddable":true,"href":"https:\/\/serverdedicato.lovenailsrivenditore.com\/index.php?rest_route=%2Fwp%2Fv2%2Fproduct_tag&post=35985"}],"curies":[{"name":"wp","href":"https:\/\/api.w.org\/{rel}","templated":true}]}}