{"id":35994,"date":"2025-09-27T11:42:40","date_gmt":"2025-09-27T09:42:40","guid":{"rendered":"https:\/\/serverdedicato.lovenailsrivenditore.com\/?product=brush-up-palette-sopracciglia"},"modified":"2026-04-20T13:10:44","modified_gmt":"2026-04-20T11:10:44","slug":"brush-up-palette-sopracciglia","status":"publish","type":"product","link":"https:\/\/serverdedicato.lovenailsrivenditore.com\/?product=brush-up-palette-sopracciglia","title":{"rendered":"BRUSH UP &#8211; PALETTE SOPRACCIGLIA"},"content":{"rendered":"<p><strong>Sopracciglia in ogni tonalit\u00e0: una palette di 6 ombretti che si abbina al tuo stile!<\/strong><\/p>\n<p>Scegli la tua tonalit\u00e0 di sopracciglia perfetta con la palette di ombretti per sopracciglia BRUSH UP 6! DI MAXINECZKA. Indipendentemente dal tipo di bellezza, dal colore dei capelli o dai cambiamenti di immagine, la palette offre tonalit\u00e0 adatte a tutti! Crea il trucco perfetto per le sopracciglia sfumando le sfumature per creare la transizione perfetta. \u00c8 cos\u00ec facile con questa tavolozza!<\/p>\n<p>I nostri ombretti per sopracciglia sono adeguatamente pressati, il che impedisce loro di cadere. Con questa formula innovativa, puoi goderti un&#8217;applicazione pulita e precisa, senza antiestetici residui sulla pelle. La pigmentazione degli ombretti \u00e8 stata accuratamente bilanciata per garantire una combinazione di colori uniforme e intensa. Ogni ombretto offre un&#8217;eccellente copertura che consente di riempire con precisione le sopracciglia e creare la forma perfetta. La palette contiene sei tonalit\u00e0 accuratamente selezionate che puoi abbinare al colore naturale delle sopracciglia o all&#8217;effetto che preferisci. Dai biondi chiari ai castani profondi, troverai il colore perfetto per te.<\/p>\n<p>Caratteristiche<br \/>\nprincipali:<br \/>\n&#8211; applicazione senza spargimento &#8211; pigmentazione<br \/>\nuniforme &#8211; colori selezionati con precisione<\/p>\n","protected":false},"excerpt":{"rendered":"<p><strong>Sopracciglia in ogni tonalit\u00e0: una palette di 6 ombretti che si abbina al tuo stile!<\/strong><\/p>\n<p>Scegli la tua tonalit\u00e0 di sopracciglia perfetta con la palette di ombretti per sopracciglia BRUSH UP 6! DI MAXINECZKA. Indipendentemente dal tipo di bellezza, dal colore dei capelli o dai cambiamenti di immagine, la palette offre tonalit\u00e0 adatte a tutti! Crea il trucco perfetto per le sopracciglia sfumando le sfumature per creare la transizione perfetta. \u00c8 cos\u00ec facile con questa tavolozza!<\/p>\n<p>I nostri ombretti per sopracciglia sono adeguatamente pressati, il che impedisce loro di cadere. Con questa formula innovativa, puoi goderti un&#8217;applicazione pulita e precisa, senza antiestetici residui sulla pelle. La pigmentazione degli ombretti \u00e8 stata accuratamente bilanciata per garantire una combinazione di colori uniforme e intensa. Ogni ombretto offre un&#8217;eccellente copertura che consente di riempire con precisione le sopracciglia e creare la forma perfetta. La palette contiene sei tonalit\u00e0 accuratamente selezionate che puoi abbinare al colore naturale delle sopracciglia o all&#8217;effetto che preferisci. Dai biondi chiari ai castani profondi, troverai il colore perfetto per te.<\/p>\n<p>Caratteristiche<br \/>\nprincipali:<br \/>\n&#8211; applicazione senza spargimento &#8211; pigmentazione<br \/>\nuniforme &#8211; colori selezionati con precisione<\/p>\n","protected":false},"featured_media":35995,"comment_status":"closed","ping_status":"open","template":"","meta":[],"product_brand":[],"product_cat":[2945,1856],"product_tag":[2785,2007],"class_list":{"0":"post-35994","1":"product","2":"type-product","3":"status-publish","4":"has-post-thumbnail","6":"product_cat-brush-up-make-up","7":"product_cat-make-up","8":"product_tag-brow","9":"product_tag-sopracciglia","11":"first","12":"instock","13":"shipping-taxable","14":"purchasable","15":"product-type-simple"},"_links":{"self":[{"href":"https:\/\/serverdedicato.lovenailsrivenditore.com\/index.php?rest_route=\/wp\/v2\/product\/35994","targetHints":{"allow":["GET"]}}],"collection":[{"href":"https:\/\/serverdedicato.lovenailsrivenditore.com\/index.php?rest_route=\/wp\/v2\/product"}],"about":[{"href":"https:\/\/serverdedicato.lovenailsrivenditore.com\/index.php?rest_route=\/wp\/v2\/types\/product"}],"replies":[{"embeddable":true,"href":"https:\/\/serverdedicato.lovenailsrivenditore.com\/index.php?rest_route=%2Fwp%2Fv2%2Fcomments&post=35994"}],"wp:featuredmedia":[{"embeddable":true,"href":"https:\/\/serverdedicato.lovenailsrivenditore.com\/index.php?rest_route=\/wp\/v2\/media\/35995"}],"wp:attachment":[{"href":"https:\/\/serverdedicato.lovenailsrivenditore.com\/index.php?rest_route=%2Fwp%2Fv2%2Fmedia&parent=35994"}],"wp:term":[{"taxonomy":"product_brand","embeddable":true,"href":"https:\/\/serverdedicato.lovenailsrivenditore.com\/index.php?rest_route=%2Fwp%2Fv2%2Fproduct_brand&post=35994"},{"taxonomy":"product_cat","embeddable":true,"href":"https:\/\/serverdedicato.lovenailsrivenditore.com\/index.php?rest_route=%2Fwp%2Fv2%2Fproduct_cat&post=35994"},{"taxonomy":"product_tag","embeddable":true,"href":"https:\/\/serverdedicato.lovenailsrivenditore.com\/index.php?rest_route=%2Fwp%2Fv2%2Fproduct_tag&post=35994"}],"curies":[{"name":"wp","href":"https:\/\/api.w.org\/{rel}","templated":true}]}}