{"id":36001,"date":"2025-09-27T11:47:19","date_gmt":"2025-09-27T09:47:19","guid":{"rendered":"https:\/\/serverdedicato.lovenailsrivenditore.com\/?product=brush-up-palette-occhi"},"modified":"2026-04-20T13:10:53","modified_gmt":"2026-04-20T11:10:53","slug":"brush-up-palette-occhi","status":"publish","type":"product","link":"https:\/\/serverdedicato.lovenailsrivenditore.com\/?product=brush-up-palette-occhi","title":{"rendered":"BRUSH UP &#8211; PALETTE OCCHI"},"content":{"rendered":"<p>Scopri i colori del tuo bagliore interiore con la palette carnevalesca di 14 ombretti BRUSH UP! DI MAXINECZKA. Troverai combinazioni di colori con diverse finiture: la combinazione perfetta di ombretti opachi e lucidi, disposti verticalmente per facilitarne l&#8217;abbinamento. La tavolozza incontra il tuo intuito! I colori pi\u00f9 comunemente usati, ad esempio il beige chiaro e il bagliore perlato, sono due volte pi\u00f9 grandi, quindi puoi goderteli pi\u00f9 a lungo!<\/p>\n<p>Gli ombretti opachi sono altamente pigmentati e si fondono in modo estremamente morbido, mentre gli ombretti perlati, con una formula che aderisce perfettamente alla palpebra, creano un bagliore multidimensionale.<\/p>\n<p>Caratteristiche principali:<br \/>\n&#8211; facilit\u00e0 d&#8217;uso &#8211; combinazioni di colori preparate per YOUebie<br \/>\n&#8211; 7 ombretti opachi e 7 ombretti<br \/>\nglitterati- gli ombretti pi\u00f9 chiari in due dimensioni<br \/>\n&#8211; facile sfumatura e alta pigmentazione<br \/>\n&#8211; bagliore multidimensionale delle ombre illuminanti<\/p>\n","protected":false},"excerpt":{"rendered":"<p>Scopri i colori del tuo bagliore interiore con la palette carnevalesca di 14 ombretti BRUSH UP! DI MAXINECZKA. Troverai combinazioni di colori con diverse finiture: la combinazione perfetta di ombretti opachi e lucidi, disposti verticalmente per facilitarne l&#8217;abbinamento. La tavolozza incontra il tuo intuito! I colori pi\u00f9 comunemente usati, ad esempio il beige chiaro e il bagliore perlato, sono due volte pi\u00f9 grandi, quindi puoi goderteli pi\u00f9 a lungo!<\/p>\n<p>Gli ombretti opachi sono altamente pigmentati e si fondono in modo estremamente morbido, mentre gli ombretti perlati, con una formula che aderisce perfettamente alla palpebra, creano un bagliore multidimensionale.<\/p>\n<p>Caratteristiche principali:<br \/>\n&#8211; facilit\u00e0 d&#8217;uso &#8211; combinazioni di colori preparate per YOUebie<br \/>\n&#8211; 7 ombretti opachi e 7 ombretti<br \/>\nglitterati- gli ombretti pi\u00f9 chiari in due dimensioni<br \/>\n&#8211; facile sfumatura e alta pigmentazione<br \/>\n&#8211; bagliore multidimensionale delle ombre illuminanti<\/p>\n","protected":false},"featured_media":36002,"comment_status":"closed","ping_status":"open","template":"","meta":[],"product_brand":[],"product_cat":[840,2945,1856,2946],"product_tag":[2718,2969],"class_list":{"0":"post-36001","1":"product","2":"type-product","3":"status-publish","4":"has-post-thumbnail","6":"product_cat-black-friday","7":"product_cat-brush-up-make-up","8":"product_cat-make-up","9":"product_cat-occhi-brush-up-make-up","10":"product_tag-palette-eyes","11":"product_tag-palette-occhi","13":"first","14":"instock","15":"shipping-taxable","16":"purchasable","17":"product-type-simple"},"_links":{"self":[{"href":"https:\/\/serverdedicato.lovenailsrivenditore.com\/index.php?rest_route=\/wp\/v2\/product\/36001","targetHints":{"allow":["GET"]}}],"collection":[{"href":"https:\/\/serverdedicato.lovenailsrivenditore.com\/index.php?rest_route=\/wp\/v2\/product"}],"about":[{"href":"https:\/\/serverdedicato.lovenailsrivenditore.com\/index.php?rest_route=\/wp\/v2\/types\/product"}],"replies":[{"embeddable":true,"href":"https:\/\/serverdedicato.lovenailsrivenditore.com\/index.php?rest_route=%2Fwp%2Fv2%2Fcomments&post=36001"}],"wp:featuredmedia":[{"embeddable":true,"href":"https:\/\/serverdedicato.lovenailsrivenditore.com\/index.php?rest_route=\/wp\/v2\/media\/36002"}],"wp:attachment":[{"href":"https:\/\/serverdedicato.lovenailsrivenditore.com\/index.php?rest_route=%2Fwp%2Fv2%2Fmedia&parent=36001"}],"wp:term":[{"taxonomy":"product_brand","embeddable":true,"href":"https:\/\/serverdedicato.lovenailsrivenditore.com\/index.php?rest_route=%2Fwp%2Fv2%2Fproduct_brand&post=36001"},{"taxonomy":"product_cat","embeddable":true,"href":"https:\/\/serverdedicato.lovenailsrivenditore.com\/index.php?rest_route=%2Fwp%2Fv2%2Fproduct_cat&post=36001"},{"taxonomy":"product_tag","embeddable":true,"href":"https:\/\/serverdedicato.lovenailsrivenditore.com\/index.php?rest_route=%2Fwp%2Fv2%2Fproduct_tag&post=36001"}],"curies":[{"name":"wp","href":"https:\/\/api.w.org\/{rel}","templated":true}]}}