{"id":36154,"date":"2025-09-30T08:24:05","date_gmt":"2025-09-30T06:24:05","guid":{"rendered":"https:\/\/serverdedicato.lovenailsrivenditore.com\/?product=hey-love-gel-polish-rhubarb-15ml"},"modified":"2026-04-20T13:13:17","modified_gmt":"2026-04-20T11:13:17","slug":"hey-love-gel-polish-rhubarb-15ml","status":"publish","type":"product","link":"https:\/\/serverdedicato.lovenailsrivenditore.com\/?product=hey-love-gel-polish-rhubarb-15ml","title":{"rendered":"HEY LOVE &#8211; GEL POLISH &#8211; RHUBARB- 15ml"},"content":{"rendered":"<p data-start=\"212\" data-end=\"499\">Trasforma ogni momento in un&#8217;occasione speciale con\u00a0<strong>HEYLOVE<\/strong><strong data-start=\"259\" data-end=\"293\"> &#8211; Smalto Semipermanente Rhubarb<\/strong>. Questo colore lussuoso incarna raffinatezza e sicurezza, rendendolo la scelta perfetta sia per l&#8217;uso quotidiano che per le occasioni festive.<\/p>\n<h3 data-start=\"501\" data-end=\"539\">Perch\u00e9 scegliere lo smalto gel Rhubarb?<\/h3>\n<p data-start=\"541\" data-end=\"905\">Questo smalto gel \u00e8 formulato per offrire molto di pi\u00f9 del semplice colore: \u00e8 progettato per\u00a0<strong data-start=\"621\" data-end=\"667\">prestazioni, durata e impatto visivo<\/strong>. Con la sua\u00a0<strong data-start=\"678\" data-end=\"699\">ricca pigmentazione<\/strong>\u00a0e la\u00a0<strong data-start=\"704\" data-end=\"724\">viscosit\u00e0 media<\/strong>, otterrai una copertura uniforme e una lucentezza intensa in una o due passate. Che tu sia un nail artist professionista o un utente domestico, questo smalto garantisce risultati di qualit\u00e0 da salone con facilit\u00e0.<\/p>\n<h3 data-start=\"907\" data-end=\"923\">Caratteristiche principali<\/h3>\n<ul data-start=\"925\" data-end=\"1353\">\n<li data-start=\"925\" data-end=\"998\">\n<p data-start=\"927\" data-end=\"998\"><strong data-start=\"927\" data-end=\"944\">Cool Red Tone<\/strong>\u00a0\u2013 Elegante, senza tempo e versatile per tutte le stagioni.<\/p>\n<\/li>\n<li data-start=\"999\" data-end=\"1075\">\n<p data-start=\"1001\" data-end=\"1075\"><strong data-start=\"1001\" data-end=\"1022\">Alta pigmentazione<\/strong>\u00a0\u2013 Fornisce una copertura completa e vibrante senza striature.<\/p>\n<\/li>\n<li data-start=\"1076\" data-end=\"1139\">\n<p data-start=\"1078\" data-end=\"1139\"><strong data-start=\"1078\" data-end=\"1100\">Consistenza media<\/strong>\u00a0\u2013 Applicazione liscia e controllata.<\/p>\n<\/li>\n<li data-start=\"1140\" data-end=\"1217\">\n<p data-start=\"1142\" data-end=\"1217\"><strong data-start=\"1142\" data-end=\"1158\">Odore neutro<\/strong>\u00a0\u2013 Comodo da usare sia in salone che a casa.<\/p>\n<\/li>\n<li data-start=\"1218\" data-end=\"1286\">\n<p data-start=\"1220\" data-end=\"1286\"><strong data-start=\"1220\" data-end=\"1241\">Grande volume da 15 ml<\/strong>\u00a0\u2013 Pi\u00f9 prodotto, uso pi\u00f9 lungo, maggiore valore.<\/p>\n<\/li>\n<li data-start=\"1287\" data-end=\"1353\">\n<p data-start=\"1289\" data-end=\"1353\"><strong data-start=\"1289\" data-end=\"1308\">Prodotto in Ucraina<\/strong> \u2013 Qualit\u00e0 premium di HEYLOVE<\/p>\n<\/li>\n<\/ul>\n<h3 data-start=\"1355\" data-end=\"1371\">Come si applica<\/h3>\n<ol data-start=\"1373\" data-end=\"1775\">\n<li data-start=\"1373\" data-end=\"1438\">\n<p data-start=\"1376\" data-end=\"1438\">Pulisci e disidrata l&#8217;unghia usando un\u00a0<strong data-start=\"1413\" data-end=\"1435\">disidratatore pH Bond<\/strong>.<\/p>\n<\/li>\n<li data-start=\"1439\" data-end=\"1525\">\n<p data-start=\"1442\" data-end=\"1525\">Applicare il\u00a0<strong data-start=\"1448\" data-end=\"1478\">primer privo di acidi Ultrabond<\/strong>\u00a0sulla punta dell&#8217;unghia e lasciare asciugare completamente.<\/p>\n<\/li>\n<li data-start=\"1526\" data-end=\"1613\">\n<p data-start=\"1529\" data-end=\"1613\">Utilizzare uno strato sottile di\u00a0<strong data-start=\"1549\" data-end=\"1564\">base in gomma<\/strong>, quindi polimerizzare per 30 secondi sotto una lampada UV\/LED.<\/p>\n<\/li>\n<li data-start=\"1614\" data-end=\"1700\">\n<p data-start=\"1617\" data-end=\"1700\">Applicare una o due mani di\u00a0<strong data-start=\"1643\" data-end=\"1669\">Smalto Semipermanente Rhubarb<\/strong>, polimerizzando ciascuna per 60 secondi.<\/p>\n<\/li>\n<li data-start=\"1701\" data-end=\"1775\">\n<p data-start=\"1704\" data-end=\"1775\">Sigilla con il tuo\u00a0<strong data-start=\"1728\" data-end=\"1740\">top coat<\/strong>\u00a0preferito per una maggiore lucentezza e protezione.<\/p>\n<\/li>\n<\/ol>\n<h3 data-start=\"1777\" data-end=\"1788\">Suggerimento professionale<\/h3>\n<p data-start=\"1790\" data-end=\"1944\">Per evitare una polimerizzazione prematura, tenere il flacone aperto e spazzolare lontano dalla luce naturale. Anche nelle giornate nuvolose, l&#8217;esposizione ai raggi UV pu\u00f2 innescare una polimerizzazione indesiderata<\/p>\n","protected":false},"excerpt":{"rendered":"<p data-start=\"212\" data-end=\"499\">Trasforma ogni momento in un&#8217;occasione speciale con\u00a0<strong>HEYLOVE<\/strong><strong data-start=\"259\" data-end=\"293\"> &#8211; Smalto Semipermanente Rhubarb<\/strong>. Questo colore lussuoso incarna raffinatezza e sicurezza, rendendolo la scelta perfetta sia per l&#8217;uso quotidiano che per le occasioni festive.<\/p>\n<h3 data-start=\"501\" data-end=\"539\">Perch\u00e9 scegliere lo smalto gel Rhubarb?<\/h3>\n<p data-start=\"541\" data-end=\"905\">Questo smalto gel \u00e8 formulato per offrire molto di pi\u00f9 del semplice colore: \u00e8 progettato per\u00a0<strong data-start=\"621\" data-end=\"667\">prestazioni, durata e impatto visivo<\/strong>. Con la sua\u00a0<strong data-start=\"678\" data-end=\"699\">ricca pigmentazione<\/strong>\u00a0e la\u00a0<strong data-start=\"704\" data-end=\"724\">viscosit\u00e0 media<\/strong>, otterrai una copertura uniforme e una lucentezza intensa in una o due passate. Che tu sia un nail artist professionista o un utente domestico, questo smalto garantisce risultati di qualit\u00e0 da salone con facilit\u00e0.<\/p>\n","protected":false},"featured_media":36155,"comment_status":"closed","ping_status":"open","template":"","meta":[],"product_brand":[],"product_cat":[24,2976,2973,83,89],"product_tag":[2981,2982,2980],"class_list":{"0":"post-36154","1":"product","2":"type-product","3":"status-publish","4":"has-post-thumbnail","6":"product_cat-colori","7":"product_cat-colori-semipermanente-hey-love","8":"product_cat-hey-love","9":"product_cat-semipermanenti","10":"product_cat-super-saldi-di-gennaio","11":"product_tag-classic-red","12":"product_tag-rosso-classico","13":"product_tag-rosso-intenso","15":"first","16":"instock","17":"shipping-taxable","18":"purchasable","19":"product-type-simple"},"_links":{"self":[{"href":"https:\/\/serverdedicato.lovenailsrivenditore.com\/index.php?rest_route=\/wp\/v2\/product\/36154","targetHints":{"allow":["GET"]}}],"collection":[{"href":"https:\/\/serverdedicato.lovenailsrivenditore.com\/index.php?rest_route=\/wp\/v2\/product"}],"about":[{"href":"https:\/\/serverdedicato.lovenailsrivenditore.com\/index.php?rest_route=\/wp\/v2\/types\/product"}],"replies":[{"embeddable":true,"href":"https:\/\/serverdedicato.lovenailsrivenditore.com\/index.php?rest_route=%2Fwp%2Fv2%2Fcomments&post=36154"}],"wp:featuredmedia":[{"embeddable":true,"href":"https:\/\/serverdedicato.lovenailsrivenditore.com\/index.php?rest_route=\/wp\/v2\/media\/36155"}],"wp:attachment":[{"href":"https:\/\/serverdedicato.lovenailsrivenditore.com\/index.php?rest_route=%2Fwp%2Fv2%2Fmedia&parent=36154"}],"wp:term":[{"taxonomy":"product_brand","embeddable":true,"href":"https:\/\/serverdedicato.lovenailsrivenditore.com\/index.php?rest_route=%2Fwp%2Fv2%2Fproduct_brand&post=36154"},{"taxonomy":"product_cat","embeddable":true,"href":"https:\/\/serverdedicato.lovenailsrivenditore.com\/index.php?rest_route=%2Fwp%2Fv2%2Fproduct_cat&post=36154"},{"taxonomy":"product_tag","embeddable":true,"href":"https:\/\/serverdedicato.lovenailsrivenditore.com\/index.php?rest_route=%2Fwp%2Fv2%2Fproduct_tag&post=36154"}],"curies":[{"name":"wp","href":"https:\/\/api.w.org\/{rel}","templated":true}]}}