{"id":36246,"date":"2025-09-30T13:52:03","date_gmt":"2025-09-30T11:52:03","guid":{"rendered":"https:\/\/serverdedicato.lovenailsrivenditore.com\/?product=claresa-hard-easy-builder-gel-panna-cotta-12gr-2"},"modified":"2026-04-20T13:15:04","modified_gmt":"2026-04-20T11:15:04","slug":"claresa-hard-easy-builder-gel-panna-cotta-12gr-2","status":"publish","type":"product","link":"https:\/\/serverdedicato.lovenailsrivenditore.com\/?product=claresa-hard-easy-builder-gel-panna-cotta-12gr-2","title":{"rendered":"CLARESA &#8211; HARD &#038; EASY BUILDER GEL &#8211; PANNA COTTA &#8211; 12gr"},"content":{"rendered":"<h2>Novit\u00e0! Hard&amp;Easy Gel<\/h2>\n<p><strong>HARD&amp;EASY<\/strong> \u2013 un gel in grado di gestire qualsiasi styling. Affidabile sia per le professioniste che per le principianti.<\/p>\n<p>Scopri il gel da costruzione duro medio-denso che ti d\u00e0 il pieno controllo sul tuo lavoro e garantisce un&#8217;eccezionale durata dello styling.<\/p>\n<p><strong>Duro e stabile<\/strong>: grazie al suo basso livello di flessibilit\u00e0, \u00e8 ideale per costruire uno scheletro stabile. \u00c8 anche una scelta eccellente per completare e rafforzare la lamina naturale.<\/p>\n<p>Un gel che combina la facilit\u00e0 di applicazione con la forza e la resistenza strutturale, perfetto dove hai bisogno di una solida base per lo styling.<\/p>\n<ul>\n<li><strong>Grazie alle sue propriet\u00e0 autolivellanti bilanciate e alla formula tissotropica con memoria liquida<\/strong>, il gel non cola, non inonda le cuticole ed \u00e8 ideale per la tecnica senza limatura.<\/li>\n<li><strong>La formula senza calore<\/strong>\u00a0riduce significativamente la sensazione di bruciore nella lampada, garantendo comfort anche ai clienti pi\u00f9 sensibili.<\/li>\n<li><strong>Lo strato inibitorio<\/strong>\u00a0presente nel gel permette di combinare perfettamente gli strati successivi di prodotti.<\/li>\n<li><strong>Una copertura fino al 90%<\/strong>\u00a0fa s\u00ec che gli abiti abbiano una superficie bella e uniforme e una profondit\u00e0 di colore.<\/li>\n<li>Richiede\u00a0<strong>l&#8217;uso di un primer<\/strong>\u00a0\u2013 si consiglia la Base Bonding per Gel Claresa.<\/li>\n<\/ul>\n<p>Tutto ci\u00f2 rende il lavoro con HARD&amp;EASY pi\u00f9 veloce, pi\u00f9 facile e d\u00e0 l&#8217;effetto di uno styling professionale senza sforzi inutili.<\/p>\n<ul>\n<li><strong>Duro e stabile<\/strong>: il gel fornisce uno scheletro solido dell&#8217;unghia senza limatura<\/li>\n<li><strong>Autolivellante<\/strong>: si adagia bene sulla lamina ungueale, senza allagare le cuticole. Controllo senza compromessi<\/li>\n<li><strong>Tissotropico:<\/strong>\u00a0il gel funziona esattamente dove lo applichi<\/li>\n<li><strong>Formula senza calore<\/strong> \u2013 grazie alla bassa temperatura di polimerizzazione, riduce al minimo la sensazione di calore nella lampada. Comfort anche per i clienti sensibili<\/li>\n<li><strong>Media densit\u00e0<\/strong>: ideale per modellare sia film sottili che strutture resistenti<\/li>\n<li><strong>Insostituibile nell&#8217;allungamento<\/strong> &#8211; particolarmente consigliato nei lavori di allungamento che richiedono una forma precisa.<\/li>\n<li><strong>Versatile<\/strong>: adatto sia a refill\/coperture che allungamenti<\/li>\n<\/ul>\n","protected":false},"excerpt":{"rendered":"<h2>Novit\u00e0! Hard&amp;Easy Gel<\/h2>\n<p><strong>HARD&amp;EASY<\/strong> \u2013 un gel in grado di gestire qualsiasi styling. Affidabile sia per le professioniste che per le principianti.<\/p>\n<p>Scopri il gel da costruzione duro medio-denso che ti d\u00e0 il pieno controllo sul tuo lavoro e garantisce un&#8217;eccezionale durata dello styling.<\/p>\n<p><strong>Duro e stabile<\/strong>: grazie al suo basso livello di flessibilit\u00e0, \u00e8 ideale per costruire uno scheletro stabile. \u00c8 anche una scelta eccellente per completare e rafforzare la lamina naturale.<\/p>\n<p>Un gel che combina la facilit\u00e0 di applicazione con la forza e la resistenza strutturale, perfetto dove hai bisogno di una solida base per lo styling.<\/p>\n<ul>\n<li><strong>Grazie alle sue propriet\u00e0 autolivellanti bilanciate e alla formula tissotropica con memoria liquida<\/strong>, il gel non cola, non inonda le cuticole ed \u00e8 ideale per la tecnica senza limatura.<\/li>\n<li><strong>La formula senza calore<\/strong>\u00a0riduce significativamente la sensazione di bruciore nella lampada, garantendo comfort anche ai clienti pi\u00f9 sensibili.<\/li>\n<li><strong>Lo strato inibitorio<\/strong>\u00a0presente nel gel permette di combinare perfettamente gli strati successivi di prodotti.<\/li>\n<li><strong>Una copertura fino al 90%<\/strong>\u00a0fa s\u00ec che gli abiti abbiano una superficie bella e uniforme e una profondit\u00e0 di colore.<\/li>\n<li>Richiede\u00a0<strong>l&#8217;uso di un primer<\/strong>\u00a0\u2013 si consiglia la Base Bonding per Gel Claresa.<\/li>\n<\/ul>\n<p>Tutto ci\u00f2 rende il lavoro con HARD&amp;EASY pi\u00f9 veloce, pi\u00f9 facile e d\u00e0 l&#8217;effetto di uno styling professionale senza sforzi inutili.<\/p>\n","protected":false},"featured_media":36193,"comment_status":"closed","ping_status":"open","template":"","meta":[],"product_brand":[],"product_cat":[1507,1508,224,223,1509],"product_tag":[1610,227],"class_list":{"0":"post-36246","1":"product","2":"type-product","3":"status-publish","4":"has-post-thumbnail","6":"product_cat-claresa","7":"product_cat-costruttori-claresa","8":"product_cat-costruttori","9":"product_cat-gel-uv","10":"product_cat-top-brand-professionali-unghie","11":"product_tag-builder","12":"product_tag-costruttore","14":"first","15":"instock","16":"shipping-taxable","17":"purchasable","18":"product-type-simple"},"_links":{"self":[{"href":"https:\/\/serverdedicato.lovenailsrivenditore.com\/index.php?rest_route=\/wp\/v2\/product\/36246","targetHints":{"allow":["GET"]}}],"collection":[{"href":"https:\/\/serverdedicato.lovenailsrivenditore.com\/index.php?rest_route=\/wp\/v2\/product"}],"about":[{"href":"https:\/\/serverdedicato.lovenailsrivenditore.com\/index.php?rest_route=\/wp\/v2\/types\/product"}],"replies":[{"embeddable":true,"href":"https:\/\/serverdedicato.lovenailsrivenditore.com\/index.php?rest_route=%2Fwp%2Fv2%2Fcomments&post=36246"}],"wp:featuredmedia":[{"embeddable":true,"href":"https:\/\/serverdedicato.lovenailsrivenditore.com\/index.php?rest_route=\/wp\/v2\/media\/36193"}],"wp:attachment":[{"href":"https:\/\/serverdedicato.lovenailsrivenditore.com\/index.php?rest_route=%2Fwp%2Fv2%2Fmedia&parent=36246"}],"wp:term":[{"taxonomy":"product_brand","embeddable":true,"href":"https:\/\/serverdedicato.lovenailsrivenditore.com\/index.php?rest_route=%2Fwp%2Fv2%2Fproduct_brand&post=36246"},{"taxonomy":"product_cat","embeddable":true,"href":"https:\/\/serverdedicato.lovenailsrivenditore.com\/index.php?rest_route=%2Fwp%2Fv2%2Fproduct_cat&post=36246"},{"taxonomy":"product_tag","embeddable":true,"href":"https:\/\/serverdedicato.lovenailsrivenditore.com\/index.php?rest_route=%2Fwp%2Fv2%2Fproduct_tag&post=36246"}],"curies":[{"name":"wp","href":"https:\/\/api.w.org\/{rel}","templated":true}]}}