{"id":36354,"date":"2025-10-02T10:40:04","date_gmt":"2025-10-02T08:40:04","guid":{"rendered":"https:\/\/serverdedicato.lovenailsrivenditore.com\/?product=hey-love-jelly-gel-clear-20gr"},"modified":"2026-04-20T13:16:49","modified_gmt":"2026-04-20T11:16:49","slug":"hey-love-jelly-gel-clear-20gr","status":"publish","type":"product","link":"https:\/\/serverdedicato.lovenailsrivenditore.com\/?product=hey-love-jelly-gel-clear-20gr","title":{"rendered":"HEY LOVE &#8211; JELLY GEL CLEAR &#8211; 20gr"},"content":{"rendered":"<p><strong>l gel gelatinoso \u00e8 adatto per correggere e allungare le unghie, riparare le unghie danneggiate e allungare ulteriormente le unghie.<\/strong><\/p>\n<p>\u00c8 adatto per allungamenti sia su nail form che dual form, pu\u00f2 essere utilizzato anche per creare disegni 3D. Il gel gelatinoso ha una consistenza densa che non cola, ma pu\u00f2 essere facilmente levigata con un pennello.<\/p>\n<p>&nbsp;<\/p>\n<p><b>Consistenza: densa<\/b><b><\/b><\/p>\n<p><b>Durezza\/elasticit\u00e0: dura<\/b><b><\/b><\/p>\n<p>&nbsp;<\/p>\n<p><b>Applicazione:<\/b><b><\/b><\/p>\n<p>1) Sgrassare accuratamente la lamina ungueale con il deidratante phBond.<\/p>\n<p>2) Applicare un primer privo di acidi (Ultrabond) sulla punta dell&#8217;unghia e lasciare asciugare completamente il liquido.<\/p>\n<p>3) Applicare uno strato di primer (Rubber Base). Eseguire l&#8217;estensione o il rinforzo con Jelly Gel. Il tempo di polimerizzazione in una lampada UV\/LED \u00e8 di 1-2 minuti.<\/p>\n<p>4) Infine, applicare un top coat.<\/p>\n<p>&nbsp;<\/p>\n<p><strong>INGREDIENTI:<\/strong>\u00a0Copolimero di acrilati, HEMA, etiltrimetilbenzoilfenile|fosfinato, idrossicicloesilfenilchetoni, pigmenti.<\/p>\n<p>Pu\u00f2 contenere: Cl 77499, Cl 77891, Cl 15850, Cl 45380, Cl 47005, Cl 15510.<\/p>\n<p>&nbsp;<\/p>\n<p><strong>! ATTENZIONE!:<\/strong><\/p>\n<p><em>Solo per uso professionale. Evitare il contatto con la pelle. Evitare il contatto visivo. Si prega di leggere attentamente le istruzioni prima dell&#8217;uso. In caso di reazione allergica, interrompere immediatamente l&#8217;uso. Tenere lontano dalla portata dei bambini.<\/em><\/p>\n","protected":false},"excerpt":{"rendered":"<p><strong>l gel gelatinoso \u00e8 adatto per correggere e allungare le unghie, riparare le unghie danneggiate e allungare ulteriormente le unghie.<\/strong><\/p>\n<p>\u00c8 adatto per allungamenti sia su nail form che dual form, pu\u00f2 essere utilizzato anche per creare disegni 3D. Il gel gelatinoso ha una consistenza densa che non cola, ma pu\u00f2 essere facilmente levigata con un pennello.<\/p>\n<p>&nbsp;<\/p>\n","protected":false},"featured_media":36355,"comment_status":"closed","ping_status":"open","template":"","meta":[],"product_brand":[],"product_cat":[3003,224,223,2973],"product_tag":[228,2031],"class_list":{"0":"post-36354","1":"product","2":"type-product","3":"status-publish","4":"has-post-thumbnail","6":"product_cat-costruttori-hey-love","7":"product_cat-costruttori","8":"product_cat-gel-uv","9":"product_cat-hey-love","10":"product_tag-jelly","11":"product_tag-jelly-gel","13":"first","14":"instock","15":"shipping-taxable","16":"purchasable","17":"product-type-simple"},"_links":{"self":[{"href":"https:\/\/serverdedicato.lovenailsrivenditore.com\/index.php?rest_route=\/wp\/v2\/product\/36354","targetHints":{"allow":["GET"]}}],"collection":[{"href":"https:\/\/serverdedicato.lovenailsrivenditore.com\/index.php?rest_route=\/wp\/v2\/product"}],"about":[{"href":"https:\/\/serverdedicato.lovenailsrivenditore.com\/index.php?rest_route=\/wp\/v2\/types\/product"}],"replies":[{"embeddable":true,"href":"https:\/\/serverdedicato.lovenailsrivenditore.com\/index.php?rest_route=%2Fwp%2Fv2%2Fcomments&post=36354"}],"wp:featuredmedia":[{"embeddable":true,"href":"https:\/\/serverdedicato.lovenailsrivenditore.com\/index.php?rest_route=\/wp\/v2\/media\/36355"}],"wp:attachment":[{"href":"https:\/\/serverdedicato.lovenailsrivenditore.com\/index.php?rest_route=%2Fwp%2Fv2%2Fmedia&parent=36354"}],"wp:term":[{"taxonomy":"product_brand","embeddable":true,"href":"https:\/\/serverdedicato.lovenailsrivenditore.com\/index.php?rest_route=%2Fwp%2Fv2%2Fproduct_brand&post=36354"},{"taxonomy":"product_cat","embeddable":true,"href":"https:\/\/serverdedicato.lovenailsrivenditore.com\/index.php?rest_route=%2Fwp%2Fv2%2Fproduct_cat&post=36354"},{"taxonomy":"product_tag","embeddable":true,"href":"https:\/\/serverdedicato.lovenailsrivenditore.com\/index.php?rest_route=%2Fwp%2Fv2%2Fproduct_tag&post=36354"}],"curies":[{"name":"wp","href":"https:\/\/api.w.org\/{rel}","templated":true}]}}