{"id":36560,"date":"2025-10-03T14:07:58","date_gmt":"2025-10-03T12:07:58","guid":{"rendered":"https:\/\/serverdedicato.lovenailsrivenditore.com\/?product=kodi-base-coat-polybase-12ml"},"modified":"2026-04-20T13:19:47","modified_gmt":"2026-04-20T11:19:47","slug":"kodi-base-coat-polybase-12ml","status":"publish","type":"product","link":"https:\/\/serverdedicato.lovenailsrivenditore.com\/?product=kodi-base-coat-polybase-12ml","title":{"rendered":"KODI &#8211; BASE COAT &#8211; POLYBASE &#8211; 12ml"},"content":{"rendered":"<p>Combinando le migliori propriet\u00e0 dei sistemi acrilici e in gel, il sistema professionale in gel acrilico Easy duo gel ha portato la modellazione e il rafforzamento delle unghie a un livello completamente nuovo. Easy duo gel \u00e8 un&#8217;eccellente plasticit\u00e0 e facilit\u00e0 di lavoro, risultati di alta qualit\u00e0 con il minimo sforzo.<\/p>\n<p>Polybase \u00e8 una base per unghie progettata specificamente per il sistema acrilico-gel Easy duo gel.<\/p>\n<p>La base Polybase garantisce la massima adesione tra il gel Easy duo e la lamina ungueale naturale. L&#8217;uso di Polybase contribuisce a una conservazione pi\u00f9 lunga della condizione impeccabile delle unghie e previene la comparsa di bucce, scheggiature e screpolature.<\/p>\n<p>Consigli per l&#8217;applicazione: Dopo la preparazione standard delle unghie, applicare uno strato di Polybase il pi\u00f9 sottile possibile, strofinando con i movimenti. Asciugare per 30 secondi in una lampada LED o 2 minuti in una lampada UV.<\/p>\n<div class=\"wrap-hidden-text-link\">\n<div data-text=\"\u0427\u0438\u0442\u0430\u0442\u044c \u043f\u043e\u043b\u043d\u043e\u0441\u0442\u044c\u044e\"><\/div>\n<\/div>\n","protected":false},"excerpt":{"rendered":"<p>Combinando le migliori propriet\u00e0 dei sistemi acrilici e in gel, il sistema professionale in gel acrilico Easy duo gel ha portato la modellazione e il rafforzamento delle unghie a un livello completamente nuovo. Easy duo gel \u00e8 un&#8217;eccellente plasticit\u00e0 e facilit\u00e0 di lavoro, risultati di alta qualit\u00e0 con il minimo sforzo.<\/p>\n<p>Polybase \u00e8 una base per unghie progettata specificamente per il sistema acrilico-gel Easy duo gel.<\/p>\n<p>La base Polybase garantisce la massima adesione tra il gel Easy duo e la lamina ungueale naturale. L&#8217;uso di Polybase contribuisce a una conservazione pi\u00f9 lunga della condizione impeccabile delle unghie e previene la comparsa di bucce, scheggiature e screpolature.<\/p>\n<p>Consigli per l&#8217;applicazione: Dopo la preparazione standard delle unghie, applicare uno strato di Polybase il pi\u00f9 sottile possibile, strofinando con i movimenti. Asciugare per 30 secondi in una lampada LED o 2 minuti in una lampada UV.<\/p>\n","protected":false},"featured_media":36561,"comment_status":"closed","ping_status":"open","template":"","meta":[],"product_brand":[],"product_cat":[240,2675,2627,239,1509],"product_tag":[258,3014,2518,2874],"class_list":{"0":"post-36560","1":"product","2":"type-product","3":"status-publish","4":"has-post-thumbnail","6":"product_cat-base","7":"product_cat-base-kodi","8":"product_cat-kodi","9":"product_cat-semipermanente","10":"product_cat-top-brand-professionali-unghie","11":"product_tag-base","12":"product_tag-base-acrygel","13":"product_tag-base-aggrappante","14":"product_tag-polybase","16":"first","17":"instock","18":"shipping-taxable","19":"purchasable","20":"product-type-simple"},"_links":{"self":[{"href":"https:\/\/serverdedicato.lovenailsrivenditore.com\/index.php?rest_route=\/wp\/v2\/product\/36560","targetHints":{"allow":["GET"]}}],"collection":[{"href":"https:\/\/serverdedicato.lovenailsrivenditore.com\/index.php?rest_route=\/wp\/v2\/product"}],"about":[{"href":"https:\/\/serverdedicato.lovenailsrivenditore.com\/index.php?rest_route=\/wp\/v2\/types\/product"}],"replies":[{"embeddable":true,"href":"https:\/\/serverdedicato.lovenailsrivenditore.com\/index.php?rest_route=%2Fwp%2Fv2%2Fcomments&post=36560"}],"wp:featuredmedia":[{"embeddable":true,"href":"https:\/\/serverdedicato.lovenailsrivenditore.com\/index.php?rest_route=\/wp\/v2\/media\/36561"}],"wp:attachment":[{"href":"https:\/\/serverdedicato.lovenailsrivenditore.com\/index.php?rest_route=%2Fwp%2Fv2%2Fmedia&parent=36560"}],"wp:term":[{"taxonomy":"product_brand","embeddable":true,"href":"https:\/\/serverdedicato.lovenailsrivenditore.com\/index.php?rest_route=%2Fwp%2Fv2%2Fproduct_brand&post=36560"},{"taxonomy":"product_cat","embeddable":true,"href":"https:\/\/serverdedicato.lovenailsrivenditore.com\/index.php?rest_route=%2Fwp%2Fv2%2Fproduct_cat&post=36560"},{"taxonomy":"product_tag","embeddable":true,"href":"https:\/\/serverdedicato.lovenailsrivenditore.com\/index.php?rest_route=%2Fwp%2Fv2%2Fproduct_tag&post=36560"}],"curies":[{"name":"wp","href":"https:\/\/api.w.org\/{rel}","templated":true}]}}