{"id":36587,"date":"2025-10-04T10:48:28","date_gmt":"2025-10-04T08:48:28","guid":{"rendered":"https:\/\/serverdedicato.lovenailsrivenditore.com\/?product=kodi-rubber-base-gel-ultra-white-7ml"},"modified":"2026-04-20T13:20:14","modified_gmt":"2026-04-20T11:20:14","slug":"kodi-rubber-base-gel-ultra-white-7ml","status":"publish","type":"product","link":"https:\/\/serverdedicato.lovenailsrivenditore.com\/?product=kodi-rubber-base-gel-ultra-white-7ml","title":{"rendered":"KODI &#8211; RUBBER BASE GEL ULTRA WHITE -7ml"},"content":{"rendered":"<p><span>L&#8217;esclusiva serie di basi in gomma per smalto semipermanente chiamata Rubber Base Gel, sviluppata dal famoso marchio internazionale Kodi Professional, \u00e8 arricchita con una base ultra-bianca per i disegni pi\u00f9 espressivi e memorabili.<\/p>\n<p>La base \u00e8 densamente satura di pigmento bianco e ha un pronunciato effetto mimetico. Pu\u00f2 essere utilizzato per decorazioni a contrasto o come rivestimento indipendente. La base si applica facilmente a pennello e si distribuisce uniformemente sulla lamina, garantendo un&#8217;adesione impeccabile. Prolunga la vita della manicure. Ha uno strato di dispersione.<\/p>\n<p>Consigli per l&#8217;applicazione: sotto tutte le basi pigmentate, \u00e8 necessario applicare un sottile strato di gomma trasparente o base Quick e polimerizzarlo in una lampada LED per 30 secondi, in una lampada UV per 2 minuti. Questo protegger\u00e0 l&#8217;unghia dal pigmento colorato e sar\u00e0 un buon primer per la base del colore.<\/p>\n<p>Applicare la base pigmentata in due strati sottili con polimerizzazione di ogni strato da 90 a 120 secondi in lampada LED e 2-3 minuti in lampada UV, a seconda della pigmentazione. A discrezione dell&#8217;onicotecnica, se necessario, \u00e8 possibile applicare uno strato sottile con un livellamento minimo della lamina ungueale. La polimerizzazione dovrebbe inoltre essere di almeno 90 secondi in una lampada a LED e di 2 minuti in una lampada UV. La base ha uno strato appiccicoso. \u00c8 necessario sigillarla con top finish. La lunghezza consigliata di un&#8217;unghia naturale \u00e8 fino a 5 mm. La base pu\u00f2 essere applicata sulla superficie di unghie artificiali estese di qualsiasi lunghezza.<\/span><\/p>\n","protected":false},"excerpt":{"rendered":"<p>La base \u00e8 densamente satura di pigmento bianco e ha un pronunciato effetto mimetico. Pu\u00f2 essere utilizzato per decorazioni a contrasto o come rivestimento indipendente. La base si applica facilmente a pennello e si distribuisce uniformemente sulla lamina, garantendo un&#8217;adesione impeccabile. Prolunga la vita della manicure. Ha uno strato di dispersione.<\/p>\n","protected":false},"featured_media":36588,"comment_status":"closed","ping_status":"open","template":"","meta":[],"product_brand":[],"product_cat":[240,2675,2627,239,1509],"product_tag":[2871,302,1940],"class_list":{"0":"post-36587","1":"product","2":"type-product","3":"status-publish","4":"has-post-thumbnail","6":"product_cat-base","7":"product_cat-base-kodi","8":"product_cat-kodi","9":"product_cat-semipermanente","10":"product_cat-top-brand-professionali-unghie","11":"product_tag-base-bianca","12":"product_tag-bianco","13":"product_tag-ultra-white","15":"first","16":"instock","17":"shipping-taxable","18":"purchasable","19":"product-type-simple"},"_links":{"self":[{"href":"https:\/\/serverdedicato.lovenailsrivenditore.com\/index.php?rest_route=\/wp\/v2\/product\/36587","targetHints":{"allow":["GET"]}}],"collection":[{"href":"https:\/\/serverdedicato.lovenailsrivenditore.com\/index.php?rest_route=\/wp\/v2\/product"}],"about":[{"href":"https:\/\/serverdedicato.lovenailsrivenditore.com\/index.php?rest_route=\/wp\/v2\/types\/product"}],"replies":[{"embeddable":true,"href":"https:\/\/serverdedicato.lovenailsrivenditore.com\/index.php?rest_route=%2Fwp%2Fv2%2Fcomments&post=36587"}],"wp:featuredmedia":[{"embeddable":true,"href":"https:\/\/serverdedicato.lovenailsrivenditore.com\/index.php?rest_route=\/wp\/v2\/media\/36588"}],"wp:attachment":[{"href":"https:\/\/serverdedicato.lovenailsrivenditore.com\/index.php?rest_route=%2Fwp%2Fv2%2Fmedia&parent=36587"}],"wp:term":[{"taxonomy":"product_brand","embeddable":true,"href":"https:\/\/serverdedicato.lovenailsrivenditore.com\/index.php?rest_route=%2Fwp%2Fv2%2Fproduct_brand&post=36587"},{"taxonomy":"product_cat","embeddable":true,"href":"https:\/\/serverdedicato.lovenailsrivenditore.com\/index.php?rest_route=%2Fwp%2Fv2%2Fproduct_cat&post=36587"},{"taxonomy":"product_tag","embeddable":true,"href":"https:\/\/serverdedicato.lovenailsrivenditore.com\/index.php?rest_route=%2Fwp%2Fv2%2Fproduct_tag&post=36587"}],"curies":[{"name":"wp","href":"https:\/\/api.w.org\/{rel}","templated":true}]}}