{"id":36680,"date":"2025-10-06T14:26:05","date_gmt":"2025-10-06T12:26:05","guid":{"rendered":"https:\/\/serverdedicato.lovenailsrivenditore.com\/?product=kodi-1-phase-gel-clear-14ml"},"modified":"2026-04-20T13:21:32","modified_gmt":"2026-04-20T11:21:32","slug":"kodi-1-phase-gel-clear-14ml","status":"publish","type":"product","link":"https:\/\/serverdedicato.lovenailsrivenditore.com\/?product=kodi-1-phase-gel-clear-14ml","title":{"rendered":"KODI &#8211; 1 PHASE GEL CLEAR &#8211; 14ml"},"content":{"rendered":"<p>Il servizio di modellazione delle unghie in gel ha rapidamente guadagnato popolarit\u00e0 sia tra i maestri che tra i loro clienti. Le unghie in gel hanno un aspetto naturale e nella loro struttura sono simili a una lamina ungueale naturale. Questo materiale \u00e8 facile da lavorare, non richiede una lavorazione particolarmente accurata e, dopo la polimerizzazione, la superficie dell&#8217;unghia \u00e8 uniforme, liscia e lucida. Una variet\u00e0 di gel KODI PROFESSIONAL ti consente di eseguire la modellazione delle unghie di qualsiasi livello di complessit\u00e0.<\/p>\n<p>Premium clear gel \u00e8 un gel trasparente monofase con una struttura densa. Il vantaggio di questo gel \u00e8 che pu\u00f2 funzionare sia da solo che in combinazione con un gel di base. Ha una buona adesione e fornisce un&#8217;eccellente lucentezza alle unghie. Indurisce in una lampada UV da 36 Watt entro 2 minuti.<\/p>\n<div class=\"wrap-hidden-text-link\">\n<div data-text=\"\u0427\u0438\u0442\u0430\u0442\u044c \u043f\u043e\u043b\u043d\u043e\u0441\u0442\u044c\u044e\"><\/div>\n<\/div>\n","protected":false},"excerpt":{"rendered":"<p>Il servizio di modellazione delle unghie in gel ha rapidamente guadagnato popolarit\u00e0 sia tra i maestri che tra i loro clienti. Le unghie in gel hanno un aspetto naturale e nella loro struttura sono simili a una lamina ungueale naturale. Questo materiale \u00e8 facile da lavorare, non richiede una lavorazione particolarmente accurata e, dopo la polimerizzazione, la superficie dell&#8217;unghia \u00e8 uniforme, liscia e lucida. Una variet\u00e0 di gel KODI PROFESSIONAL ti consente di eseguire la modellazione delle unghie di qualsiasi livello di complessit\u00e0.<\/p>\n<p>Premium clear gel \u00e8 un gel trasparente monofase con una struttura densa. Il vantaggio di questo gel \u00e8 che pu\u00f2 funzionare sia da solo che in combinazione con un gel di base. Ha una buona adesione e fornisce un&#8217;eccellente lucentezza alle unghie. Indurisce in una lampada UV da 36 Watt entro 2 minuti.<\/p>\n<div class=\"wrap-hidden-text-link\">\n<div data-text=\"\u0427\u0438\u0442\u0430\u0442\u044c \u043f\u043e\u043b\u043d\u043e\u0441\u0442\u044c\u044e\"><\/div>\n<\/div>\n","protected":false},"featured_media":36681,"comment_status":"closed","ping_status":"open","template":"","meta":[],"product_brand":[],"product_cat":[2662,2627,1509],"product_tag":[3022,3023],"class_list":{"0":"post-36680","1":"product","2":"type-product","3":"status-publish","4":"has-post-thumbnail","6":"product_cat-costruttori-kodi","7":"product_cat-kodi","8":"product_cat-top-brand-professionali-unghie","9":"product_tag-gel-monofase","10":"product_tag-gel-monofasico","12":"first","13":"instock","14":"shipping-taxable","15":"purchasable","16":"product-type-simple"},"_links":{"self":[{"href":"https:\/\/serverdedicato.lovenailsrivenditore.com\/index.php?rest_route=\/wp\/v2\/product\/36680","targetHints":{"allow":["GET"]}}],"collection":[{"href":"https:\/\/serverdedicato.lovenailsrivenditore.com\/index.php?rest_route=\/wp\/v2\/product"}],"about":[{"href":"https:\/\/serverdedicato.lovenailsrivenditore.com\/index.php?rest_route=\/wp\/v2\/types\/product"}],"replies":[{"embeddable":true,"href":"https:\/\/serverdedicato.lovenailsrivenditore.com\/index.php?rest_route=%2Fwp%2Fv2%2Fcomments&post=36680"}],"wp:featuredmedia":[{"embeddable":true,"href":"https:\/\/serverdedicato.lovenailsrivenditore.com\/index.php?rest_route=\/wp\/v2\/media\/36681"}],"wp:attachment":[{"href":"https:\/\/serverdedicato.lovenailsrivenditore.com\/index.php?rest_route=%2Fwp%2Fv2%2Fmedia&parent=36680"}],"wp:term":[{"taxonomy":"product_brand","embeddable":true,"href":"https:\/\/serverdedicato.lovenailsrivenditore.com\/index.php?rest_route=%2Fwp%2Fv2%2Fproduct_brand&post=36680"},{"taxonomy":"product_cat","embeddable":true,"href":"https:\/\/serverdedicato.lovenailsrivenditore.com\/index.php?rest_route=%2Fwp%2Fv2%2Fproduct_cat&post=36680"},{"taxonomy":"product_tag","embeddable":true,"href":"https:\/\/serverdedicato.lovenailsrivenditore.com\/index.php?rest_route=%2Fwp%2Fv2%2Fproduct_tag&post=36680"}],"curies":[{"name":"wp","href":"https:\/\/api.w.org\/{rel}","templated":true}]}}