{"id":36875,"date":"2025-10-08T13:04:44","date_gmt":"2025-10-08T11:04:44","guid":{"rendered":"https:\/\/serverdedicato.lovenailsrivenditore.com\/?product=molly-lac-lima-dritta-180-240-hight-quality"},"modified":"2026-04-20T13:24:26","modified_gmt":"2026-04-20T11:24:26","slug":"molly-lac-lima-dritta-180-240-hight-quality","status":"publish","type":"product","link":"https:\/\/serverdedicato.lovenailsrivenditore.com\/?product=molly-lac-lima-dritta-180-240-hight-quality","title":{"rendered":"MOLLY LAC &#8211; LIMA DRITTA 180\/240 &#8211; HIGHT QUALITY"},"content":{"rendered":"<p>Lima monouso universale\u00a0<strong>MollyLac ALTA QUALIT\u00c0<\/strong>\u00a0con grana 180\/240 per unghie naturali ed estese con componenti estremamente durevoli e un lungo tempo di utilizzo. E&#8217; caratterizzato da un&#8217;elevata struttura dura, estremamente resistente alle fratture e alle deformazioni. Il prodotto scivola dolcemente sulla superficie segata, non ferisce la pelle n\u00e9 provoca disagio. Il rivestimento di alta qualit\u00e0 \u00e8 resistente all&#8217;abrasione.<\/p>\n","protected":false},"excerpt":{"rendered":"<p>Lima monouso universale\u00a0<strong>MollyLac ALTA QUALIT\u00c0<\/strong>\u00a0con grana 180\/240 per unghie naturali ed estese con componenti estremamente durevoli e un lungo tempo di utilizzo. E&#8217; caratterizzato da un&#8217;elevata struttura dura, estremamente resistente alle fratture e alle deformazioni. Il prodotto scivola dolcemente sulla superficie segata, non ferisce la pelle n\u00e9 provoca disagio. Il rivestimento di alta qualit\u00e0 \u00e8 resistente all&#8217;abrasione.<\/p>\n","protected":false},"featured_media":36876,"comment_status":"closed","ping_status":"open","template":"","meta":[],"product_brand":[],"product_cat":[177,358],"product_tag":[361,3031],"class_list":{"0":"post-36875","1":"product","2":"type-product","3":"status-publish","4":"has-post-thumbnail","6":"product_cat-accessori","7":"product_cat-lime","8":"product_tag-lima","9":"product_tag-lima-dritta","11":"first","12":"instock","13":"shipping-taxable","14":"purchasable","15":"product-type-simple"},"_links":{"self":[{"href":"https:\/\/serverdedicato.lovenailsrivenditore.com\/index.php?rest_route=\/wp\/v2\/product\/36875","targetHints":{"allow":["GET"]}}],"collection":[{"href":"https:\/\/serverdedicato.lovenailsrivenditore.com\/index.php?rest_route=\/wp\/v2\/product"}],"about":[{"href":"https:\/\/serverdedicato.lovenailsrivenditore.com\/index.php?rest_route=\/wp\/v2\/types\/product"}],"replies":[{"embeddable":true,"href":"https:\/\/serverdedicato.lovenailsrivenditore.com\/index.php?rest_route=%2Fwp%2Fv2%2Fcomments&post=36875"}],"wp:featuredmedia":[{"embeddable":true,"href":"https:\/\/serverdedicato.lovenailsrivenditore.com\/index.php?rest_route=\/wp\/v2\/media\/36876"}],"wp:attachment":[{"href":"https:\/\/serverdedicato.lovenailsrivenditore.com\/index.php?rest_route=%2Fwp%2Fv2%2Fmedia&parent=36875"}],"wp:term":[{"taxonomy":"product_brand","embeddable":true,"href":"https:\/\/serverdedicato.lovenailsrivenditore.com\/index.php?rest_route=%2Fwp%2Fv2%2Fproduct_brand&post=36875"},{"taxonomy":"product_cat","embeddable":true,"href":"https:\/\/serverdedicato.lovenailsrivenditore.com\/index.php?rest_route=%2Fwp%2Fv2%2Fproduct_cat&post=36875"},{"taxonomy":"product_tag","embeddable":true,"href":"https:\/\/serverdedicato.lovenailsrivenditore.com\/index.php?rest_route=%2Fwp%2Fv2%2Fproduct_tag&post=36875"}],"curies":[{"name":"wp","href":"https:\/\/api.w.org\/{rel}","templated":true}]}}