{"id":36965,"date":"2025-10-09T09:16:07","date_gmt":"2025-10-09T07:16:07","guid":{"rendered":"https:\/\/serverdedicato.lovenailsrivenditore.com\/?product=molly-nails-lala-pink-by-monika-szlosarczyk-15gr"},"modified":"2026-04-20T13:25:38","modified_gmt":"2026-04-20T11:25:38","slug":"molly-nails-lala-pink-by-monika-szlosarczyk-15gr","status":"publish","type":"product","link":"https:\/\/serverdedicato.lovenailsrivenditore.com\/?product=molly-nails-lala-pink-by-monika-szlosarczyk-15gr","title":{"rendered":"MOLLY NAILS- LALA PINK By Monika Szl\u00f3sarczyk &#8211; 15gr"},"content":{"rendered":"<div class=\"lRu31\" dir=\"ltr\">\n<p>Gel costruttore autolivellante con memoria tissotropica, adatto a coperture\/refill e allungamenti sia con nail form che dual form.<\/p>\n<div id=\"ow10\">La sua consistenza permette di lavorare in modo rapido ed \u00e8 soprattutto adatto alla tecnica senza limatura.<\/div>\n<div>Ha una bassa temperatura di polimerizzazione il che permette di lavorare senza che la cliente avverti sensazione di calore.<\/div>\n<div><\/div>\n<div>\u00c8 perfetto per correggere e ricostruire ed \u00e8 indicato per persone di tutti i livelli di abilit\u00e0.<\/div>\n<div>Richiede l&#8217;utilizzo di una base.<\/div>\n<div>La sua colorazione molto naturale con copertura tra l&#8217;80\/90% \u00e8 indicata per creare babyboomer e french con effetto molto naturale.<\/div>\n<div>Polimerizza in 60s<\/div>\n<div>Pinzatura dopo 15\/20s<\/div>\n<div><\/div>\n<\/div>\n<div class=\"UdTY9 WdefRb\" aria-hidden=\"true\" data-location=\"2\"><\/div>\n","protected":false},"excerpt":{"rendered":"<p>Gel costruttore autolivellante con memoria tissotropica, adatto a coperture\/refill e allungamenti sia con nail form che dual form.<\/p>\n<div id=\"ow10\">La sua consistenza permette di lavorare in modo rapido ed \u00e8 soprattutto adatto alla tecnica senza limatura.<\/div>\n<div>Ha una bassa temperatura di polimerizzazione il che permette di lavorare senza che la cliente avverti sensazione di calore.<\/div>\n<div><\/div>\n<div>\u00c8 perfetto per correggere e ricostruire ed \u00e8 indicato per persone di tutti i livelli di abilit\u00e0.<\/div>\n<div>Richiede l&#8217;utilizzo di una base.<\/div>\n<div>La sua colorazione molto naturale con copertura tra l&#8217;80\/90% \u00e8 indicata per creare babyboomer e french con effetto molto naturale.<\/div>\n<div>Polimerizza in 60s<\/div>\n<div>Pinzatura dopo 15\/20s<\/div>\n","protected":false},"featured_media":36966,"comment_status":"closed","ping_status":"open","template":"","meta":[],"product_brand":[],"product_cat":[225,81],"product_tag":[509,227],"class_list":{"0":"post-36965","1":"product","2":"type-product","3":"status-publish","4":"has-post-thumbnail","6":"product_cat-costruttori-molly-lac","7":"product_cat-molly-lac","8":"product_tag-baby-boomer","9":"product_tag-costruttore","11":"first","12":"instock","13":"shipping-taxable","14":"purchasable","15":"product-type-simple"},"_links":{"self":[{"href":"https:\/\/serverdedicato.lovenailsrivenditore.com\/index.php?rest_route=\/wp\/v2\/product\/36965","targetHints":{"allow":["GET"]}}],"collection":[{"href":"https:\/\/serverdedicato.lovenailsrivenditore.com\/index.php?rest_route=\/wp\/v2\/product"}],"about":[{"href":"https:\/\/serverdedicato.lovenailsrivenditore.com\/index.php?rest_route=\/wp\/v2\/types\/product"}],"replies":[{"embeddable":true,"href":"https:\/\/serverdedicato.lovenailsrivenditore.com\/index.php?rest_route=%2Fwp%2Fv2%2Fcomments&post=36965"}],"wp:featuredmedia":[{"embeddable":true,"href":"https:\/\/serverdedicato.lovenailsrivenditore.com\/index.php?rest_route=\/wp\/v2\/media\/36966"}],"wp:attachment":[{"href":"https:\/\/serverdedicato.lovenailsrivenditore.com\/index.php?rest_route=%2Fwp%2Fv2%2Fmedia&parent=36965"}],"wp:term":[{"taxonomy":"product_brand","embeddable":true,"href":"https:\/\/serverdedicato.lovenailsrivenditore.com\/index.php?rest_route=%2Fwp%2Fv2%2Fproduct_brand&post=36965"},{"taxonomy":"product_cat","embeddable":true,"href":"https:\/\/serverdedicato.lovenailsrivenditore.com\/index.php?rest_route=%2Fwp%2Fv2%2Fproduct_cat&post=36965"},{"taxonomy":"product_tag","embeddable":true,"href":"https:\/\/serverdedicato.lovenailsrivenditore.com\/index.php?rest_route=%2Fwp%2Fv2%2Fproduct_tag&post=36965"}],"curies":[{"name":"wp","href":"https:\/\/api.w.org\/{rel}","templated":true}]}}